{"id":19524,"date":"2021-01-17T05:06:12","date_gmt":"2021-01-17T05:06:12","guid":{"rendered":"https:\/\/umbidesign.xyz\/?page_id=19524"},"modified":"2025-08-07T21:52:23","modified_gmt":"2025-08-07T21:52:23","slug":"conditions-generales-dutilisation","status":"publish","type":"page","link":"https:\/\/umbicap.com\/?page_id=19524&lang=fr","title":{"rendered":"Conditions g\u00e9n\u00e9rales d&#8217;utilisation"},"content":{"rendered":"\t\t<div data-elementor-type=\"wp-page\" data-elementor-id=\"19524\" class=\"elementor elementor-19524 elementor-6484\">\n\t\t\t\t\t\t<section class=\"elementor-section elementor-top-section elementor-element elementor-element-22d51328 elementor-section-boxed elementor-section-height-default elementor-section-height-default\" data-id=\"22d51328\" data-element_type=\"section\">\n\t\t\t\t\t\t<div class=\"elementor-container elementor-column-gap-default\">\n\t\t\t\t\t<div class=\"elementor-column elementor-col-100 elementor-top-column elementor-element elementor-element-5639855\" data-id=\"5639855\" data-element_type=\"column\">\n\t\t\t<div class=\"elementor-widget-wrap elementor-element-populated\">\n\t\t\t\t\t\t<div class=\"elementor-element elementor-element-1bb75c80 elementor-widget elementor-widget-text-editor\" data-id=\"1bb75c80\" data-element_type=\"widget\" data-widget_type=\"text-editor.default\">\n\t\t\t\t<div class=\"elementor-widget-container\">\n\t\t\t\t\t\t\t\t\t\n<p class=\"\" data-start=\"295\" data-end=\"664\">En acc\u00e9dant \u00e0 ce site web et en l&#8217;utilisant, l&#8217;utilisateur accepte les pr\u00e9sentes conditions g\u00e9n\u00e9rales. Si vous ne les acceptez pas, vous devez imm\u00e9diatement cesser d&#8217;utiliser le site. Ce site web a pour but de fournir des informations sur les services et les produits offerts par Umbicap, y compris des d\u00e9tails sur son emplacement, ses coordonn\u00e9es et d&#8217;autres informations pertinentes.<\/p>\n<p class=\"\" data-start=\"666\" data-end=\"941\">Tout le contenu de ce site, y compris les textes, les images, les logos, les graphiques et le design, est la propri\u00e9t\u00e9 d&#8217;Umbicap ou a \u00e9t\u00e9 utilis\u00e9 avec l&#8217;autorisation de tiers. Sa reproduction, sa modification ou sa distribution sans l&#8217;autorisation \u00e9crite d&#8217;Umbicap est express\u00e9ment interdite.<\/p>\n<p class=\"\" data-start=\"943\" data-end=\"1237\">Les donn\u00e9es personnelles sont trait\u00e9es conform\u00e9ment au r\u00e8glement g\u00e9n\u00e9ral sur la protection des donn\u00e9es (RGPD) et \u00e0 la l\u00e9gislation portugaise applicable. Pour plus d&#8217;informations sur le traitement des donn\u00e9es personnelles, nous vous recommandons de consulter la politique de confidentialit\u00e9 disponible sur ce site.<\/p>\n<p class=\"\" data-start=\"1239\" data-end=\"1391\">Ce site peut contenir des hyperliens vers des sites de tiers. Umbicap n&#8217;est pas responsable du contenu, des politiques ou des pratiques de ces sites externes.<\/p>\n<p class=\"\" data-start=\"1393\" data-end=\"1659\">Umbicap s&#8217;efforce de veiller \u00e0 ce que les informations fournies sur le site Web soient actuelles et exactes. Toutefois, elle ne garantit pas l&#8217;absence d&#8217;erreurs et n&#8217;assume aucune responsabilit\u00e9 pour les dommages r\u00e9sultant de l&#8217;utilisation du site ou des informations qu&#8217;il contient.<\/p>\n<p class=\"\" data-start=\"1661\" data-end=\"1861\">Umbicap se r\u00e9serve le droit de modifier ces conditions \u00e0 tout moment. Les modifications entrent en vigueur d\u00e8s qu&#8217;elles sont publi\u00e9es sur le site web. Nous vous recommandons de consulter r\u00e9guli\u00e8rement cette page.<\/p>\n<p class=\"\" data-start=\"1863\" data-end=\"2042\">Les pr\u00e9sentes conditions sont r\u00e9gies par le droit portugais. En cas de litige, les tribunaux de l&#8217;arrondissement o\u00f9 Umbicap a son si\u00e8ge social sont comp\u00e9tents, \u00e0 l&#8217;exclusion de toute autre juridiction.<\/p>\n\t\t\t\t\t\t\t\t<\/div>\n\t\t\t\t<\/div>\n\t\t\t\t\t<\/div>\n\t\t<\/div>\n\t\t\t\t\t<\/div>\n\t\t<\/section>\n\t\t\t\t<\/div>\n\t\t","protected":false},"excerpt":{"rendered":"<p>En acc\u00e9dant \u00e0 ce site web et en l&#8217;utilisant, l&#8217;utilisateur accepte les pr\u00e9sentes conditions g\u00e9n\u00e9rales. Si vous ne les acceptez pas, vous devez imm\u00e9diatement cesser d&#8217;utiliser le site. Ce site web a pour but de fournir des informations sur les services et les produits offerts par Umbicap, y compris des d\u00e9tails sur son emplacement, ses [&hellip;]<\/p>\n","protected":false},"author":1,"featured_media":0,"parent":0,"menu_order":0,"comment_status":"closed","ping_status":"closed","template":"","meta":{"footnotes":""},"class_list":["post-19524","page","type-page","status-publish","hentry"],"_links":{"self":[{"href":"https:\/\/umbicap.com\/index.php?rest_route=\/wp\/v2\/pages\/19524","targetHints":{"allow":["GET"]}}],"collection":[{"href":"https:\/\/umbicap.com\/index.php?rest_route=\/wp\/v2\/pages"}],"about":[{"href":"https:\/\/umbicap.com\/index.php?rest_route=\/wp\/v2\/types\/page"}],"author":[{"embeddable":true,"href":"https:\/\/umbicap.com\/index.php?rest_route=\/wp\/v2\/users\/1"}],"replies":[{"embeddable":true,"href":"https:\/\/umbicap.com\/index.php?rest_route=%2Fwp%2Fv2%2Fcomments&post=19524"}],"version-history":[{"count":1,"href":"https:\/\/umbicap.com\/index.php?rest_route=\/wp\/v2\/pages\/19524\/revisions"}],"predecessor-version":[{"id":19525,"href":"https:\/\/umbicap.com\/index.php?rest_route=\/wp\/v2\/pages\/19524\/revisions\/19525"}],"wp:attachment":[{"href":"https:\/\/umbicap.com\/index.php?rest_route=%2Fwp%2Fv2%2Fmedia&parent=19524"}],"curies":[{"name":"wp","href":"https:\/\/api.w.org\/{rel}","templated":true}]}}