{"id":19526,"date":"2021-01-17T05:06:12","date_gmt":"2021-01-17T05:06:12","guid":{"rendered":"https:\/\/umbidesign.xyz\/?page_id=19526"},"modified":"2025-08-07T21:52:24","modified_gmt":"2025-08-07T21:52:24","slug":"bedingungen-und-konditionen","status":"publish","type":"page","link":"https:\/\/umbicap.com\/?page_id=19526&lang=de","title":{"rendered":"Bedingungen und Konditionen"},"content":{"rendered":"\t\t<div data-elementor-type=\"wp-page\" data-elementor-id=\"19526\" class=\"elementor elementor-19526 elementor-6484\">\n\t\t\t\t\t\t<section class=\"elementor-section elementor-top-section elementor-element elementor-element-22d51328 elementor-section-boxed elementor-section-height-default elementor-section-height-default\" data-id=\"22d51328\" data-element_type=\"section\">\n\t\t\t\t\t\t<div class=\"elementor-container elementor-column-gap-default\">\n\t\t\t\t\t<div class=\"elementor-column elementor-col-100 elementor-top-column elementor-element elementor-element-5639855\" data-id=\"5639855\" data-element_type=\"column\">\n\t\t\t<div class=\"elementor-widget-wrap elementor-element-populated\">\n\t\t\t\t\t\t<div class=\"elementor-element elementor-element-1bb75c80 elementor-widget elementor-widget-text-editor\" data-id=\"1bb75c80\" data-element_type=\"widget\" data-widget_type=\"text-editor.default\">\n\t\t\t\t<div class=\"elementor-widget-container\">\n\t\t\t\t\t\t\t\t\t\n<p class=\"\" data-start=\"295\" data-end=\"664\">Mit dem Zugriff auf diese Website und ihrer Nutzung erkl\u00e4ren Sie sich mit diesen Bedingungen einverstanden. Wenn Sie mit ihnen nicht einverstanden sind, sollten Sie die Nutzung der Website unverz\u00fcglich einstellen. Diese Website dient der Information \u00fcber die von Umbicap angebotenen Dienstleistungen und Produkte, einschlie\u00dflich der Angabe des Standorts, der Kontaktdaten und anderer relevanter Informationen.  <\/p>\n<p class=\"\" data-start=\"666\" data-end=\"941\">Der gesamte Inhalt dieser Website, einschlie\u00dflich der Texte, Bilder, Logos, Grafiken und des Designs, ist Eigentum von Umbicap oder wurde mit Genehmigung Dritter verwendet. Ihre Vervielf\u00e4ltigung, \u00c4nderung oder Verbreitung ohne schriftliche Genehmigung von Umbicap ist ausdr\u00fccklich verboten. <\/p>\n<p class=\"\" data-start=\"943\" data-end=\"1237\">Die Verarbeitung personenbezogener Daten erfolgt in \u00dcbereinstimmung mit der Allgemeinen Datenschutzverordnung (GDPR) und den geltenden portugiesischen Rechtsvorschriften. F\u00fcr weitere Informationen \u00fcber die Verarbeitung personenbezogener Daten empfehlen wir Ihnen, die Datenschutzrichtlinie auf dieser Website zu lesen. <\/p>\n<p class=\"\" data-start=\"1239\" data-end=\"1391\">Diese Website kann Hyperlinks zu Websites Dritter enthalten. Umbicap ist nicht verantwortlich f\u00fcr den Inhalt, die Politik oder die Praktiken dieser externen Seiten. <\/p>\n<p class=\"\" data-start=\"1393\" data-end=\"1659\">Umbicap bem\u00fcht sich um die Aktualit\u00e4t und Richtigkeit der auf der Website bereitgestellten Informationen. Sie garantiert jedoch nicht die Fehlerfreiheit und \u00fcbernimmt keine Haftung f\u00fcr Sch\u00e4den, die sich aus der Nutzung der Website oder der darin enthaltenen Informationen ergeben. <\/p>\n<p class=\"\" data-start=\"1661\" data-end=\"1861\">Umbicap beh\u00e4lt sich das Recht vor, diese Allgemeinen Gesch\u00e4ftsbedingungen jederzeit zu \u00e4ndern. Die \u00c4nderungen treten in Kraft, sobald sie auf der Website ver\u00f6ffentlicht wurden. Es wird empfohlen, diese Seite regelm\u00e4\u00dfig zu konsultieren.  <\/p>\n<p class=\"\" data-start=\"1863\" data-end=\"2042\">Die vorliegenden Bedingungen unterliegen dem portugiesischen Recht. Im Falle eines Rechtsstreits sind die Gerichte des Bezirks, in dem Umbicap seinen Sitz hat, unter ausdr\u00fccklichem Verzicht auf jeden anderen Gerichtsstand zust\u00e4ndig. <\/p>\n\t\t\t\t\t\t\t\t<\/div>\n\t\t\t\t<\/div>\n\t\t\t\t\t<\/div>\n\t\t<\/div>\n\t\t\t\t\t<\/div>\n\t\t<\/section>\n\t\t\t\t<\/div>\n\t\t","protected":false},"excerpt":{"rendered":"<p>Mit dem Zugriff auf diese Website und ihrer Nutzung erkl\u00e4ren Sie sich mit diesen Bedingungen einverstanden. Wenn Sie mit ihnen nicht einverstanden sind, sollten Sie die Nutzung der Website unverz\u00fcglich einstellen. Diese Website dient der Information \u00fcber die von Umbicap angebotenen Dienstleistungen und Produkte, einschlie\u00dflich der Angabe des Standorts, der Kontaktdaten und anderer relevanter Informationen. [&hellip;]<\/p>\n","protected":false},"author":1,"featured_media":0,"parent":0,"menu_order":0,"comment_status":"closed","ping_status":"closed","template":"","meta":{"footnotes":""},"class_list":["post-19526","page","type-page","status-publish","hentry"],"_links":{"self":[{"href":"https:\/\/umbicap.com\/index.php?rest_route=\/wp\/v2\/pages\/19526","targetHints":{"allow":["GET"]}}],"collection":[{"href":"https:\/\/umbicap.com\/index.php?rest_route=\/wp\/v2\/pages"}],"about":[{"href":"https:\/\/umbicap.com\/index.php?rest_route=\/wp\/v2\/types\/page"}],"author":[{"embeddable":true,"href":"https:\/\/umbicap.com\/index.php?rest_route=\/wp\/v2\/users\/1"}],"replies":[{"embeddable":true,"href":"https:\/\/umbicap.com\/index.php?rest_route=%2Fwp%2Fv2%2Fcomments&post=19526"}],"version-history":[{"count":1,"href":"https:\/\/umbicap.com\/index.php?rest_route=\/wp\/v2\/pages\/19526\/revisions"}],"predecessor-version":[{"id":19527,"href":"https:\/\/umbicap.com\/index.php?rest_route=\/wp\/v2\/pages\/19526\/revisions\/19527"}],"wp:attachment":[{"href":"https:\/\/umbicap.com\/index.php?rest_route=%2Fwp%2Fv2%2Fmedia&parent=19526"}],"curies":[{"name":"wp","href":"https:\/\/api.w.org\/{rel}","templated":true}]}}