{"id":19534,"date":"2021-04-01T13:59:59","date_gmt":"2021-04-01T13:59:59","guid":{"rendered":"https:\/\/umbidesign.xyz\/?page_id=19534"},"modified":"2025-08-07T21:52:26","modified_gmt":"2025-08-07T21:52:26","slug":"politique-en-matiere-de-cookies","status":"publish","type":"page","link":"https:\/\/umbicap.com\/?page_id=19534&lang=fr","title":{"rendered":"Politique en mati\u00e8re de cookies"},"content":{"rendered":"\t\t<div data-elementor-type=\"wp-page\" data-elementor-id=\"19534\" class=\"elementor elementor-19534 elementor-855\">\n\t\t\t\t<div class=\"elementor-element elementor-element-1502c44 e-flex e-con-boxed e-con e-parent\" data-id=\"1502c44\" data-element_type=\"container\">\n\t\t\t\t\t<div class=\"e-con-inner\">\n\t\t\t\t<div class=\"elementor-element elementor-element-6baa95b elementor-widget elementor-widget-text-editor\" data-id=\"6baa95b\" data-element_type=\"widget\" data-widget_type=\"text-editor.default\">\n\t\t\t\t<div class=\"elementor-widget-container\">\n\t\t\t\t\t\t\t\t\t\n<p><strong>QUE SONT LES COOKIES ?<\/strong><br>Les cookies sont de petits fichiers d&#8217;information qui sont plac\u00e9s sur votre \u00e9quipement \u00e9lectronique et qui peuvent remplir diverses fonctions, telles que le stockage des pr\u00e9f\u00e9rences de l&#8217;utilisateur pour certains types d&#8217;informations ou le stockage des informations relatives \u00e0 votre visite sur chaque site web, dont le principal objectif est de d\u00e9tecter l&#8217;utilisateur lors de ses visites sur le site web et les param\u00e8tres de configuration respectifs.<br>L&#8217;utilisation de cookies sur Internet est courante et ne nuit pas aux ordinateurs des utilisateurs et aux autres \u00e9quipements \u00e9lectroniques utilis\u00e9s pour acc\u00e9der \u00e0 la toile.<\/p>\n<p><strong>QUELLES SONT LES FONCTIONS DES COOKIES ?<\/strong><br>Les cookies remplissent diverses fonctions, notamment aider le service de gestion et de mise \u00e0 jour des contenus du site \u00e0 mieux comprendre comment le site est utilis\u00e9, faciliter la navigation, m\u00e9moriser vos pr\u00e9f\u00e9rences et, en g\u00e9n\u00e9ral, am\u00e9liorer votre exp\u00e9rience d&#8217;utilisateur, ainsi que veiller \u00e0 ce que les sites pr\u00e9sentent des contenus pertinents pour chaque utilisateur. Il s&#8217;agit donc d&#8217;instruments permettant d&#8217;am\u00e9liorer continuellement l&#8217;exp\u00e9rience de l&#8217;utilisateur. <\/p>\n<p><strong>QUELS TYPES DE COOKIES UTILISONS-NOUS ?<\/strong><br>Il existe diff\u00e9rents types de cookies ayant des formes d&#8217;action et des objectifs diff\u00e9rents dans le cadre de votre navigation sur internet. Voici les cat\u00e9gories existantes que nous utilisons : <\/p>\n<p>&#8211; Cookies strictement n\u00e9cessaires : il s&#8217;agit de cookies essentiels car ils garantissent la navigation sur le site web et l&#8217;utilisation de ses fonctionnalit\u00e9s, y compris l&#8217;enregistrement du fait que l&#8217;utilisateur a autoris\u00e9 ou non l&#8217;utilisation de cookies par le site web. Ces cookies ne peuvent pas \u00eatre rejet\u00e9s lors de l&#8217;utilisation d&#8217;un site web.<br>Dur\u00e9e de conservation des donn\u00e9es collect\u00e9es dans ce cadre : un an apr\u00e8s la collecte. <\/p>\n<p>&#8211; Cookies fonctionnels : il s&#8217;agit de cookies qui permettent aux sites web de m\u00e9moriser des informations sur les choix effectu\u00e9s par l&#8217;utilisateur, tels que le nom d&#8217;utilisateur, la langue, la r\u00e9gion \u00e0 partir de laquelle l&#8217;utilisateur acc\u00e8de au site web, et de personnaliser l&#8217;exp\u00e9rience de navigation de l&#8217;utilisateur. Ces cookies expirent \u00e0 la fin de la session de l&#8217;utilisateur (par exemple, lorsque l&#8217;utilisateur ferme la fen\u00eatre du navigateur) ou peuvent rester plus longtemps pour m\u00e9moriser les pr\u00e9f\u00e9rences et les choix de l&#8217;utilisateur sur le site.<br>Dur\u00e9e de conservation des donn\u00e9es collect\u00e9es dans ce contexte : un an apr\u00e8s la collecte. <\/p>\n<p>&#8211; Cookies publicitaires : il s&#8217;agit de cookies qui collectent des informations sur les habitudes de l&#8217;utilisateur lorsqu&#8217;il utilise un navigateur, en enregistrant l&#8217;utilisation des sites web. Ils sont utilis\u00e9s pour soutenir des actions de marketing et de communication plus cibl\u00e9es, en permettant de distinguer et d&#8217;identifier les pr\u00e9f\u00e9rences d&#8217;utilisation individuelles ou de stocker un code permettant de traduire un ensemble d&#8217;habitudes ou de pr\u00e9f\u00e9rences d&#8217;utilisation.<br>Les cookies publicitaires que nous pouvons utiliser appartiennent \u00e0 Facebook et \u00e0 Google.<br>Dur\u00e9e de conservation des donn\u00e9es collect\u00e9es dans ce contexte : dix-huit mois \u00e0 compter de la collecte. <\/p>\n<p>&#8211; Cookies analytiques : ces cookies sont utilis\u00e9s pour analyser la mani\u00e8re dont les utilisateurs utilisent le site et pour contr\u00f4ler ses performances, par exemple, quelles sont les pages les plus visit\u00e9es ou si des messages d&#8217;erreur sont renvoy\u00e9s \u00e0 l&#8217;utilisateur. Cela permet d&#8217;offrir une exp\u00e9rience de qualit\u00e9 en personnalisant l&#8217;offre et en identifiant et corrigeant rapidement les probl\u00e8mes \u00e9ventuels. Ces cookies sont utilis\u00e9s \u00e0 des fins d&#8217;am\u00e9lioration continue et d&#8217;analyse statistique.<br>Nous utilisons \u00e0 cette fin l&#8217;outil Google Analytics, Facebook et ses cookies.<br>Dur\u00e9e de conservation des donn\u00e9es collect\u00e9es dans ce cadre : deux ans \u00e0 compter de leur collecte.  <\/p>\n<p><strong>COMMENT POUVEZ-VOUS G\u00c9RER VOS COOKIES ?<\/strong><br>Les navigateurs proposent diff\u00e9rents moyens de g\u00e9rer les cookies impl\u00e9ment\u00e9s par les sites web sur lesquels vous naviguez. Il n&#8217;existe pas de m\u00e9thode standard pour supprimer les cookies et, selon le navigateur que vous utilisez, il existe plusieurs m\u00e9thodes avanc\u00e9es de gestion des cookies. Cependant, tous les navigateurs permettent une suppression g\u00e9n\u00e9rale des cookies de votre ordinateur.<br>Nous vous rappelons que la d\u00e9sactivation des cookies signifie que toutes ou certaines des fonctionnalit\u00e9s disponibles peuvent \u00eatre inhib\u00e9es, ce qui p\u00e9nalise votre exp\u00e9rience de navigation.<br>Pour g\u00e9rer l&#8217;utilisation des cookies dans votre navigateur, suivez les \u00e9tapes suivantes :  <\/p>\n<p><strong>Google Chrome<\/strong><br>&#8211; S\u00e9lectionnez le menu &#8220;Param\u00e8tres&#8221; ;<br>&#8211; S\u00e9lectionnez l&#8217;option &#8220;Afficher les param\u00e8tres avanc\u00e9s&#8221; ;<br>&#8211; Sous &#8220;Confidentialit\u00e9&#8221;, s\u00e9lectionnez &#8220;Param\u00e8tres de contenu&#8221;.<\/p>\n<p><br><strong>Mozilla Firefox<\/strong><br>&#8211; S\u00e9lectionnez le menu &#8220;Outils&#8221; ;<br>&#8211; S\u00e9lectionnez l&#8217;option &#8220;Pr\u00e9f\u00e9rences&#8221; ;<br>&#8211; En haut, s\u00e9lectionnez l&#8217;ic\u00f4ne &#8220;Vie priv\u00e9e&#8221;.<\/p>\n<p><br><strong>Internet Explorer<\/strong><br>&#8211; S\u00e9lectionnez le menu &#8220;Outils&#8221; ;<br>&#8211; S\u00e9lectionnez l&#8217;option &#8220;Options Internet&#8221; ;<br>&#8211; S\u00e9lectionnez l&#8217;onglet &#8220;Confidentialit\u00e9&#8221;.<\/p>\n<p><br><strong>Safari<\/strong><br>&#8211; S\u00e9lectionnez le menu &#8220;\u00c9dition&#8221; ;<br>&#8211; S\u00e9lectionnez l&#8217;option &#8220;Pr\u00e9f\u00e9rences&#8221; ;<br>&#8211; En haut, s\u00e9lectionnez l&#8217;ic\u00f4ne &#8220;Vie priv\u00e9e&#8221;.<\/p>\n<p><br>Si vous utilisez plus d&#8217;un navigateur, vous devrez g\u00e9rer les cookies ind\u00e9pendamment pour chacun d&#8217;entre eux.<br>Plus d&#8217;informations sur les cookies \u00e0 l&#8217;adresse suivante : www.allaboutcookies.org<\/p>\n<p><strong>MISE \u00c0 JOUR DE LA POLITIQUE RELATIVE AUX COOKIES<\/strong><br>Nous nous r\u00e9servons le droit d&#8217;apporter \u00e0 tout moment des modifications \u00e0 la pr\u00e9sente politique relative aux cookies, qui seront d\u00fbment publi\u00e9es.<\/p>\n\t\t\t\t\t\t\t\t<\/div>\n\t\t\t\t<\/div>\n\t\t\t\t\t<\/div>\n\t\t\t\t<\/div>\n\t\t\t\t<\/div>\n\t\t","protected":false},"excerpt":{"rendered":"<p>QUE SONT LES COOKIES ?Les cookies sont de petits fichiers d&#8217;information qui sont plac\u00e9s sur votre \u00e9quipement \u00e9lectronique et qui peuvent remplir diverses fonctions, telles que le stockage des pr\u00e9f\u00e9rences de l&#8217;utilisateur pour certains types d&#8217;informations ou le stockage des informations relatives \u00e0 votre visite sur chaque site web, dont le principal objectif est de [&hellip;]<\/p>\n","protected":false},"author":1,"featured_media":0,"parent":0,"menu_order":0,"comment_status":"closed","ping_status":"closed","template":"","meta":{"footnotes":""},"class_list":["post-19534","page","type-page","status-publish","hentry"],"_links":{"self":[{"href":"https:\/\/umbicap.com\/index.php?rest_route=\/wp\/v2\/pages\/19534","targetHints":{"allow":["GET"]}}],"collection":[{"href":"https:\/\/umbicap.com\/index.php?rest_route=\/wp\/v2\/pages"}],"about":[{"href":"https:\/\/umbicap.com\/index.php?rest_route=\/wp\/v2\/types\/page"}],"author":[{"embeddable":true,"href":"https:\/\/umbicap.com\/index.php?rest_route=\/wp\/v2\/users\/1"}],"replies":[{"embeddable":true,"href":"https:\/\/umbicap.com\/index.php?rest_route=%2Fwp%2Fv2%2Fcomments&post=19534"}],"version-history":[{"count":3,"href":"https:\/\/umbicap.com\/index.php?rest_route=\/wp\/v2\/pages\/19534\/revisions"}],"predecessor-version":[{"id":19537,"href":"https:\/\/umbicap.com\/index.php?rest_route=\/wp\/v2\/pages\/19534\/revisions\/19537"}],"wp:attachment":[{"href":"https:\/\/umbicap.com\/index.php?rest_route=%2Fwp%2Fv2%2Fmedia&parent=19534"}],"curies":[{"name":"wp","href":"https:\/\/api.w.org\/{rel}","templated":true}]}}