{"id":19538,"date":"2021-04-01T13:59:59","date_gmt":"2021-04-01T13:59:59","guid":{"rendered":"https:\/\/umbidesign.xyz\/?page_id=19538"},"modified":"2025-08-07T21:52:27","modified_gmt":"2025-08-07T21:52:27","slug":"cookie-richtlinie","status":"publish","type":"page","link":"https:\/\/umbicap.com\/?page_id=19538&lang=de","title":{"rendered":"Cookie-Richtlinie"},"content":{"rendered":"\t\t<div data-elementor-type=\"wp-page\" data-elementor-id=\"19538\" class=\"elementor elementor-19538 elementor-855\">\n\t\t\t\t<div class=\"elementor-element elementor-element-1502c44 e-flex e-con-boxed e-con e-parent\" data-id=\"1502c44\" data-element_type=\"container\">\n\t\t\t\t\t<div class=\"e-con-inner\">\n\t\t\t\t<div class=\"elementor-element elementor-element-6baa95b elementor-widget elementor-widget-text-editor\" data-id=\"6baa95b\" data-element_type=\"widget\" data-widget_type=\"text-editor.default\">\n\t\t\t\t<div class=\"elementor-widget-container\">\n\t\t\t\t\t\t\t\t\t\n<p><strong>WAS SIND COOKIES?<\/strong><br>Cookies sind kleine Informationsdateien, die auf Ihren elektronischen Ger\u00e4ten platziert werden und verschiedene Funktionen erf\u00fcllen k\u00f6nnen, wie z. B. die Speicherung von Benutzerpr\u00e4ferenzen f\u00fcr bestimmte Arten von Informationen oder die Speicherung von Informationen \u00fcber Ihren Besuch auf jeder Website, deren Hauptzweck darin besteht, den Benutzer w\u00e4hrend seiner Besuche auf der Website und den entsprechenden Konfigurationsparametern zu erkennen.<br>Die Verwendung von Cookies im Internet ist \u00fcblich und schadet den Computern der Benutzer und anderen elektronischen Ger\u00e4ten, die f\u00fcr den Zugang zum Web verwendet werden, nicht.<\/p>\n<p><strong>WAS SIND DIE FUNKTIONEN VON COOKIES?<\/strong><br>Cookies erf\u00fcllen verschiedene Funktionen, u. a. helfen sie der Abteilung f\u00fcr die Verwaltung und Aktualisierung der Inhalte der Website, die Nutzung der Website besser zu verstehen, das Surfen zu erleichtern, Ihre Pr\u00e4ferenzen zu speichern und allgemein Ihre Nutzererfahrung zu verbessern, wobei sie auch sicherstellen, dass die Websites jedem Nutzer relevante Inhalte pr\u00e4sentieren. Sie sind somit ein Instrument zur kontinuierlichen Verbesserung der Nutzererfahrung. <\/p>\n<p><strong>WELCHE ARTEN VON COOKIES VERWENDEN WIR?<\/strong><br>Es gibt verschiedene Arten von Cookies mit unterschiedlichen Wirkungsweisen und Zwecken bei Ihrem Internet-Browsing. Hier sind die bestehenden Kategorien, die wir verwenden: <\/p>\n<p>&#8211; Streng notwendige Cookies: Es handelt sich um wesentliche Cookies, da sie die Navigation auf der Website und die Nutzung ihrer Funktionen gew\u00e4hrleisten, einschlie\u00dflich der Aufzeichnung, ob der Nutzer die Verwendung von Cookies durch die Website genehmigt hat oder nicht. Diese Cookies k\u00f6nnen bei der Nutzung einer Website nicht abgelehnt werden.<br>Aufbewahrungsfrist f\u00fcr die in diesem Zusammenhang erhobenen Daten: ein Jahr nach der Erhebung. <\/p>\n<p>&#8211; Funktionale Cookies: Dies sind Cookies, die es Websites erm\u00f6glichen, sich Informationen \u00fcber die vom Nutzer getroffenen Entscheidungen zu merken, wie z. B. Benutzername, Sprache, Region, aus der der Nutzer auf die Website zugreift, und das Surferlebnis des Nutzers zu personalisieren. Diese Cookies verfallen am Ende der Sitzung des Nutzers (z. B. wenn der Nutzer das Browserfenster schlie\u00dft) oder k\u00f6nnen l\u00e4nger verbleiben, um die Pr\u00e4ferenzen und Entscheidungen des Nutzers auf der Website zu speichern.<br>Aufbewahrungsfrist f\u00fcr die in diesem Zusammenhang erhobenen Daten: ein Jahr nach der Erhebung. <\/p>\n<p>&#8211; Werbe-Cookies: Dies sind Cookies, die Informationen \u00fcber die Gewohnheiten des Nutzers bei der Verwendung eines Browsers sammeln und die Nutzung von Websites aufzeichnen. Sie werden verwendet, um gezieltere Marketing- und Kommunikationsma\u00dfnahmen zu unterst\u00fctzen, indem sie es erm\u00f6glichen, individuelle Nutzungspr\u00e4ferenzen zu unterscheiden und zu identifizieren oder einen Code zu speichern, der es erlaubt, eine Reihe von Nutzungsgewohnheiten oder Pr\u00e4ferenzen zu \u00fcbersetzen.<br>Die von uns m\u00f6glicherweise verwendeten Werbe-Cookies geh\u00f6ren Facebook und Google.<br>Aufbewahrungsfrist f\u00fcr die in diesem Zusammenhang erhobenen Daten: achtzehn Monate nach der Erhebung. <\/p>\n<p>&#8211; Analytische Cookies: Diese Cookies werden verwendet, um zu analysieren, wie die Nutzer die Website nutzen, und um ihre Leistung zu \u00fcberwachen, z. B. welche Seiten am h\u00e4ufigsten besucht werden oder ob Fehlermeldungen an den Nutzer zur\u00fcckgegeben werden. Auf diese Weise kann ein qualitativ hochwertiges Erlebnis geboten werden, indem das Angebot personalisiert wird und auftretende Probleme schnell erkannt und behoben werden k\u00f6nnen. Diese Cookies werden zum Zweck der kontinuierlichen Verbesserung und statistischen Analyse verwendet.<br>Zu diesem Zweck verwenden wir das Tool Google Analytics, Facebook und seine Cookies.<br>Aufbewahrungsfrist f\u00fcr die in diesem Zusammenhang erhobenen Daten: zwei Jahre nach der Erhebung.  <\/p>\n<p><strong>WIE K\u00d6NNEN SIE IHRE COOKIES VERWALTEN?<\/strong><br>Die verschiedenen Browser bieten unterschiedliche M\u00f6glichkeiten zur Verwaltung der Cookies, die von den von Ihnen besuchten Websites eingesetzt werden. Es gibt keine Standardmethode zum Entfernen von Cookies, und je nach Browser, den Sie verwenden, gibt es verschiedene fortgeschrittene M\u00f6glichkeiten, sie zu verwalten. Alle Browser erlauben jedoch eine generelle Entfernung von Cookies von Ihrem Computer.<br>Wir weisen Sie darauf hin, dass die Deaktivierung von Cookies bedeutet, dass alle oder einige der verf\u00fcgbaren Funktionen eingeschr\u00e4nkt sein k\u00f6nnen, was Ihr Surferlebnis beeintr\u00e4chtigt.<br>Um die Verwendung von Cookies in Ihrem Browser zu verwalten, folgen Sie diesen Schritten:  <\/p>\n<p><strong>Google Chrome<\/strong><br>&#8211; W\u00e4hlen Sie das Men\u00fc &#8220;Einstellungen&#8221;;<br>&#8211; W\u00e4hlen Sie die Option &#8220;Erweiterte Einstellungen anzeigen&#8221;;<br>&#8211; W\u00e4hlen Sie unter &#8220;Datenschutz&#8221; die Option &#8220;Inhaltseinstellungen&#8221;.<\/p>\n<p><br><strong>Mozilla Firefox<\/strong><br>&#8211; W\u00e4hlen Sie das Men\u00fc &#8220;Extras&#8221;;<br>&#8211; W\u00e4hlen Sie die Option &#8220;Einstellungen&#8221;;<br>&#8211; W\u00e4hlen Sie oben das Symbol &#8220;Datenschutz&#8221;.<\/p>\n<p><br><strong>Internet Explorer<\/strong><br>&#8211; W\u00e4hlen Sie das Men\u00fc &#8220;Extras&#8221;;<br>&#8211; W\u00e4hlen Sie die Option &#8220;Internetoptionen&#8221;;<br>&#8211; W\u00e4hlen Sie die Registerkarte &#8220;Datenschutz&#8221;.<\/p>\n<p><br><strong>Safari<\/strong><br>&#8211; W\u00e4hlen Sie das Men\u00fc &#8220;Bearbeiten&#8221;;<br>&#8211; W\u00e4hlen Sie die Option &#8220;Einstellungen&#8221;;<br>&#8211; W\u00e4hlen Sie oben das Symbol &#8220;Datenschutz&#8221;.<\/p>\n<p><br>Wenn Sie mehr als einen Browser verwenden, m\u00fcssen Sie die Cookies f\u00fcr jeden Browser einzeln verwalten.<br>Weitere Informationen \u00fcber Cookies unter: www.allaboutcookies.org<\/p>\n<p><strong>AKTUALISIERUNG DER COOKIES-POLITIK<\/strong><br>Wir behalten uns das Recht vor, diese Cookie-Politik jederzeit zu \u00e4ndern, was ordnungsgem\u00e4\u00df bekannt gegeben wird.<\/p>\n\t\t\t\t\t\t\t\t<\/div>\n\t\t\t\t<\/div>\n\t\t\t\t\t<\/div>\n\t\t\t\t<\/div>\n\t\t\t\t<\/div>\n\t\t","protected":false},"excerpt":{"rendered":"<p>WAS SIND COOKIES?Cookies sind kleine Informationsdateien, die auf Ihren elektronischen Ger\u00e4ten platziert werden und verschiedene Funktionen erf\u00fcllen k\u00f6nnen, wie z. B. die Speicherung von Benutzerpr\u00e4ferenzen f\u00fcr bestimmte Arten von Informationen oder die Speicherung von Informationen \u00fcber Ihren Besuch auf jeder Website, deren Hauptzweck darin besteht, den Benutzer w\u00e4hrend seiner Besuche auf der Website und den [&hellip;]<\/p>\n","protected":false},"author":1,"featured_media":0,"parent":0,"menu_order":0,"comment_status":"closed","ping_status":"closed","template":"","meta":{"footnotes":""},"class_list":["post-19538","page","type-page","status-publish","hentry"],"_links":{"self":[{"href":"https:\/\/umbicap.com\/index.php?rest_route=\/wp\/v2\/pages\/19538","targetHints":{"allow":["GET"]}}],"collection":[{"href":"https:\/\/umbicap.com\/index.php?rest_route=\/wp\/v2\/pages"}],"about":[{"href":"https:\/\/umbicap.com\/index.php?rest_route=\/wp\/v2\/types\/page"}],"author":[{"embeddable":true,"href":"https:\/\/umbicap.com\/index.php?rest_route=\/wp\/v2\/users\/1"}],"replies":[{"embeddable":true,"href":"https:\/\/umbicap.com\/index.php?rest_route=%2Fwp%2Fv2%2Fcomments&post=19538"}],"version-history":[{"count":3,"href":"https:\/\/umbicap.com\/index.php?rest_route=\/wp\/v2\/pages\/19538\/revisions"}],"predecessor-version":[{"id":19541,"href":"https:\/\/umbicap.com\/index.php?rest_route=\/wp\/v2\/pages\/19538\/revisions\/19541"}],"wp:attachment":[{"href":"https:\/\/umbicap.com\/index.php?rest_route=%2Fwp%2Fv2%2Fmedia&parent=19538"}],"curies":[{"name":"wp","href":"https:\/\/api.w.org\/{rel}","templated":true}]}}