{"id":19555,"date":"2025-06-26T15:18:29","date_gmt":"2025-06-26T15:18:29","guid":{"rendered":"https:\/\/umbidesign.xyz\/?page_id=19555"},"modified":"2025-08-07T21:52:35","modified_gmt":"2025-08-07T21:52:35","slug":"politique-de-confidentialite","status":"publish","type":"page","link":"https:\/\/umbicap.com\/?page_id=19555&lang=fr","title":{"rendered":"Politique de confidentialit\u00e9"},"content":{"rendered":"\t\t<div data-elementor-type=\"wp-page\" data-elementor-id=\"19555\" class=\"elementor elementor-19555 elementor-3\">\n\t\t\t\t<div class=\"elementor-element elementor-element-4c5ec4a6 e-flex e-con-boxed e-con e-parent\" data-id=\"4c5ec4a6\" data-element_type=\"container\">\n\t\t\t\t\t<div class=\"e-con-inner\">\n\t\t\t\t<div class=\"elementor-element elementor-element-24a672a9 elementor-widget elementor-widget-text-editor\" data-id=\"24a672a9\" data-element_type=\"widget\" data-widget_type=\"text-editor.default\">\n\t\t\t\t<div class=\"elementor-widget-container\">\n\t\t\t\t\t\t\t\t\t\n<h6>Nous accordons une grande importance \u00e0 la protection de votre vie priv\u00e9e.<br>Nous avons pour politique de respecter votre vie priv\u00e9e en ce qui concerne les informations que nous pouvons recueillir aupr\u00e8s de vous sur notre site web ou sur d&#8217;autres sites web que nous poss\u00e9dons et exploitons.<\/h6>\n<p> <\/p>\n<p>Nous ne demandons des informations personnelles que lorsque nous en avons r\u00e9ellement besoin pour vous fournir un service.<br>Nous le faisons par des moyens justes et l\u00e9gaux, avec votre connaissance et votre consentement.<br>Nous vous expliquons \u00e9galement pourquoi nous recueillons ces informations et comment elles seront utilis\u00e9es.<\/p>\n<p>Nous ne conservons les informations collect\u00e9es que le temps n\u00e9cessaire pour fournir le service demand\u00e9.<br>Lorsque nous stockons des donn\u00e9es, nous les prot\u00e9geons par des moyens commercialement acceptables afin d&#8217;\u00e9viter la perte et le vol, ainsi que l&#8217;acc\u00e8s, la divulgation, la copie, l&#8217;utilisation ou la modification non autoris\u00e9s.<\/p>\n<p>Nous ne partageons pas les informations personnelles identifiables avec le public ou des tiers, sauf si la loi l&#8217;exige.<\/p>\n<p>Notre site web peut contenir des liens vers des sites web externes qui ne sont pas exploit\u00e9s par nous.<br>Veuillez noter que nous n&#8217;avons aucun contr\u00f4le sur le contenu et les pratiques de ces sites web et que nous ne pouvons \u00eatre tenus responsables de leurs politiques respectives en mati\u00e8re de protection de la vie priv\u00e9e.<\/p>\n<p>Vous \u00eates libre de refuser notre demande d&#8217;informations personnelles, \u00e9tant entendu que nous pourrions ne pas \u00eatre en mesure de vous fournir certains des services dont vous avez besoin.<\/p>\n<p>Votre utilisation continue de notre site web sera consid\u00e9r\u00e9e comme une acceptation de nos pratiques en mati\u00e8re de protection de la vie priv\u00e9e et des informations personnelles.<br>Si vous avez des questions sur la mani\u00e8re dont nous traitons les donn\u00e9es des utilisateurs et les informations personnelles, n&#8217;h\u00e9sitez pas \u00e0 nous contacter.<\/p>\n<p>Le service Google AdSense que nous utilisons pour diffuser de la publicit\u00e9 utilise un cookie DoubleClick pour diffuser des annonces plus pertinentes sur le web et limiter le nombre de fois qu&#8217;une annonce particuli\u00e8re vous est montr\u00e9e.<br>Pour plus d&#8217;informations sur Google AdSense, consultez les FAQ officielles sur la confidentialit\u00e9 de Google AdSense.<br>Nous utilisons des annonces pour compenser les co\u00fbts de fonctionnement de ce site et pour financer les d\u00e9veloppements futurs. Les cookies de publicit\u00e9 comportementale utilis\u00e9s par ce site sont con\u00e7us pour s&#8217;assurer que vous recevez les publicit\u00e9s les plus pertinentes possible, en suivant de mani\u00e8re anonyme vos centres d&#8217;int\u00e9r\u00eat et en vous pr\u00e9sentant des choses similaires susceptibles de vous int\u00e9resser.<br>Divers partenaires font de la publicit\u00e9 en notre nom et les cookies de suivi des affili\u00e9s nous permettent simplement de voir si nos clients ont acc\u00e9d\u00e9 au site via l&#8217;un des sites de nos partenaires, afin que nous puissions les cr\u00e9diter de mani\u00e8re appropri\u00e9e et, le cas \u00e9ch\u00e9ant, permettre \u00e0 nos partenaires affili\u00e9s de proposer des promotions qui pourraient vous donner l&#8217;occasion d&#8217;effectuer un achat.<br>Engagement de l&#8217;utilisateur<br>L&#8217;utilisateur s&#8217;engage \u00e0 faire un usage appropri\u00e9 du contenu et des informations que nous proposons sur le site web, et ce, \u00e0 titre d&#8217;exemple mais sans s&#8217;y limiter :<\/p>\n<p>A) Ne pas se livrer \u00e0 des activit\u00e9s ill\u00e9gales ou contraires \u00e0 la bonne foi ou \u00e0 l&#8217;ordre public ;<br>B) Ne pas diffuser de propagande ou de contenu \u00e0 caract\u00e8re raciste, x\u00e9nophobe, b\u00e9b\u00eate ou de jeu, tout type de pornographie ill\u00e9gale, d&#8217;apologie du terrorisme ou contre les droits de l&#8217;homme ;<br>C) Ne pas causer de dommages aux syst\u00e8mes physiques (hardware) et logiques (software) de notre site web, de ses fournisseurs ou de tiers, introduire ou diffuser des virus informatiques ou tout autre syst\u00e8me hardware ou software capable de causer les dommages susmentionn\u00e9s.<\/p>\n<p>Plus d&#8217;informations<br>Nous esp\u00e9rons que cela est clair et, comme mentionn\u00e9 ci-dessus, si vous n&#8217;\u00eates pas s\u00fbr d&#8217;avoir besoin de quelque chose, il est g\u00e9n\u00e9ralement plus s\u00fbr de laisser les cookies activ\u00e9s si vous interagissez avec l&#8217;une des fonctions que vous utilisez sur notre site web.<\/p>\t\t\t\t\t\t\t\t<\/div>\n\t\t\t\t<\/div>\n\t\t\t\t\t<\/div>\n\t\t\t\t<\/div>\n\t\t\t\t<\/div>\n\t\t","protected":false},"excerpt":{"rendered":"<p>Nous accordons une grande importance \u00e0 la protection de votre vie priv\u00e9e.Nous avons pour politique de respecter votre vie priv\u00e9e en ce qui concerne les informations que nous pouvons recueillir aupr\u00e8s de vous sur notre site web ou sur d&#8217;autres sites web que nous poss\u00e9dons et exploitons. Nous ne demandons des informations personnelles que lorsque [&hellip;]<\/p>\n","protected":false},"author":1,"featured_media":0,"parent":0,"menu_order":0,"comment_status":"closed","ping_status":"open","template":"","meta":{"footnotes":""},"class_list":["post-19555","page","type-page","status-publish","hentry"],"_links":{"self":[{"href":"https:\/\/umbicap.com\/index.php?rest_route=\/wp\/v2\/pages\/19555","targetHints":{"allow":["GET"]}}],"collection":[{"href":"https:\/\/umbicap.com\/index.php?rest_route=\/wp\/v2\/pages"}],"about":[{"href":"https:\/\/umbicap.com\/index.php?rest_route=\/wp\/v2\/types\/page"}],"author":[{"embeddable":true,"href":"https:\/\/umbicap.com\/index.php?rest_route=\/wp\/v2\/users\/1"}],"replies":[{"embeddable":true,"href":"https:\/\/umbicap.com\/index.php?rest_route=%2Fwp%2Fv2%2Fcomments&post=19555"}],"version-history":[{"count":3,"href":"https:\/\/umbicap.com\/index.php?rest_route=\/wp\/v2\/pages\/19555\/revisions"}],"predecessor-version":[{"id":19558,"href":"https:\/\/umbicap.com\/index.php?rest_route=\/wp\/v2\/pages\/19555\/revisions\/19558"}],"wp:attachment":[{"href":"https:\/\/umbicap.com\/index.php?rest_route=%2Fwp%2Fv2%2Fmedia&parent=19555"}],"curies":[{"name":"wp","href":"https:\/\/api.w.org\/{rel}","templated":true}]}}