{"id":10074,"date":"2025-07-29T03:52:15","date_gmt":"2025-07-29T03:52:15","guid":{"rendered":"https:\/\/umbidesign.xyz\/?post_type=product&#038;p=10074"},"modified":"2025-08-10T13:59:57","modified_gmt":"2025-08-10T13:59:57","slug":"saia-serena-desportiva-0307","status":"publish","type":"product","link":"https:\/\/umbicap.com\/?produto=saia-serena-desportiva-0307","title":{"rendered":"Saia SERENA desportiva 0307"},"content":{"rendered":"\t\t<div data-elementor-type=\"wp-post\" data-elementor-id=\"10074\" class=\"elementor elementor-10074\">\n\t\t\t\t<div class=\"elementor-element elementor-element-386d97ed e-flex e-con-boxed e-con e-parent\" data-id=\"386d97ed\" data-element_type=\"container\">\n\t\t\t\t\t<div class=\"e-con-inner\">\n\t\t\t\t<div class=\"elementor-element elementor-element-50161d52 elementor-widget elementor-widget-text-editor\" data-id=\"50161d52\" data-element_type=\"widget\" data-widget_type=\"text-editor.default\">\n\t\t\t\t<div class=\"elementor-widget-container\">\n\t\t\t\t\t\t\t\t\t<p class=\"composition-text\" data-v-0dde63d0=\"\">Material:<br \/>&#8211; Saia: <strong>90% poli\u00e9ster reciclado \/ 10% elastano<br \/><\/strong>&#8211; Malha: <strong>84% poli\u00e9ster reciclado \/ 16% elastano<\/strong><br \/>&#8211; <strong>100 g\/m\u00b2<\/strong>.<\/p><ul><li class=\"observation-text\">Etiqueta removible<\/li><\/ul>\t\t\t\t\t\t\t\t<\/div>\n\t\t\t\t<\/div>\n\t\t\t\t\t<\/div>\n\t\t\t\t<\/div>\n\t\t\t\t<\/div>\n\t\t","protected":false},"excerpt":{"rendered":"<p class=\"product-short-desc \" data-v-0dde63d0=\"\"><strong>Saia t\u00e9cnica leve e el\u00e1stica para mulher em poli\u00e9ster reciclado.<\/strong><\/p>\n<p class=\"product-short-desc \" data-v-0dde63d0=\"\">Cintura el\u00e1stica com cord\u00f5es e el\u00e1stico nas costas.<br \/>\nCal\u00e7\u00f5es interiores com bolso na perna esquerda.<br \/>\nCostura com bainha selada a quente.<br \/>\nCombinado com tecido microperfurado para maior respirabilidade.<\/p>\n","protected":false},"featured_media":10077,"comment_status":"closed","ping_status":"closed","template":"","meta":[],"product_brand":[],"product_cat":[15,172,166],"product_tag":[],"class_list":{"0":"post-10074","1":"product","2":"type-product","3":"status-publish","4":"has-post-thumbnail","6":"product_cat-all-products","7":"product_cat-skirt","8":"product_cat-sport","10":"first","11":"instock","12":"featured","13":"shipping-taxable","14":"purchasable","15":"product-type-variable"},"_links":{"self":[{"href":"https:\/\/umbicap.com\/index.php?rest_route=\/wp\/v2\/product\/10074","targetHints":{"allow":["GET"]}}],"collection":[{"href":"https:\/\/umbicap.com\/index.php?rest_route=\/wp\/v2\/product"}],"about":[{"href":"https:\/\/umbicap.com\/index.php?rest_route=\/wp\/v2\/types\/product"}],"replies":[{"embeddable":true,"href":"https:\/\/umbicap.com\/index.php?rest_route=%2Fwp%2Fv2%2Fcomments&post=10074"}],"version-history":[{"count":5,"href":"https:\/\/umbicap.com\/index.php?rest_route=\/wp\/v2\/product\/10074\/revisions"}],"predecessor-version":[{"id":10094,"href":"https:\/\/umbicap.com\/index.php?rest_route=\/wp\/v2\/product\/10074\/revisions\/10094"}],"wp:featuredmedia":[{"embeddable":true,"href":"https:\/\/umbicap.com\/index.php?rest_route=\/wp\/v2\/media\/10077"}],"wp:attachment":[{"href":"https:\/\/umbicap.com\/index.php?rest_route=%2Fwp%2Fv2%2Fmedia&parent=10074"}],"wp:term":[{"taxonomy":"product_brand","embeddable":true,"href":"https:\/\/umbicap.com\/index.php?rest_route=%2Fwp%2Fv2%2Fproduct_brand&post=10074"},{"taxonomy":"product_cat","embeddable":true,"href":"https:\/\/umbicap.com\/index.php?rest_route=%2Fwp%2Fv2%2Fproduct_cat&post=10074"},{"taxonomy":"product_tag","embeddable":true,"href":"https:\/\/umbicap.com\/index.php?rest_route=%2Fwp%2Fv2%2Fproduct_tag&post=10074"}],"curies":[{"name":"wp","href":"https:\/\/api.w.org\/{rel}","templated":true}]}}