{"id":10121,"date":"2025-07-29T04:08:48","date_gmt":"2025-07-29T04:08:48","guid":{"rendered":"https:\/\/umbidesign.xyz\/?post_type=product&#038;p=10121"},"modified":"2025-08-10T13:59:56","modified_gmt":"2025-08-10T13:59:56","slug":"calcoes-spiro-desportivo-6705","status":"publish","type":"product","link":"https:\/\/umbicap.com\/?produto=calcoes-spiro-desportivo-6705","title":{"rendered":"Cal\u00e7\u00f5es SPORT desportivo 6705"},"content":{"rendered":"\t\t<div data-elementor-type=\"wp-post\" data-elementor-id=\"10121\" class=\"elementor elementor-10121\">\n\t\t\t\t<div class=\"elementor-element elementor-element-386d97ed e-flex e-con-boxed e-con e-parent\" data-id=\"386d97ed\" data-element_type=\"container\">\n\t\t\t\t\t<div class=\"e-con-inner\">\n\t\t\t\t<div class=\"elementor-element elementor-element-50161d52 elementor-widget elementor-widget-text-editor\" data-id=\"50161d52\" data-element_type=\"widget\" data-widget_type=\"text-editor.default\">\n\t\t\t\t<div class=\"elementor-widget-container\">\n\t\t\t\t\t\t\t\t\t<p data-v-0dde63d0=\"\"><em>Modelo:<\/em><br \/><em>Tamanho M | Altura 182 cm<\/em><\/p><p class=\"composition-text\" data-v-0dde63d0=\"\">Material:<br \/>&#8211; <strong>100% algod\u00e3o<\/strong>, ponto liso<br \/>&#8211; <strong>200 g\/m\u00b2<\/strong>.<br \/>&#8211; Cor <em>Melange Grey<\/em>: <strong>85% algod\u00e3o \/ 15% viscosa<\/strong>.<\/p><ul><li class=\"observation-text\">Etiqueta remov\u00edvel.<\/li><li class=\"observation-text\"><b>Tamanhos crian\u00e7a dispon\u00edveis <\/b>em todas as cores.<\/li><\/ul>\t\t\t\t\t\t\t\t<\/div>\n\t\t\t\t<\/div>\n\t\t\t\t\t<\/div>\n\t\t\t\t<\/div>\n\t\t\t\t<\/div>\n\t\t","protected":false},"excerpt":{"rendered":"<p class=\"product-short-desc \" data-v-0dde63d0=\"\"><strong>Cal\u00e7\u00e3o unisexo com bolsos laterais e cintura el\u00e1stica com cord\u00e3o ajust\u00e1vel.<\/strong><\/p>\n<p class=\"product-short-desc \" data-v-0dde63d0=\"\"><b>Tamanhos crian\u00e7a dispon\u00edveis <\/b>em todas as cores<\/p>\n","protected":false},"featured_media":10127,"comment_status":"closed","ping_status":"closed","template":"","meta":[],"product_brand":[],"product_cat":[15,179,180,178,166],"product_tag":[],"class_list":{"0":"post-10121","1":"product","2":"type-product","3":"status-publish","4":"has-post-thumbnail","6":"product_cat-all-products","7":"product_cat-kids","8":"product_cat-kids-sport","9":"product_cat-shorts-sport","10":"product_cat-sport","12":"first","13":"instock","14":"featured","15":"shipping-taxable","16":"purchasable","17":"product-type-variable"},"_links":{"self":[{"href":"https:\/\/umbicap.com\/index.php?rest_route=\/wp\/v2\/product\/10121","targetHints":{"allow":["GET"]}}],"collection":[{"href":"https:\/\/umbicap.com\/index.php?rest_route=\/wp\/v2\/product"}],"about":[{"href":"https:\/\/umbicap.com\/index.php?rest_route=\/wp\/v2\/types\/product"}],"replies":[{"embeddable":true,"href":"https:\/\/umbicap.com\/index.php?rest_route=%2Fwp%2Fv2%2Fcomments&post=10121"}],"version-history":[{"count":5,"href":"https:\/\/umbicap.com\/index.php?rest_route=\/wp\/v2\/product\/10121\/revisions"}],"predecessor-version":[{"id":10211,"href":"https:\/\/umbicap.com\/index.php?rest_route=\/wp\/v2\/product\/10121\/revisions\/10211"}],"wp:featuredmedia":[{"embeddable":true,"href":"https:\/\/umbicap.com\/index.php?rest_route=\/wp\/v2\/media\/10127"}],"wp:attachment":[{"href":"https:\/\/umbicap.com\/index.php?rest_route=%2Fwp%2Fv2%2Fmedia&parent=10121"}],"wp:term":[{"taxonomy":"product_brand","embeddable":true,"href":"https:\/\/umbicap.com\/index.php?rest_route=%2Fwp%2Fv2%2Fproduct_brand&post=10121"},{"taxonomy":"product_cat","embeddable":true,"href":"https:\/\/umbicap.com\/index.php?rest_route=%2Fwp%2Fv2%2Fproduct_cat&post=10121"},{"taxonomy":"product_tag","embeddable":true,"href":"https:\/\/umbicap.com\/index.php?rest_route=%2Fwp%2Fv2%2Fproduct_tag&post=10121"}],"curies":[{"name":"wp","href":"https:\/\/api.w.org\/{rel}","templated":true}]}}