{"id":10149,"date":"2025-07-29T07:55:32","date_gmt":"2025-07-29T07:55:32","guid":{"rendered":"https:\/\/umbidesign.xyz\/?post_type=product&#038;p=10149"},"modified":"2025-08-10T13:59:56","modified_gmt":"2025-08-10T13:59:56","slug":"calcoes-zip-betis-desportivo-0419","status":"publish","type":"product","link":"https:\/\/umbicap.com\/?produto=calcoes-zip-betis-desportivo-0419","title":{"rendered":"Cal\u00e7\u00f5es zip BETIS desportivo 0419"},"content":{"rendered":"\t\t<div data-elementor-type=\"wp-post\" data-elementor-id=\"10149\" class=\"elementor elementor-10149\">\n\t\t\t\t<div class=\"elementor-element elementor-element-386d97ed e-flex e-con-boxed e-con e-parent\" data-id=\"386d97ed\" data-element_type=\"container\">\n\t\t\t\t\t<div class=\"e-con-inner\">\n\t\t\t\t<div class=\"elementor-element elementor-element-50161d52 elementor-widget elementor-widget-text-editor\" data-id=\"50161d52\" data-element_type=\"widget\" data-widget_type=\"text-editor.default\">\n\t\t\t\t<div class=\"elementor-widget-container\">\n\t\t\t\t\t\t\t\t\t<p data-v-0dde63d0=\"\"><em>Modelo:<\/em><br \/><em>Tamanho M | Altura 182 cm<\/em><\/p><div class=\"mb-3 d-flex flex-column\" data-v-0dde63d0=\"\"><p class=\"composition-text\" data-v-0dde63d0=\"\">Material:<br \/>&#8211; <strong>63% algod\u00e3o \/ 37% poli\u00e9ster<\/strong>, interlock<br \/>&#8211; <strong>270 g\/m\u00b2<\/strong>.<\/p><ul><li class=\"observation-text\">Etiqueta remov\u00edvel.<\/li><\/ul><\/div>\t\t\t\t\t\t\t\t<\/div>\n\t\t\t\t<\/div>\n\t\t\t\t\t<\/div>\n\t\t\t\t<\/div>\n\t\t\t\t<\/div>\n\t\t","protected":false},"excerpt":{"rendered":"<p class=\"product-short-desc \" data-v-0dde63d0=\"\"><strong>Cal\u00e7\u00e3o curto com cintura el\u00e1stica e cord\u00e3o, com ilhoses met\u00e1licas.<\/strong><\/p>\n<p class=\"product-short-desc \" data-v-0dde63d0=\"\">Dois bolsos laterais com fechos invertidos no mesmo tom e puxador.<br \/>\nEncaixe lateral no mesmo tecido.<br \/>\nAdorno de braguilha cosido.<br \/>\nBolso traseiro com bot\u00e3o de press\u00e3o.<\/p>\n","protected":false},"featured_media":10164,"comment_status":"closed","ping_status":"closed","template":"","meta":[],"product_brand":[],"product_cat":[15,178,166],"product_tag":[],"class_list":{"0":"post-10149","1":"product","2":"type-product","3":"status-publish","4":"has-post-thumbnail","6":"product_cat-all-products","7":"product_cat-shorts-sport","8":"product_cat-sport","10":"first","11":"instock","12":"featured","13":"shipping-taxable","14":"purchasable","15":"product-type-variable"},"_links":{"self":[{"href":"https:\/\/umbicap.com\/index.php?rest_route=\/wp\/v2\/product\/10149","targetHints":{"allow":["GET"]}}],"collection":[{"href":"https:\/\/umbicap.com\/index.php?rest_route=\/wp\/v2\/product"}],"about":[{"href":"https:\/\/umbicap.com\/index.php?rest_route=\/wp\/v2\/types\/product"}],"replies":[{"embeddable":true,"href":"https:\/\/umbicap.com\/index.php?rest_route=%2Fwp%2Fv2%2Fcomments&post=10149"}],"version-history":[{"count":5,"href":"https:\/\/umbicap.com\/index.php?rest_route=\/wp\/v2\/product\/10149\/revisions"}],"predecessor-version":[{"id":10173,"href":"https:\/\/umbicap.com\/index.php?rest_route=\/wp\/v2\/product\/10149\/revisions\/10173"}],"wp:featuredmedia":[{"embeddable":true,"href":"https:\/\/umbicap.com\/index.php?rest_route=\/wp\/v2\/media\/10164"}],"wp:attachment":[{"href":"https:\/\/umbicap.com\/index.php?rest_route=%2Fwp%2Fv2%2Fmedia&parent=10149"}],"wp:term":[{"taxonomy":"product_brand","embeddable":true,"href":"https:\/\/umbicap.com\/index.php?rest_route=%2Fwp%2Fv2%2Fproduct_brand&post=10149"},{"taxonomy":"product_cat","embeddable":true,"href":"https:\/\/umbicap.com\/index.php?rest_route=%2Fwp%2Fv2%2Fproduct_cat&post=10149"},{"taxonomy":"product_tag","embeddable":true,"href":"https:\/\/umbicap.com\/index.php?rest_route=%2Fwp%2Fv2%2Fproduct_tag&post=10149"}],"curies":[{"name":"wp","href":"https:\/\/api.w.org\/{rel}","templated":true}]}}