{"id":10380,"date":"2025-07-29T15:10:52","date_gmt":"2025-07-29T15:10:52","guid":{"rendered":"https:\/\/umbidesign.xyz\/?post_type=product&#038;p=10380"},"modified":"2025-08-10T13:58:36","modified_gmt":"2025-08-10T13:58:36","slug":"fato-de-trenio-evans-6402-copy","status":"publish","type":"product","link":"https:\/\/umbicap.com\/?produto=fato-de-trenio-evans-6402-copy","title":{"rendered":"Fato de trenio EVANS 6402"},"content":{"rendered":"\t\t<div data-elementor-type=\"wp-post\" data-elementor-id=\"10380\" class=\"elementor elementor-10380\">\n\t\t\t\t<div class=\"elementor-element elementor-element-386d97ed e-flex e-con-boxed e-con e-parent\" data-id=\"386d97ed\" data-element_type=\"container\">\n\t\t\t\t\t<div class=\"e-con-inner\">\n\t\t\t\t<div class=\"elementor-element elementor-element-50161d52 elementor-widget elementor-widget-text-editor\" data-id=\"50161d52\" data-element_type=\"widget\" data-widget_type=\"text-editor.default\">\n\t\t\t\t<div class=\"elementor-widget-container\">\n\t\t\t\t\t\t\t\t\t<p class=\"composition-text\" data-v-0dde63d0=\"\">Material:<br \/>&#8211; <strong>100% poli\u00e9ster<\/strong> interlock<br \/>&#8211; <strong>225 g\/m\u00b2<\/strong>.<\/p><ul><li class=\"observation-text\">Etiqueta remov\u00edvel.<br \/><br \/><\/li><li class=\"observation-text\"><b>Tamanhos crian\u00e7a dispon\u00edveis\u00a0<\/b>em todas as cores.<\/li><\/ul>\t\t\t\t\t\t\t\t<\/div>\n\t\t\t\t<\/div>\n\t\t\t\t\t<\/div>\n\t\t\t\t<\/div>\n\t\t\t\t<\/div>\n\t\t","protected":false},"excerpt":{"rendered":"<p class=\"product-short-desc \" data-v-0dde63d0=\"\"><strong>Fato de treino em tecido leve e el\u00e1stico.<\/strong><\/p>\n<ul>\n<li class=\"product-short-desc \">Casaco com cor contrastante e acabamentos de costura no peito.<\/li>\n<li class=\"product-short-desc \">Gola alta com costuras em contraste.<\/li>\n<li class=\"product-short-desc \">Fecho central \u00b7 Bolsos laterais.<\/li>\n<li class=\"product-short-desc \">Punhos e cintura canelados 2&#215;2.<\/li>\n<li class=\"product-short-desc \">Cal\u00e7as com cintura el\u00e1stica e cord\u00e3o de ajuste.<\/li>\n<li class=\"product-short-desc \">Pe\u00e7a lateral em contraste com acabamento de costura.<\/li>\n<li class=\"product-short-desc \">Bainha com fecho.<\/li>\n<\/ul>\n<p class=\"p1\"><b>Tamanhos crian\u00e7a dispon\u00edveis\u00a0<\/b>em todas as cores.<\/p>\n","protected":false},"featured_media":10331,"comment_status":"closed","ping_status":"closed","template":"","meta":[],"product_brand":[],"product_cat":[15,179,180,166,176],"product_tag":[],"class_list":{"0":"post-10380","1":"product","2":"type-product","3":"status-publish","4":"has-post-thumbnail","6":"product_cat-all-products","7":"product_cat-kids","8":"product_cat-kids-sport","9":"product_cat-sport","10":"product_cat-tracksuit","12":"first","13":"instock","14":"featured","15":"shipping-taxable","16":"purchasable","17":"product-type-variable"},"_links":{"self":[{"href":"https:\/\/umbicap.com\/index.php?rest_route=\/wp\/v2\/product\/10380","targetHints":{"allow":["GET"]}}],"collection":[{"href":"https:\/\/umbicap.com\/index.php?rest_route=\/wp\/v2\/product"}],"about":[{"href":"https:\/\/umbicap.com\/index.php?rest_route=\/wp\/v2\/types\/product"}],"replies":[{"embeddable":true,"href":"https:\/\/umbicap.com\/index.php?rest_route=%2Fwp%2Fv2%2Fcomments&post=10380"}],"version-history":[{"count":2,"href":"https:\/\/umbicap.com\/index.php?rest_route=\/wp\/v2\/product\/10380\/revisions"}],"predecessor-version":[{"id":10416,"href":"https:\/\/umbicap.com\/index.php?rest_route=\/wp\/v2\/product\/10380\/revisions\/10416"}],"wp:featuredmedia":[{"embeddable":true,"href":"https:\/\/umbicap.com\/index.php?rest_route=\/wp\/v2\/media\/10331"}],"wp:attachment":[{"href":"https:\/\/umbicap.com\/index.php?rest_route=%2Fwp%2Fv2%2Fmedia&parent=10380"}],"wp:term":[{"taxonomy":"product_brand","embeddable":true,"href":"https:\/\/umbicap.com\/index.php?rest_route=%2Fwp%2Fv2%2Fproduct_brand&post=10380"},{"taxonomy":"product_cat","embeddable":true,"href":"https:\/\/umbicap.com\/index.php?rest_route=%2Fwp%2Fv2%2Fproduct_cat&post=10380"},{"taxonomy":"product_tag","embeddable":true,"href":"https:\/\/umbicap.com\/index.php?rest_route=%2Fwp%2Fv2%2Fproduct_tag&post=10380"}],"curies":[{"name":"wp","href":"https:\/\/api.w.org\/{rel}","templated":true}]}}