{"id":10388,"date":"2025-07-29T15:10:54","date_gmt":"2025-07-29T15:10:54","guid":{"rendered":"https:\/\/umbidesign.xyz\/?post_type=product&#038;p=10388"},"modified":"2025-08-10T13:58:36","modified_gmt":"2025-08-10T13:58:36","slug":"fato-de-trenio-athenas-0039","status":"publish","type":"product","link":"https:\/\/umbicap.com\/?produto=fato-de-trenio-athenas-0039","title":{"rendered":"Fato de trenio ATHENAS 0039"},"content":{"rendered":"\t\t<div data-elementor-type=\"wp-post\" data-elementor-id=\"10388\" class=\"elementor elementor-10388\">\n\t\t\t\t<div class=\"elementor-element elementor-element-386d97ed e-flex e-con-boxed e-con e-parent\" data-id=\"386d97ed\" data-element_type=\"container\">\n\t\t\t\t\t<div class=\"e-con-inner\">\n\t\t\t\t<div class=\"elementor-element elementor-element-50161d52 elementor-widget elementor-widget-text-editor\" data-id=\"50161d52\" data-element_type=\"widget\" data-widget_type=\"text-editor.default\">\n\t\t\t\t<div class=\"elementor-widget-container\">\n\t\t\t\t\t\t\t\t\t<p data-v-0dde63d0=\"\"><em>Modelo:<\/em><br \/><em>Altura 190 cm<\/em><\/p><p class=\"composition-text\" data-v-0dde63d0=\"\">Material:<br \/>&#8211; <strong>100% poli\u00e9ster<\/strong>, tecido acetato liso<br \/>&#8211; <strong>210 g\/m\u00b2<\/strong>.<\/p><ul><li class=\"observation-text\">Etiqueta remov\u00edvel.<\/li><li class=\"observation-text\">Pack de v\u00e1rias pe\u00e7as. <br \/><br \/><\/li><li class=\"observation-text\"><b>Tamanhos crian\u00e7a dispon\u00edveis\u00a0<\/b>em todas as cores.<\/li><\/ul>\t\t\t\t\t\t\t\t<\/div>\n\t\t\t\t<\/div>\n\t\t\t\t\t<\/div>\n\t\t\t\t<\/div>\n\t\t\t\t<\/div>\n\t\t","protected":false},"excerpt":{"rendered":"<p class=\"product-short-desc \" data-v-0dde63d0=\"\"><strong>Fato de treino combinado \u2013 casaco + cal\u00e7a.<\/strong><\/p>\n<ul>\n<li class=\"product-short-desc \">Gola alta.<\/li>\n<li class=\"product-short-desc \">Bolsos frontais com pormenor.<\/li>\n<li class=\"product-short-desc \">Punhos e cintura em canelado 1&#215;1.<\/li>\n<li class=\"product-short-desc \">Fecho central com tapa costuras interior em contraste.<\/li>\n<li class=\"product-short-desc \">Cal\u00e7a com cintura el\u00e1stica e cord\u00e3o ajust\u00e1vel com pesponto de seguran\u00e7a e com bolsos laterais com pormenor.<\/li>\n<li class=\"product-short-desc \">Tecido interior aveludado muito confort\u00e1vel.<\/li>\n<\/ul>\n<p class=\"p1\"><b>Tamanhos crian\u00e7a dispon\u00edveis\u00a0<\/b>em todas as cores.<\/p>\n","protected":false},"featured_media":10398,"comment_status":"closed","ping_status":"closed","template":"","meta":[],"product_brand":[],"product_cat":[15,179,180,166,176],"product_tag":[],"class_list":{"0":"post-10388","1":"product","2":"type-product","3":"status-publish","4":"has-post-thumbnail","6":"product_cat-all-products","7":"product_cat-kids","8":"product_cat-kids-sport","9":"product_cat-sport","10":"product_cat-tracksuit","12":"first","13":"instock","14":"featured","15":"shipping-taxable","16":"purchasable","17":"product-type-variable"},"_links":{"self":[{"href":"https:\/\/umbicap.com\/index.php?rest_route=\/wp\/v2\/product\/10388","targetHints":{"allow":["GET"]}}],"collection":[{"href":"https:\/\/umbicap.com\/index.php?rest_route=\/wp\/v2\/product"}],"about":[{"href":"https:\/\/umbicap.com\/index.php?rest_route=\/wp\/v2\/types\/product"}],"replies":[{"embeddable":true,"href":"https:\/\/umbicap.com\/index.php?rest_route=%2Fwp%2Fv2%2Fcomments&post=10388"}],"version-history":[{"count":5,"href":"https:\/\/umbicap.com\/index.php?rest_route=\/wp\/v2\/product\/10388\/revisions"}],"predecessor-version":[{"id":10414,"href":"https:\/\/umbicap.com\/index.php?rest_route=\/wp\/v2\/product\/10388\/revisions\/10414"}],"wp:featuredmedia":[{"embeddable":true,"href":"https:\/\/umbicap.com\/index.php?rest_route=\/wp\/v2\/media\/10398"}],"wp:attachment":[{"href":"https:\/\/umbicap.com\/index.php?rest_route=%2Fwp%2Fv2%2Fmedia&parent=10388"}],"wp:term":[{"taxonomy":"product_brand","embeddable":true,"href":"https:\/\/umbicap.com\/index.php?rest_route=%2Fwp%2Fv2%2Fproduct_brand&post=10388"},{"taxonomy":"product_cat","embeddable":true,"href":"https:\/\/umbicap.com\/index.php?rest_route=%2Fwp%2Fv2%2Fproduct_cat&post=10388"},{"taxonomy":"product_tag","embeddable":true,"href":"https:\/\/umbicap.com\/index.php?rest_route=%2Fwp%2Fv2%2Fproduct_tag&post=10388"}],"curies":[{"name":"wp","href":"https:\/\/api.w.org\/{rel}","templated":true}]}}