{"id":10417,"date":"2025-07-29T15:24:25","date_gmt":"2025-07-29T15:24:25","guid":{"rendered":"https:\/\/umbidesign.xyz\/?post_type=product&#038;p=10417"},"modified":"2025-08-10T13:58:35","modified_gmt":"2025-08-10T13:58:35","slug":"fato-de-treino-creta-6410","status":"publish","type":"product","link":"https:\/\/umbicap.com\/?produto=fato-de-treino-creta-6410","title":{"rendered":"Fato de treino CRETA 6410"},"content":{"rendered":"\t\t<div data-elementor-type=\"wp-post\" data-elementor-id=\"10417\" class=\"elementor elementor-10417\">\n\t\t\t\t<div class=\"elementor-element elementor-element-386d97ed e-flex e-con-boxed e-con e-parent\" data-id=\"386d97ed\" data-element_type=\"container\">\n\t\t\t\t\t<div class=\"e-con-inner\">\n\t\t\t\t<div class=\"elementor-element elementor-element-50161d52 elementor-widget elementor-widget-text-editor\" data-id=\"50161d52\" data-element_type=\"widget\" data-widget_type=\"text-editor.default\">\n\t\t\t\t<div class=\"elementor-widget-container\">\n\t\t\t\t\t\t\t\t\t<p data-v-0dde63d0=\"\"><em>Modelo:<\/em><br \/><em>Altura 182 cm<\/em><\/p><p class=\"composition-text\" data-v-0dde63d0=\"\">Material:<br \/>&#8211; <strong>100% poli\u00e9ster<\/strong>, tecido acetato liso<br \/>&#8211; <strong>210 g\/m\u00b2<\/strong>.<\/p><ul><li class=\"observation-text\">Etiqueta remov\u00edvel.\u00a0<\/li><li class=\"observation-text\">Dura\u00e7\u00e3o em cat\u00e1logo \u2013 3 anos.\u00a0<\/li><li class=\"observation-text\">A sua encomenda pode incluir modelos com bolsos com e sem fecho, consoante a disponibilidade.<br \/><br \/><\/li><li class=\"observation-text\"><b>Tamanhos crian\u00e7a dispon\u00edveis\u00a0<\/b>em todas as cores.<\/li><\/ul>\t\t\t\t\t\t\t\t<\/div>\n\t\t\t\t<\/div>\n\t\t\t\t\t<\/div>\n\t\t\t\t<\/div>\n\t\t\t\t<\/div>\n\t\t","protected":false},"excerpt":{"rendered":"<p class=\"product-short-desc \" data-v-0dde63d0=\"\"><strong>Fato de treino combinado: <\/strong><\/p>\n<ul>\n<li class=\"product-short-desc \">Gola alta com tapa costuras interior no mesmo tom.<\/li>\n<li class=\"product-short-desc \">Gola, punhos e c\u00f3s das pernas com canelado 1&#215;1.<\/li>\n<li class=\"product-short-desc \">Fecho central no mesmo tom com puxador no ziper.<\/li>\n<li class=\"product-short-desc \">Bolsos laterais com fecho, no casaco.<\/li>\n<li class=\"product-short-desc \">Faixa lateral a contrastar.<\/li>\n<li class=\"product-short-desc \">Cal\u00e7a com cintura el\u00e1stica e cord\u00e3o ajust\u00e1vel.<\/li>\n<li class=\"product-short-desc \">Dois bolsos laterais.<\/li>\n<li class=\"product-short-desc \">Bolso traseiro com fecho.<\/li>\n<li class=\"product-short-desc \">C\u00f3s da perna com punhos el\u00e1sticos em canelado 1&#215;1.<\/li>\n<\/ul>\n<p class=\"p1\"><b>Tamanhos crian\u00e7a dispon\u00edveis\u00a0<\/b>em todas as cores.<\/p>\n","protected":false},"featured_media":10423,"comment_status":"closed","ping_status":"closed","template":"","meta":[],"product_brand":[],"product_cat":[15,179,180,166,176],"product_tag":[],"class_list":{"0":"post-10417","1":"product","2":"type-product","3":"status-publish","4":"has-post-thumbnail","6":"product_cat-all-products","7":"product_cat-kids","8":"product_cat-kids-sport","9":"product_cat-sport","10":"product_cat-tracksuit","12":"first","13":"instock","14":"featured","15":"shipping-taxable","16":"purchasable","17":"product-type-variable"},"_links":{"self":[{"href":"https:\/\/umbicap.com\/index.php?rest_route=\/wp\/v2\/product\/10417","targetHints":{"allow":["GET"]}}],"collection":[{"href":"https:\/\/umbicap.com\/index.php?rest_route=\/wp\/v2\/product"}],"about":[{"href":"https:\/\/umbicap.com\/index.php?rest_route=\/wp\/v2\/types\/product"}],"replies":[{"embeddable":true,"href":"https:\/\/umbicap.com\/index.php?rest_route=%2Fwp%2Fv2%2Fcomments&post=10417"}],"version-history":[{"count":5,"href":"https:\/\/umbicap.com\/index.php?rest_route=\/wp\/v2\/product\/10417\/revisions"}],"predecessor-version":[{"id":10454,"href":"https:\/\/umbicap.com\/index.php?rest_route=\/wp\/v2\/product\/10417\/revisions\/10454"}],"wp:featuredmedia":[{"embeddable":true,"href":"https:\/\/umbicap.com\/index.php?rest_route=\/wp\/v2\/media\/10423"}],"wp:attachment":[{"href":"https:\/\/umbicap.com\/index.php?rest_route=%2Fwp%2Fv2%2Fmedia&parent=10417"}],"wp:term":[{"taxonomy":"product_brand","embeddable":true,"href":"https:\/\/umbicap.com\/index.php?rest_route=%2Fwp%2Fv2%2Fproduct_brand&post=10417"},{"taxonomy":"product_cat","embeddable":true,"href":"https:\/\/umbicap.com\/index.php?rest_route=%2Fwp%2Fv2%2Fproduct_cat&post=10417"},{"taxonomy":"product_tag","embeddable":true,"href":"https:\/\/umbicap.com\/index.php?rest_route=%2Fwp%2Fv2%2Fproduct_tag&post=10417"}],"curies":[{"name":"wp","href":"https:\/\/api.w.org\/{rel}","templated":true}]}}