{"id":10486,"date":"2025-07-29T15:55:21","date_gmt":"2025-07-29T15:55:21","guid":{"rendered":"https:\/\/umbidesign.xyz\/?post_type=product&#038;p=10486"},"modified":"2025-08-10T13:58:34","modified_gmt":"2025-08-10T13:58:34","slug":"calcas-neapolis-desportiva-0521","status":"publish","type":"product","link":"https:\/\/umbicap.com\/?produto=calcas-neapolis-desportiva-0521","title":{"rendered":"Cal\u00e7as NEAPOLIS desportiva 0521"},"content":{"rendered":"\t\t<div data-elementor-type=\"wp-post\" data-elementor-id=\"10486\" class=\"elementor elementor-10486\">\n\t\t\t\t<div class=\"elementor-element elementor-element-386d97ed e-flex e-con-boxed e-con e-parent\" data-id=\"386d97ed\" data-element_type=\"container\">\n\t\t\t\t\t<div class=\"e-con-inner\">\n\t\t\t\t<div class=\"elementor-element elementor-element-50161d52 elementor-widget elementor-widget-text-editor\" data-id=\"50161d52\" data-element_type=\"widget\" data-widget_type=\"text-editor.default\">\n\t\t\t\t<div class=\"elementor-widget-container\">\n\t\t\t\t\t\t\t\t\t<p data-v-0dde63d0=\"\"><em>Modelo:<\/em><br \/><em>Tamanho M | Altura 183 cm<\/em><\/p><p class=\"composition-text\" data-v-0dde63d0=\"\">Material:<br \/>&#8211; <strong>100% poli\u00e9ster<\/strong><br \/>&#8211; <strong>200 g\/m\u00b2<\/strong>.<\/p><ul><li class=\"observation-text\">Etiqueta remov\u00edvel.<\/li><li class=\"observation-text\">Tecido t\u00e9cnico. <\/li><li class=\"observation-text\">A sua encomenda pode incluir modelos com bolsos com e sem fecho, consoante a disponibilidade.<br \/><br \/><\/li><li><b>Tamanhos crian\u00e7a dispon\u00edveis\u00a0<\/b>em todas as cores.<\/li><\/ul>\t\t\t\t\t\t\t\t<\/div>\n\t\t\t\t<\/div>\n\t\t\t\t\t<\/div>\n\t\t\t\t<\/div>\n\t\t\t\t<\/div>\n\t\t","protected":false},"excerpt":{"rendered":"<p class=\"product-short-desc \" data-v-0dde63d0=\"\"><strong>Cal\u00e7a comprida de corte tipo \u201ccigarro\u201d.<\/strong><\/p>\n<p class=\"product-short-desc \" data-v-0dde63d0=\"\">Cintura el\u00e1stica ajust\u00e1vel mediante cord\u00f5es exteriores.<br \/>\nBolsos laterais.<br \/>\nCortes transversais a meio da perna.<br \/>\nAberturas laterais com fecho, no c\u00f3s das pernas.<\/p>\n<p class=\"p1\"><b>Tamanhos crian\u00e7a dispon\u00edveis\u00a0<\/b>em todas as cores.<\/p>\n","protected":false},"featured_media":10494,"comment_status":"closed","ping_status":"closed","template":"","meta":[],"product_brand":[],"product_cat":[15,179,180,166,175],"product_tag":[],"class_list":{"0":"post-10486","1":"product","2":"type-product","3":"status-publish","4":"has-post-thumbnail","6":"product_cat-all-products","7":"product_cat-kids","8":"product_cat-kids-sport","9":"product_cat-sport","10":"product_cat-trousers","12":"first","13":"instock","14":"featured","15":"shipping-taxable","16":"purchasable","17":"product-type-variable"},"_links":{"self":[{"href":"https:\/\/umbicap.com\/index.php?rest_route=\/wp\/v2\/product\/10486","targetHints":{"allow":["GET"]}}],"collection":[{"href":"https:\/\/umbicap.com\/index.php?rest_route=\/wp\/v2\/product"}],"about":[{"href":"https:\/\/umbicap.com\/index.php?rest_route=\/wp\/v2\/types\/product"}],"replies":[{"embeddable":true,"href":"https:\/\/umbicap.com\/index.php?rest_route=%2Fwp%2Fv2%2Fcomments&post=10486"}],"version-history":[{"count":5,"href":"https:\/\/umbicap.com\/index.php?rest_route=\/wp\/v2\/product\/10486\/revisions"}],"predecessor-version":[{"id":10514,"href":"https:\/\/umbicap.com\/index.php?rest_route=\/wp\/v2\/product\/10486\/revisions\/10514"}],"wp:featuredmedia":[{"embeddable":true,"href":"https:\/\/umbicap.com\/index.php?rest_route=\/wp\/v2\/media\/10494"}],"wp:attachment":[{"href":"https:\/\/umbicap.com\/index.php?rest_route=%2Fwp%2Fv2%2Fmedia&parent=10486"}],"wp:term":[{"taxonomy":"product_brand","embeddable":true,"href":"https:\/\/umbicap.com\/index.php?rest_route=%2Fwp%2Fv2%2Fproduct_brand&post=10486"},{"taxonomy":"product_cat","embeddable":true,"href":"https:\/\/umbicap.com\/index.php?rest_route=%2Fwp%2Fv2%2Fproduct_cat&post=10486"},{"taxonomy":"product_tag","embeddable":true,"href":"https:\/\/umbicap.com\/index.php?rest_route=%2Fwp%2Fv2%2Fproduct_tag&post=10486"}],"curies":[{"name":"wp","href":"https:\/\/api.w.org\/{rel}","templated":true}]}}