{"id":10559,"date":"2025-07-29T16:23:08","date_gmt":"2025-07-29T16:23:08","guid":{"rendered":"https:\/\/umbidesign.xyz\/?post_type=product&#038;p=10559"},"modified":"2025-08-10T13:58:33","modified_gmt":"2025-08-10T13:58:33","slug":"equipamento-boca-0346","status":"publish","type":"product","link":"https:\/\/umbicap.com\/?produto=equipamento-boca-0346","title":{"rendered":"Equipamento BOCA 0346"},"content":{"rendered":"\t\t<div data-elementor-type=\"wp-post\" data-elementor-id=\"10559\" class=\"elementor elementor-10559\">\n\t\t\t\t<div class=\"elementor-element elementor-element-386d97ed e-flex e-con-boxed e-con e-parent\" data-id=\"386d97ed\" data-element_type=\"container\">\n\t\t\t\t\t<div class=\"e-con-inner\">\n\t\t\t\t<div class=\"elementor-element elementor-element-50161d52 elementor-widget elementor-widget-text-editor\" data-id=\"50161d52\" data-element_type=\"widget\" data-widget_type=\"text-editor.default\">\n\t\t\t\t<div class=\"elementor-widget-container\">\n\t\t\t\t\t\t\t\t\t<p class=\"composition-text\" data-v-0dde63d0=\"\">Material:<br \/>Tecido principal:<br \/>&#8211; <strong>100%poli\u00e9ster<\/strong> \u201cInterlock\u201d. Encaixes:<br \/>&#8211; <strong>100% poli\u00e9ster<\/strong> micro-perfurado<br \/>&#8211; <strong>100% poli\u00e9ster<\/strong> \u201cWaffle Interlock\u201d<br \/>&#8211; <strong>140 g\/m\u00b2<\/strong>.<\/p><ul><li class=\"observation-text\">Etiqueta remov\u00edvel.<\/li><li class=\"observation-text\">Modelo transpir\u00e1vel.<br \/><br \/><\/li><li><b>Tamanhos crian\u00e7a dispon\u00edveis <\/b>em todas as cores.<\/li><\/ul>\t\t\t\t\t\t\t\t<\/div>\n\t\t\t\t<\/div>\n\t\t\t\t\t<\/div>\n\t\t\t\t<\/div>\n\t\t\t\t<\/div>\n\t\t","protected":false},"excerpt":{"rendered":"<p class=\"product-short-desc \" data-v-0dde63d0=\"\"><strong>Conjunto desportivo unisexo com combina\u00e7\u00e3o de tr\u00eas tecidos:<\/strong><\/p>\n<ul>\n<li class=\"product-short-desc \">Camisola com gola \u201cMao\u201d e abertura mediante bot\u00e3o de press\u00e3o.<\/li>\n<li class=\"product-short-desc \">Encaixe inferior da manga em tecido transpir\u00e1vel.<\/li>\n<li class=\"product-short-desc \">Encaixes laterais e encaixes superiores na manga em tecido \u201cCONTROL DRY\u201d.<\/li>\n<li class=\"product-short-desc \">Cal\u00e7\u00e3o com cintura ajust\u00e1vel e cord\u00f5es.<\/li>\n<li class=\"product-short-desc \">Parte interior da perna e pormenores a contrastar, e em tecido \u201cCONTROL DRY&#8221;.<\/li>\n<\/ul>\n<p class=\"p1\"><b>Tamanhos crian\u00e7a dispon\u00edveis\u00a0<\/b>em todas as cores.<\/p>\n","protected":false},"featured_media":10567,"comment_status":"closed","ping_status":"closed","template":"","meta":[],"product_brand":[],"product_cat":[15,170,179,180,166],"product_tag":[],"class_list":{"0":"post-10559","1":"product","2":"type-product","3":"status-publish","4":"has-post-thumbnail","6":"product_cat-all-products","7":"product_cat-equipment","8":"product_cat-kids","9":"product_cat-kids-sport","10":"product_cat-sport","12":"first","13":"instock","14":"featured","15":"shipping-taxable","16":"purchasable","17":"product-type-variable"},"_links":{"self":[{"href":"https:\/\/umbicap.com\/index.php?rest_route=\/wp\/v2\/product\/10559","targetHints":{"allow":["GET"]}}],"collection":[{"href":"https:\/\/umbicap.com\/index.php?rest_route=\/wp\/v2\/product"}],"about":[{"href":"https:\/\/umbicap.com\/index.php?rest_route=\/wp\/v2\/types\/product"}],"replies":[{"embeddable":true,"href":"https:\/\/umbicap.com\/index.php?rest_route=%2Fwp%2Fv2%2Fcomments&post=10559"}],"version-history":[{"count":5,"href":"https:\/\/umbicap.com\/index.php?rest_route=\/wp\/v2\/product\/10559\/revisions"}],"predecessor-version":[{"id":10615,"href":"https:\/\/umbicap.com\/index.php?rest_route=\/wp\/v2\/product\/10559\/revisions\/10615"}],"wp:featuredmedia":[{"embeddable":true,"href":"https:\/\/umbicap.com\/index.php?rest_route=\/wp\/v2\/media\/10567"}],"wp:attachment":[{"href":"https:\/\/umbicap.com\/index.php?rest_route=%2Fwp%2Fv2%2Fmedia&parent=10559"}],"wp:term":[{"taxonomy":"product_brand","embeddable":true,"href":"https:\/\/umbicap.com\/index.php?rest_route=%2Fwp%2Fv2%2Fproduct_brand&post=10559"},{"taxonomy":"product_cat","embeddable":true,"href":"https:\/\/umbicap.com\/index.php?rest_route=%2Fwp%2Fv2%2Fproduct_cat&post=10559"},{"taxonomy":"product_tag","embeddable":true,"href":"https:\/\/umbicap.com\/index.php?rest_route=%2Fwp%2Fv2%2Fproduct_tag&post=10559"}],"curies":[{"name":"wp","href":"https:\/\/api.w.org\/{rel}","templated":true}]}}