{"id":10674,"date":"2025-07-29T17:43:43","date_gmt":"2025-07-29T17:43:43","guid":{"rendered":"https:\/\/umbidesign.xyz\/?post_type=product&#038;p=10674"},"modified":"2025-08-10T13:58:31","modified_gmt":"2025-08-10T13:58:31","slug":"equipamento-united-0457","status":"publish","type":"product","link":"https:\/\/umbicap.com\/?produto=equipamento-united-0457","title":{"rendered":"Equipamento UNITED 0457"},"content":{"rendered":"\t\t<div data-elementor-type=\"wp-post\" data-elementor-id=\"10674\" class=\"elementor elementor-10674\">\n\t\t\t\t<div class=\"elementor-element elementor-element-386d97ed e-flex e-con-boxed e-con e-parent\" data-id=\"386d97ed\" data-element_type=\"container\">\n\t\t\t\t\t<div class=\"e-con-inner\">\n\t\t\t\t<div class=\"elementor-element elementor-element-50161d52 elementor-widget elementor-widget-text-editor\" data-id=\"50161d52\" data-element_type=\"widget\" data-widget_type=\"text-editor.default\">\n\t\t\t\t<div class=\"elementor-widget-container\">\n\t\t\t\t\t\t\t\t\t<p data-v-0dde63d0=\"\"><em>Modelo:<\/em><br \/><em>Tamanho L | Altura 190 cm<\/em><\/p><p class=\"composition-text\" data-v-0dde63d0=\"\">Material:<br \/>&#8211; <strong>100% poli\u00e9ster<\/strong><br \/>&#8211; <strong>140 g\/m\u00b2<\/strong>.<\/p><ul><li class=\"observation-text\">Conjunto sem meias.<\/li><li class=\"observation-text\">Etiqueta remov\u00edvel.<\/li><li class=\"observation-text\">Tecido transpir\u00e1vel.<\/li><li class=\"observation-text\">Pack de v\u00e1rias pe\u00e7as.<br \/><br \/><\/li><li><b>Tamanhos crian\u00e7a dispon\u00edveis <\/b>em todas as cores.<\/li><\/ul>\t\t\t\t\t\t\t\t<\/div>\n\t\t\t\t<\/div>\n\t\t\t\t\t<\/div>\n\t\t\t\t<\/div>\n\t\t\t\t<\/div>\n\t\t","protected":false},"excerpt":{"rendered":"<p class=\"product-short-desc \" data-v-0dde63d0=\"\"><strong>Conjunto desportivo de camisola e cal\u00e7\u00e3o.<\/strong><\/p>\n<ul>\n<li class=\"product-short-desc \">Camisola com gola dupla fantasia, com acabamento em bico etapa costuras refor\u00e7ado no interior.<\/li>\n<li class=\"product-short-desc \">Ombro com adorno debruado a contrastar.<\/li>\n<li class=\"product-short-desc \">Manga curta com adorno na extremidade a contrastar.<\/li>\n<li class=\"product-short-desc \">Cal\u00e7\u00e3o curto com cintura el\u00e1stica e cord\u00e3o ajust\u00e1vel no seu interior e pesponto de seguran\u00e7a.<\/li>\n<\/ul>\n<p class=\"product-short-desc \" data-v-0dde63d0=\"\"><b>Tamanhos crian\u00e7a dispon\u00edveis <\/b>em todas as cores.<\/p>\n","protected":false},"featured_media":10684,"comment_status":"closed","ping_status":"closed","template":"","meta":[],"product_brand":[],"product_cat":[15,170,179,180,166],"product_tag":[],"class_list":{"0":"post-10674","1":"product","2":"type-product","3":"status-publish","4":"has-post-thumbnail","6":"product_cat-all-products","7":"product_cat-equipment","8":"product_cat-kids","9":"product_cat-kids-sport","10":"product_cat-sport","12":"first","13":"instock","14":"featured","15":"shipping-taxable","16":"purchasable","17":"product-type-variable"},"_links":{"self":[{"href":"https:\/\/umbicap.com\/index.php?rest_route=\/wp\/v2\/product\/10674","targetHints":{"allow":["GET"]}}],"collection":[{"href":"https:\/\/umbicap.com\/index.php?rest_route=\/wp\/v2\/product"}],"about":[{"href":"https:\/\/umbicap.com\/index.php?rest_route=\/wp\/v2\/types\/product"}],"replies":[{"embeddable":true,"href":"https:\/\/umbicap.com\/index.php?rest_route=%2Fwp%2Fv2%2Fcomments&post=10674"}],"version-history":[{"count":5,"href":"https:\/\/umbicap.com\/index.php?rest_route=\/wp\/v2\/product\/10674\/revisions"}],"predecessor-version":[{"id":10724,"href":"https:\/\/umbicap.com\/index.php?rest_route=\/wp\/v2\/product\/10674\/revisions\/10724"}],"wp:featuredmedia":[{"embeddable":true,"href":"https:\/\/umbicap.com\/index.php?rest_route=\/wp\/v2\/media\/10684"}],"wp:attachment":[{"href":"https:\/\/umbicap.com\/index.php?rest_route=%2Fwp%2Fv2%2Fmedia&parent=10674"}],"wp:term":[{"taxonomy":"product_brand","embeddable":true,"href":"https:\/\/umbicap.com\/index.php?rest_route=%2Fwp%2Fv2%2Fproduct_brand&post=10674"},{"taxonomy":"product_cat","embeddable":true,"href":"https:\/\/umbicap.com\/index.php?rest_route=%2Fwp%2Fv2%2Fproduct_cat&post=10674"},{"taxonomy":"product_tag","embeddable":true,"href":"https:\/\/umbicap.com\/index.php?rest_route=%2Fwp%2Fv2%2Fproduct_tag&post=10674"}],"curies":[{"name":"wp","href":"https:\/\/api.w.org\/{rel}","templated":true}]}}