{"id":10787,"date":"2025-07-29T20:52:46","date_gmt":"2025-07-29T20:52:46","guid":{"rendered":"https:\/\/umbidesign.xyz\/?post_type=product&#038;p=10787"},"modified":"2025-08-10T13:58:30","modified_gmt":"2025-08-10T13:58:30","slug":"equipamento-bayern-calcoes-0552","status":"publish","type":"product","link":"https:\/\/umbicap.com\/?produto=equipamento-bayern-calcoes-0552","title":{"rendered":"Equipamento BAYERN cal\u00e7as 0552"},"content":{"rendered":"\t\t<div data-elementor-type=\"wp-post\" data-elementor-id=\"10787\" class=\"elementor elementor-10787\">\n\t\t\t\t<div class=\"elementor-element elementor-element-386d97ed e-flex e-con-boxed e-con e-parent\" data-id=\"386d97ed\" data-element_type=\"container\">\n\t\t\t\t\t<div class=\"e-con-inner\">\n\t\t\t\t<div class=\"elementor-element elementor-element-50161d52 elementor-widget elementor-widget-text-editor\" data-id=\"50161d52\" data-element_type=\"widget\" data-widget_type=\"text-editor.default\">\n\t\t\t\t<div class=\"elementor-widget-container\">\n\t\t\t\t\t\t\t\t\t<p data-v-0dde63d0=\"\"><em>Modelo:<\/em><br \/><em>Tamanho M | Altura 190 cm<\/em><\/p><p class=\"composition-text\" data-v-0dde63d0=\"\">Material:<br \/>&#8211; 100% poli\u00e9ster<br \/>&#8211; 250 g\/m\u00b2.<\/p><ul><li class=\"observation-text\">Etiqueta remov\u00edvel.<\/li><li class=\"observation-text\">Tecido t\u00e9cnico.<\/li><li class=\"observation-text\">Modelo transpir\u00e1vel.<br \/><br \/><\/li><li><b>Tamanhos crian\u00e7a dispon\u00edveis <\/b>em todas as cores.<\/li><\/ul>\t\t\t\t\t\t\t\t<\/div>\n\t\t\t\t<\/div>\n\t\t\t\t\t<\/div>\n\t\t\t\t<\/div>\n\t\t\t\t<\/div>\n\t\t","protected":false},"excerpt":{"rendered":"<p class=\"product-short-desc \" data-v-0dde63d0=\"\"><strong>Cal\u00e7a unisexo de guarda redes.<\/strong><\/p>\n<p class=\"product-short-desc \" data-v-0dde63d0=\"\">Com inser\u00e7\u00f5es laterais e joelheiras acolchoadas.<br \/>\nCintura el\u00e1stica com cord\u00e3o interior ajust\u00e1vel.<br \/>\nC\u00f3s da perna com punho.<\/p>\n<div id=\"color-circle-selector-big-screen\" class=\"list-color\" data-v-0dde63d0=\"\">\n<div class=\"circle-list-component d-flex flex-wrap align-items-center\" data-v-488ca956=\"\" data-v-0dde63d0=\"\">\n<div class=\"d-flex flex-wrap\" data-v-488ca956=\"\">\n<div class=\"v-popover poopover-floating color-circle\" data-v-488ca956=\"\">\n<div class=\"trigger\">\n<div class=\"d-flex flex-column text-center details-circle-color\" data-v-488ca956=\"\">\n<div class=\"circle-selector-parent\" data-v-2dcfe275=\"\" data-v-488ca956=\"\"><b>Tamanhos crian\u00e7a dispon\u00edveis <\/b>em todas as cores.<\/div>\n<\/div>\n<\/div>\n<\/div>\n<\/div>\n<\/div>\n<\/div>\n","protected":false},"featured_media":10790,"comment_status":"closed","ping_status":"closed","template":"","meta":[],"product_brand":[],"product_cat":[15,170,179,180,166,175],"product_tag":[],"class_list":{"0":"post-10787","1":"product","2":"type-product","3":"status-publish","4":"has-post-thumbnail","6":"product_cat-all-products","7":"product_cat-equipment","8":"product_cat-kids","9":"product_cat-kids-sport","10":"product_cat-sport","11":"product_cat-trousers","13":"first","14":"instock","15":"shipping-taxable","16":"purchasable","17":"product-type-variable"},"_links":{"self":[{"href":"https:\/\/umbicap.com\/index.php?rest_route=\/wp\/v2\/product\/10787","targetHints":{"allow":["GET"]}}],"collection":[{"href":"https:\/\/umbicap.com\/index.php?rest_route=\/wp\/v2\/product"}],"about":[{"href":"https:\/\/umbicap.com\/index.php?rest_route=\/wp\/v2\/types\/product"}],"replies":[{"embeddable":true,"href":"https:\/\/umbicap.com\/index.php?rest_route=%2Fwp%2Fv2%2Fcomments&post=10787"}],"version-history":[{"count":5,"href":"https:\/\/umbicap.com\/index.php?rest_route=\/wp\/v2\/product\/10787\/revisions"}],"predecessor-version":[{"id":10806,"href":"https:\/\/umbicap.com\/index.php?rest_route=\/wp\/v2\/product\/10787\/revisions\/10806"}],"wp:featuredmedia":[{"embeddable":true,"href":"https:\/\/umbicap.com\/index.php?rest_route=\/wp\/v2\/media\/10790"}],"wp:attachment":[{"href":"https:\/\/umbicap.com\/index.php?rest_route=%2Fwp%2Fv2%2Fmedia&parent=10787"}],"wp:term":[{"taxonomy":"product_brand","embeddable":true,"href":"https:\/\/umbicap.com\/index.php?rest_route=%2Fwp%2Fv2%2Fproduct_brand&post=10787"},{"taxonomy":"product_cat","embeddable":true,"href":"https:\/\/umbicap.com\/index.php?rest_route=%2Fwp%2Fv2%2Fproduct_cat&post=10787"},{"taxonomy":"product_tag","embeddable":true,"href":"https:\/\/umbicap.com\/index.php?rest_route=%2Fwp%2Fv2%2Fproduct_tag&post=10787"}],"curies":[{"name":"wp","href":"https:\/\/api.w.org\/{rel}","templated":true}]}}