{"id":11237,"date":"2025-08-06T15:46:23","date_gmt":"2025-08-06T15:46:23","guid":{"rendered":"https:\/\/umbidesign.xyz\/?post_type=product&#038;p=11237"},"modified":"2025-08-10T13:58:27","modified_gmt":"2025-08-10T13:58:27","slug":"t-shirt-terra-premium-190","status":"publish","type":"product","link":"https:\/\/umbicap.com\/?produto=t-shirt-terra-premium-190","title":{"rendered":"T-Shirt TERRA Premium 190"},"content":{"rendered":"\t\t<div data-elementor-type=\"wp-post\" data-elementor-id=\"11237\" class=\"elementor elementor-11237\">\n\t\t\t\t<div class=\"elementor-element elementor-element-386d97ed e-flex e-con-boxed e-con e-parent\" data-id=\"386d97ed\" data-element_type=\"container\">\n\t\t\t\t\t<div class=\"e-con-inner\">\n\t\t\t\t<div class=\"elementor-element elementor-element-50161d52 elementor-widget elementor-widget-text-editor\" data-id=\"50161d52\" data-element_type=\"widget\" data-widget_type=\"text-editor.default\">\n\t\t\t\t<div class=\"elementor-widget-container\">\n\t\t\t\t\t\t\t\t\t<ul><li>Tecido tubular.<\/li><li>Dupla costura no mangas e em baixo.<\/li><li>Refor\u00e7o de ombro a ombro.<\/li><li>Gola em elastano.<\/li><li>3XL: Black, Navy Blue, Royal Blue, White, Red, Orange, Sky Blue, Grey Melange, Graphite, Turquoise, LM, Kelly Green, Bottle Green<\/li><li>4XL-5XL: White, Grey Melange, Black, Sky Blue, Orange, Red, Royal Blue, Navy Blue, Bottle Green.<\/li><li>Grey Melange &#8211; 85% Algod\u00e3o \/ 15% Viscose<\/li><li>Ash Melange &#8211; 98% Algod\u00e3o \/ 2% Viscose<\/li><li>Etiqueta remov\u00edvel<\/li><\/ul><p>100% Algod\u00e3o com preencolhimento.<br \/>Gramagem: 185-190 g\/m\u00b2 approx.<\/p>\t\t\t\t\t\t\t\t<\/div>\n\t\t\t\t<\/div>\n\t\t\t\t\t<\/div>\n\t\t\t\t<\/div>\n\t\t\t\t<\/div>\n\t\t","protected":false},"excerpt":{"rendered":"<p><strong>T-shirt b\u00e1sica para homem com mangas curtas, 100% algod\u00e3o<\/strong>.<\/p>\n<p>Ideal para personalizar com serigrafia, vinil, transfer\u00eancia e impress\u00e3o digital.<br \/>\nTamb\u00e9m dispon\u00edvel para mulheres, crian\u00e7as e tamanhos grandes.<\/p>\n<p><strong>Tamanhos XS ao 5XL<\/strong>.<\/p>\n<p>T-shirt recomendado para climas mais frios devido ao seu peso de 185-190 gr.<\/p>\n","protected":false},"featured_media":11261,"comment_status":"closed","ping_status":"closed","template":"","meta":[],"product_brand":[],"product_cat":[15,146,149,148],"product_tag":[],"class_list":{"0":"post-11237","1":"product","2":"type-product","3":"status-publish","4":"has-post-thumbnail","6":"product_cat-all-products","7":"product_cat-man","8":"product_cat-t-shirt-man","9":"product_cat-unisex","11":"first","12":"instock","13":"featured","14":"shipping-taxable","15":"purchasable","16":"product-type-variable"},"_links":{"self":[{"href":"https:\/\/umbicap.com\/index.php?rest_route=\/wp\/v2\/product\/11237","targetHints":{"allow":["GET"]}}],"collection":[{"href":"https:\/\/umbicap.com\/index.php?rest_route=\/wp\/v2\/product"}],"about":[{"href":"https:\/\/umbicap.com\/index.php?rest_route=\/wp\/v2\/types\/product"}],"replies":[{"embeddable":true,"href":"https:\/\/umbicap.com\/index.php?rest_route=%2Fwp%2Fv2%2Fcomments&post=11237"}],"version-history":[{"count":5,"href":"https:\/\/umbicap.com\/index.php?rest_route=\/wp\/v2\/product\/11237\/revisions"}],"predecessor-version":[{"id":11267,"href":"https:\/\/umbicap.com\/index.php?rest_route=\/wp\/v2\/product\/11237\/revisions\/11267"}],"wp:featuredmedia":[{"embeddable":true,"href":"https:\/\/umbicap.com\/index.php?rest_route=\/wp\/v2\/media\/11261"}],"wp:attachment":[{"href":"https:\/\/umbicap.com\/index.php?rest_route=%2Fwp%2Fv2%2Fmedia&parent=11237"}],"wp:term":[{"taxonomy":"product_brand","embeddable":true,"href":"https:\/\/umbicap.com\/index.php?rest_route=%2Fwp%2Fv2%2Fproduct_brand&post=11237"},{"taxonomy":"product_cat","embeddable":true,"href":"https:\/\/umbicap.com\/index.php?rest_route=%2Fwp%2Fv2%2Fproduct_cat&post=11237"},{"taxonomy":"product_tag","embeddable":true,"href":"https:\/\/umbicap.com\/index.php?rest_route=%2Fwp%2Fv2%2Fproduct_tag&post=11237"}],"curies":[{"name":"wp","href":"https:\/\/api.w.org\/{rel}","templated":true}]}}