{"id":19585,"date":"2025-07-29T18:53:14","date_gmt":"2025-07-29T18:53:14","guid":{"rendered":"https:\/\/umbidesign.xyz\/?product=racing-ausruestung-0452"},"modified":"2025-08-10T14:57:48","modified_gmt":"2025-08-10T14:57:48","slug":"racing-ausruestung-0452","status":"publish","type":"product","link":"https:\/\/umbicap.com\/?produkt=racing-ausruestung-0452&lang=de","title":{"rendered":"RACING-Ausr\u00fcstung 0452"},"content":{"rendered":"\t\t<div data-elementor-type=\"wp-post\" data-elementor-id=\"19585\" class=\"elementor elementor-19585 elementor-10725\">\n\t\t\t\t<div class=\"elementor-element elementor-element-386d97ed e-flex e-con-boxed e-con e-parent\" data-id=\"386d97ed\" data-element_type=\"container\">\n\t\t\t\t\t<div class=\"e-con-inner\">\n\t\t\t\t<div class=\"elementor-element elementor-element-50161d52 elementor-widget elementor-widget-text-editor\" data-id=\"50161d52\" data-element_type=\"widget\" data-widget_type=\"text-editor.default\">\n\t\t\t\t<div class=\"elementor-widget-container\">\n\t\t\t\t\t\t\t\t\t<p data-v-0dde63d0=\"\"><em>Modell:<\/em><br><em>Gr\u00f6\u00dfe L | H\u00f6he 190 cm<\/em><\/p><p class=\"composition-text\" data-v-0dde63d0=\"\">Material:<br>&#8211; <strong>100% Polyester<\/strong><br>&#8211; <strong>140 g\/m\u00b2<\/strong>.<\/p><ul><li class=\"observation-text\">Set ohne Socken.<\/li><li class=\"observation-text\">Abnehmbares Etikett.<\/li><li class=\"observation-text\">Atmungsaktiver Stoff.<\/li><li class=\"observation-text\">Packung mit mehreren St\u00fccken.<br><br><\/li><li><b>Kindergr\u00f6\u00dfen <\/b>in allen Farben <b>erh\u00e4ltlich <\/b>.<\/li><\/ul>\t\t\t\t\t\t\t\t<\/div>\n\t\t\t\t<\/div>\n\t\t\t\t\t<\/div>\n\t\t\t\t<\/div>\n\t\t\t\t<\/div>\n\t\t","protected":false},"excerpt":{"rendered":"<p class=\"product-short-desc \" data-v-0dde63d0=\"\"><strong>T-Shirt und Shorts Sportzeug.<\/strong><\/p>\n<ul>\n<li class=\"product-short-desc \">Sweatshirt mit schickem Doppelkragen und verst\u00e4rkten N\u00e4hten auf der Innenseite.<\/li>\n<li class=\"product-short-desc \">Schulter mit Kontrastpaspel.<\/li>\n<li class=\"product-short-desc \">Kurze \u00c4rmel mit kontrastierendem Randbesatz.<\/li>\n<li class=\"product-short-desc \">Kurze Shorts mit elastischem Bund, verstellbarem Kordelzug innen und Sicherheitsn\u00e4hten.<\/li>\n<\/ul>\n<p class=\"product-short-desc \" data-v-0dde63d0=\"\"><b>Kindergr\u00f6\u00dfen <\/b>in allen Farben <b>erh\u00e4ltlich <\/b>.<\/p>\n","protected":false},"featured_media":18785,"comment_status":"closed","ping_status":"closed","template":"","meta":[],"product_brand":[],"product_cat":[320,331,332,333,330],"product_tag":[],"class_list":{"0":"post-19585","1":"product","2":"type-product","3":"status-publish","4":"has-post-thumbnail","6":"product_cat-alle","7":"product_cat-ausrustung","8":"product_cat-kinder","9":"product_cat-kinder-sport","10":"product_cat-sport-de","12":"first","13":"instock","14":"featured","15":"shipping-taxable","16":"purchasable","17":"product-type-variable"},"_links":{"self":[{"href":"https:\/\/umbicap.com\/index.php?rest_route=\/wp\/v2\/product\/19585","targetHints":{"allow":["GET"]}}],"collection":[{"href":"https:\/\/umbicap.com\/index.php?rest_route=\/wp\/v2\/product"}],"about":[{"href":"https:\/\/umbicap.com\/index.php?rest_route=\/wp\/v2\/types\/product"}],"replies":[{"embeddable":true,"href":"https:\/\/umbicap.com\/index.php?rest_route=%2Fwp%2Fv2%2Fcomments&post=19585"}],"version-history":[{"count":1,"href":"https:\/\/umbicap.com\/index.php?rest_route=\/wp\/v2\/product\/19585\/revisions"}],"predecessor-version":[{"id":19593,"href":"https:\/\/umbicap.com\/index.php?rest_route=\/wp\/v2\/product\/19585\/revisions\/19593"}],"wp:featuredmedia":[{"embeddable":true,"href":"https:\/\/umbicap.com\/index.php?rest_route=\/wp\/v2\/media\/18785"}],"wp:attachment":[{"href":"https:\/\/umbicap.com\/index.php?rest_route=%2Fwp%2Fv2%2Fmedia&parent=19585"}],"wp:term":[{"taxonomy":"product_brand","embeddable":true,"href":"https:\/\/umbicap.com\/index.php?rest_route=%2Fwp%2Fv2%2Fproduct_brand&post=19585"},{"taxonomy":"product_cat","embeddable":true,"href":"https:\/\/umbicap.com\/index.php?rest_route=%2Fwp%2Fv2%2Fproduct_cat&post=19585"},{"taxonomy":"product_tag","embeddable":true,"href":"https:\/\/umbicap.com\/index.php?rest_route=%2Fwp%2Fv2%2Fproduct_tag&post=19585"}],"curies":[{"name":"wp","href":"https:\/\/api.w.org\/{rel}","templated":true}]}}