{"id":19612,"date":"2025-07-29T20:46:36","date_gmt":"2025-07-29T20:46:36","guid":{"rendered":"https:\/\/umbidesign.xyz\/?product=arsenal-ausruestung-shorts-0551"},"modified":"2025-08-10T14:57:48","modified_gmt":"2025-08-10T14:57:48","slug":"arsenal-ausruestung-shorts-0551","status":"publish","type":"product","link":"https:\/\/umbicap.com\/?produkt=arsenal-ausruestung-shorts-0551&lang=de","title":{"rendered":"ARSENAL Ausr\u00fcstung Shorts 0551"},"content":{"rendered":"\t\t<div data-elementor-type=\"wp-post\" data-elementor-id=\"19612\" class=\"elementor elementor-19612 elementor-10763\">\n\t\t\t\t<div class=\"elementor-element elementor-element-386d97ed e-flex e-con-boxed e-con e-parent\" data-id=\"386d97ed\" data-element_type=\"container\">\n\t\t\t\t\t<div class=\"e-con-inner\">\n\t\t\t\t<div class=\"elementor-element elementor-element-50161d52 elementor-widget elementor-widget-text-editor\" data-id=\"50161d52\" data-element_type=\"widget\" data-widget_type=\"text-editor.default\">\n\t\t\t\t<div class=\"elementor-widget-container\">\n\t\t\t\t\t\t\t\t\t<p data-v-0dde63d0=\"\"><em>Modell:<\/em><br><em>Gr\u00f6\u00dfe M | K\u00f6rpergr\u00f6\u00dfe 185 cm<\/em><\/p><p class=\"composition-text\" data-v-0dde63d0=\"\">Material: <br>&#8211; <strong>100% Polyester<\/strong><br>&#8211; <strong>250 g\/m\u00b2<\/strong>.<\/p><ul><li class=\"observation-text\">Abnehmbares Etikett.<\/li><li class=\"observation-text\">Technischer Stoff.<\/li><li class=\"observation-text\">Atmungsaktives Modell.<br><br><\/li><li><b>Kindergr\u00f6\u00dfen <\/b>in allen Farben <b>erh\u00e4ltlich <\/b>.<\/li><\/ul>\t\t\t\t\t\t\t\t<\/div>\n\t\t\t\t<\/div>\n\t\t\t\t\t<\/div>\n\t\t\t\t<\/div>\n\t\t\t\t<\/div>\n\t\t","protected":false},"excerpt":{"rendered":"<p class=\"product-short-desc \" data-v-0dde63d0=\"\"><strong>Unisex-Torwartshorts.<\/strong><\/p>\n<p class=\"product-short-desc \" data-v-0dde63d0=\"\">Mit gepolsterten Seiteneins\u00e4tzen.<br \/>\nElastischer Bund mit verstellbarem Innenkordelzug.<\/p>\n<div id=\"color-circle-selector-big-screen\" class=\"list-color\" data-v-0dde63d0=\"\">\n<div class=\"circle-list-component d-flex flex-wrap align-items-center\" data-v-488ca956=\"\" data-v-0dde63d0=\"\">\n<div class=\"d-flex flex-wrap\" data-v-488ca956=\"\">\n<div class=\"v-popover poopover-floating color-circle\" data-v-488ca956=\"\">\n<div class=\"trigger\">\n<div class=\"d-flex flex-column text-center details-circle-color\" data-v-488ca956=\"\">\n<div class=\"circle-selector-parent\" data-v-2dcfe275=\"\" data-v-488ca956=\"\"><b>Kindergr\u00f6\u00dfen <\/b>in allen Farben <b>erh\u00e4ltlich <\/b>.<\/div>\n<\/div>\n<\/div>\n<\/div>\n<\/div>\n<\/div>\n<\/div>\n","protected":false},"featured_media":18857,"comment_status":"closed","ping_status":"closed","template":"","meta":[],"product_brand":[],"product_cat":[320,331,332,333,335,330],"product_tag":[],"class_list":{"0":"post-19612","1":"product","2":"type-product","3":"status-publish","4":"has-post-thumbnail","6":"product_cat-alle","7":"product_cat-ausrustung","8":"product_cat-kinder","9":"product_cat-kinder-sport","10":"product_cat-kurze-hosen","11":"product_cat-sport-de","13":"first","14":"instock","15":"shipping-taxable","16":"purchasable","17":"product-type-variable"},"_links":{"self":[{"href":"https:\/\/umbicap.com\/index.php?rest_route=\/wp\/v2\/product\/19612","targetHints":{"allow":["GET"]}}],"collection":[{"href":"https:\/\/umbicap.com\/index.php?rest_route=\/wp\/v2\/product"}],"about":[{"href":"https:\/\/umbicap.com\/index.php?rest_route=\/wp\/v2\/types\/product"}],"replies":[{"embeddable":true,"href":"https:\/\/umbicap.com\/index.php?rest_route=%2Fwp%2Fv2%2Fcomments&post=19612"}],"version-history":[{"count":1,"href":"https:\/\/umbicap.com\/index.php?rest_route=\/wp\/v2\/product\/19612\/revisions"}],"predecessor-version":[{"id":19614,"href":"https:\/\/umbicap.com\/index.php?rest_route=\/wp\/v2\/product\/19612\/revisions\/19614"}],"wp:featuredmedia":[{"embeddable":true,"href":"https:\/\/umbicap.com\/index.php?rest_route=\/wp\/v2\/media\/18857"}],"wp:attachment":[{"href":"https:\/\/umbicap.com\/index.php?rest_route=%2Fwp%2Fv2%2Fmedia&parent=19612"}],"wp:term":[{"taxonomy":"product_brand","embeddable":true,"href":"https:\/\/umbicap.com\/index.php?rest_route=%2Fwp%2Fv2%2Fproduct_brand&post=19612"},{"taxonomy":"product_cat","embeddable":true,"href":"https:\/\/umbicap.com\/index.php?rest_route=%2Fwp%2Fv2%2Fproduct_cat&post=19612"},{"taxonomy":"product_tag","embeddable":true,"href":"https:\/\/umbicap.com\/index.php?rest_route=%2Fwp%2Fv2%2Fproduct_tag&post=19612"}],"curies":[{"name":"wp","href":"https:\/\/api.w.org\/{rel}","templated":true}]}}