{"id":19624,"date":"2025-07-29T17:43:43","date_gmt":"2025-07-29T17:43:43","guid":{"rendered":"https:\/\/umbidesign.xyz\/?product=equipement-united-0457"},"modified":"2025-08-10T14:57:04","modified_gmt":"2025-08-10T14:57:04","slug":"equipement-united-0457","status":"publish","type":"product","link":"https:\/\/umbicap.com\/?produit=equipement-united-0457&lang=fr","title":{"rendered":"\u00c9quipement UNITED 0457"},"content":{"rendered":"\t\t<div data-elementor-type=\"wp-post\" data-elementor-id=\"19624\" class=\"elementor elementor-19624 elementor-10674\">\n\t\t\t\t<div class=\"elementor-element elementor-element-386d97ed e-flex e-con-boxed e-con e-parent\" data-id=\"386d97ed\" data-element_type=\"container\">\n\t\t\t\t\t<div class=\"e-con-inner\">\n\t\t\t\t<div class=\"elementor-element elementor-element-50161d52 elementor-widget elementor-widget-text-editor\" data-id=\"50161d52\" data-element_type=\"widget\" data-widget_type=\"text-editor.default\">\n\t\t\t\t<div class=\"elementor-widget-container\">\n\t\t\t\t\t\t\t\t\t<p data-v-0dde63d0=\"\"><em>Mod\u00e8le :<\/em><br><em>Taille L | Taille 190 cm<\/em><\/p><p class=\"composition-text\" data-v-0dde63d0=\"\">Mati\u00e8re :<br>&#8211; <strong>100% polyester<\/strong><br>&#8211; <strong>140 g\/m\u00b2<\/strong>.<\/p><ul><li class=\"observation-text\">Ensemble sans chaussettes.<\/li><li class=\"observation-text\">\u00c9tiquette amovible.<\/li><li class=\"observation-text\">Tissu respirant.<\/li><li class=\"observation-text\">Paquet de plusieurs pi\u00e8ces.<br><br><\/li><li><b>Des tailles enfant sont disponibles <\/b>dans toutes les couleurs.<\/li><\/ul>\t\t\t\t\t\t\t\t<\/div>\n\t\t\t\t<\/div>\n\t\t\t\t\t<\/div>\n\t\t\t\t<\/div>\n\t\t\t\t<\/div>\n\t\t","protected":false},"excerpt":{"rendered":"<p class=\"product-short-desc \" data-v-0dde63d0=\"\"><strong>T-shirt et short de sport.<\/strong><\/p>\n<ul>\n<li class=\"product-short-desc \">Sweatshirt \u00e0 double col fantaisie, avec des coutures renforc\u00e9es \u00e0 l&#8217;int\u00e9rieur.<\/li>\n<li class=\"product-short-desc \">Epaule avec passepoil contrast\u00e9.<\/li>\n<li class=\"product-short-desc \">Manches courtes avec bordures contrast\u00e9es.<\/li>\n<li class=\"product-short-desc \">Short avec ceinture \u00e9lastiqu\u00e9e, cordon de serrage r\u00e9glable \u00e0 l&#8217;int\u00e9rieur et coutures de s\u00e9curit\u00e9.<\/li>\n<\/ul>\n<p class=\"product-short-desc \" data-v-0dde63d0=\"\"><b>Des tailles enfant sont disponibles <\/b>dans toutes les couleurs.<\/p>\n","protected":false},"featured_media":18706,"comment_status":"closed","ping_status":"closed","template":"","meta":[],"product_brand":[],"product_cat":[324,322,321,325,319],"product_tag":[],"class_list":{"0":"post-19624","1":"product","2":"type-product","3":"status-publish","4":"has-post-thumbnail","6":"product_cat-enfants","7":"product_cat-equipement","8":"product_cat-le-sport","9":"product_cat-sport-pour-enfants","10":"product_cat-tous","12":"first","13":"instock","14":"featured","15":"shipping-taxable","16":"purchasable","17":"product-type-variable"},"_links":{"self":[{"href":"https:\/\/umbicap.com\/index.php?rest_route=\/wp\/v2\/product\/19624","targetHints":{"allow":["GET"]}}],"collection":[{"href":"https:\/\/umbicap.com\/index.php?rest_route=\/wp\/v2\/product"}],"about":[{"href":"https:\/\/umbicap.com\/index.php?rest_route=\/wp\/v2\/types\/product"}],"replies":[{"embeddable":true,"href":"https:\/\/umbicap.com\/index.php?rest_route=%2Fwp%2Fv2%2Fcomments&post=19624"}],"version-history":[{"count":1,"href":"https:\/\/umbicap.com\/index.php?rest_route=\/wp\/v2\/product\/19624\/revisions"}],"predecessor-version":[{"id":19632,"href":"https:\/\/umbicap.com\/index.php?rest_route=\/wp\/v2\/product\/19624\/revisions\/19632"}],"wp:featuredmedia":[{"embeddable":true,"href":"https:\/\/umbicap.com\/index.php?rest_route=\/wp\/v2\/media\/18706"}],"wp:attachment":[{"href":"https:\/\/umbicap.com\/index.php?rest_route=%2Fwp%2Fv2%2Fmedia&parent=19624"}],"wp:term":[{"taxonomy":"product_brand","embeddable":true,"href":"https:\/\/umbicap.com\/index.php?rest_route=%2Fwp%2Fv2%2Fproduct_brand&post=19624"},{"taxonomy":"product_cat","embeddable":true,"href":"https:\/\/umbicap.com\/index.php?rest_route=%2Fwp%2Fv2%2Fproduct_cat&post=19624"},{"taxonomy":"product_tag","embeddable":true,"href":"https:\/\/umbicap.com\/index.php?rest_route=%2Fwp%2Fv2%2Fproduct_tag&post=19624"}],"curies":[{"name":"wp","href":"https:\/\/api.w.org\/{rel}","templated":true}]}}