{"id":19640,"date":"2025-07-29T16:01:40","date_gmt":"2025-07-29T16:01:40","guid":{"rendered":"https:\/\/umbidesign.xyz\/?product=esparta-trainingsanzug-0338"},"modified":"2025-08-10T14:57:48","modified_gmt":"2025-08-10T14:57:48","slug":"esparta-trainingsanzug-0338","status":"publish","type":"product","link":"https:\/\/umbicap.com\/?produkt=esparta-trainingsanzug-0338&lang=de","title":{"rendered":"ESPARTA Trainingsanzug 0338"},"content":{"rendered":"\t\t<div data-elementor-type=\"wp-post\" data-elementor-id=\"19640\" class=\"elementor elementor-19640 elementor-10515\">\n\t\t\t\t<div class=\"elementor-element elementor-element-386d97ed e-flex e-con-boxed e-con e-parent\" data-id=\"386d97ed\" data-element_type=\"container\">\n\t\t\t\t\t<div class=\"e-con-inner\">\n\t\t\t\t<div class=\"elementor-element elementor-element-50161d52 elementor-widget elementor-widget-text-editor\" data-id=\"50161d52\" data-element_type=\"widget\" data-widget_type=\"text-editor.default\">\n\t\t\t\t<div class=\"elementor-widget-container\">\n\t\t\t\t\t\t\t\t\t<p data-v-0dde63d0=\"\"><em>Modell:<\/em><br><em>Gr\u00f6\u00dfe M | H\u00f6he 182 cm<\/em><\/p><p class=\"composition-text\" data-v-0dde63d0=\"\">Material:<br>&#8211; <strong>100% Polyester<\/strong>, einfarbiges Acetatgewebe<br>&#8211; <strong>210 g\/m\u00b2<\/strong>.<\/p><ul><li class=\"observation-text\">Abnehmbares Etikett.<\/li><li class=\"observation-text\">Packung mit mehreren St\u00fccken.<br><br><\/li><li><b>Kindergr\u00f6\u00dfen <\/b>in allen Farben <b>erh\u00e4ltlich <\/b>.<\/li><\/ul>\t\t\t\t\t\t\t\t<\/div>\n\t\t\t\t<\/div>\n\t\t\t\t\t<\/div>\n\t\t\t\t<\/div>\n\t\t\t\t<\/div>\n\t\t","protected":false},"excerpt":{"rendered":"<p class=\"product-short-desc \" data-v-0dde63d0=\"\"><strong>Kombinierter Trainingsanzug &#8211; Jacke und Hose.<\/strong><\/p>\n<ul>\n<li class=\"product-short-desc \">Hoher Kragen mit Rei\u00dfverschlussprotektor.<\/li>\n<li class=\"product-short-desc \">Vordertaschen mit Kontrastdetail.<\/li>\n<li class=\"product-short-desc \">Kontrastfarbene 1&#215;1-Rippb\u00fcndchen an \u00c4rmeln und Bund.<\/li>\n<li class=\"product-short-desc \">Zentraler Rei\u00dfverschluss mit innerer Nahtabdeckung.<\/li>\n<li class=\"product-short-desc \">Hose mit elastischem Bund und verstellbarem Kordelzug mit Sicherheitsn\u00e4hten und zwei Seitentaschen mit Detail.<\/li>\n<li class=\"product-short-desc \">Sehr bequemes Velours-Innenmaterial.<\/li>\n<li class=\"product-short-desc \">Rei\u00dfverschluss am Bund.<\/li>\n<\/ul>\n<p class=\"p1\"><b>Kindergr\u00f6\u00dfen <\/b>in allen Farben <b>erh\u00e4ltlich <\/b>.<\/p>\n","protected":false},"featured_media":18431,"comment_status":"closed","ping_status":"closed","template":"","meta":[],"product_brand":[],"product_cat":[320,332,333,330,337],"product_tag":[],"class_list":{"0":"post-19640","1":"product","2":"type-product","3":"status-publish","4":"has-post-thumbnail","6":"product_cat-alle","7":"product_cat-kinder","8":"product_cat-kinder-sport","9":"product_cat-sport-de","10":"product_cat-trainingsanzug","12":"first","13":"instock","14":"featured","15":"shipping-taxable","16":"purchasable","17":"product-type-variable"},"_links":{"self":[{"href":"https:\/\/umbicap.com\/index.php?rest_route=\/wp\/v2\/product\/19640","targetHints":{"allow":["GET"]}}],"collection":[{"href":"https:\/\/umbicap.com\/index.php?rest_route=\/wp\/v2\/product"}],"about":[{"href":"https:\/\/umbicap.com\/index.php?rest_route=\/wp\/v2\/types\/product"}],"replies":[{"embeddable":true,"href":"https:\/\/umbicap.com\/index.php?rest_route=%2Fwp%2Fv2%2Fcomments&post=19640"}],"version-history":[{"count":1,"href":"https:\/\/umbicap.com\/index.php?rest_route=\/wp\/v2\/product\/19640\/revisions"}],"predecessor-version":[{"id":19648,"href":"https:\/\/umbicap.com\/index.php?rest_route=\/wp\/v2\/product\/19640\/revisions\/19648"}],"wp:featuredmedia":[{"embeddable":true,"href":"https:\/\/umbicap.com\/index.php?rest_route=\/wp\/v2\/media\/18431"}],"wp:attachment":[{"href":"https:\/\/umbicap.com\/index.php?rest_route=%2Fwp%2Fv2%2Fmedia&parent=19640"}],"wp:term":[{"taxonomy":"product_brand","embeddable":true,"href":"https:\/\/umbicap.com\/index.php?rest_route=%2Fwp%2Fv2%2Fproduct_brand&post=19640"},{"taxonomy":"product_cat","embeddable":true,"href":"https:\/\/umbicap.com\/index.php?rest_route=%2Fwp%2Fv2%2Fproduct_cat&post=19640"},{"taxonomy":"product_tag","embeddable":true,"href":"https:\/\/umbicap.com\/index.php?rest_route=%2Fwp%2Fv2%2Fproduct_tag&post=19640"}],"curies":[{"name":"wp","href":"https:\/\/api.w.org\/{rel}","templated":true}]}}