{"id":19727,"date":"2025-07-29T15:36:52","date_gmt":"2025-07-29T15:36:52","guid":{"rendered":"https:\/\/umbidesign.xyz\/?product=veste-de-sport-epiro-1115"},"modified":"2025-08-10T14:57:04","modified_gmt":"2025-08-10T14:57:04","slug":"veste-de-sport-epiro-1115","status":"publish","type":"product","link":"https:\/\/umbicap.com\/?produit=veste-de-sport-epiro-1115&lang=fr","title":{"rendered":"Veste de sport EPIRO 1115"},"content":{"rendered":"\t\t<div data-elementor-type=\"wp-post\" data-elementor-id=\"19727\" class=\"elementor elementor-19727 elementor-10455\">\n\t\t\t\t<div class=\"elementor-element elementor-element-386d97ed e-flex e-con-boxed e-con e-parent\" data-id=\"386d97ed\" data-element_type=\"container\">\n\t\t\t\t\t<div class=\"e-con-inner\">\n\t\t\t\t<div class=\"elementor-element elementor-element-50161d52 elementor-widget elementor-widget-text-editor\" data-id=\"50161d52\" data-element_type=\"widget\" data-widget_type=\"text-editor.default\">\n\t\t\t\t<div class=\"elementor-widget-container\">\n\t\t\t\t\t\t\t\t\t<p data-v-0dde63d0=\"\"><em>Mod\u00e8le :<\/em><br><em>Taille M | Taille 182 cm<\/em><\/p><p class=\"composition-text\" data-v-0dde63d0=\"\">Mati\u00e8re :<br>&#8211; <strong>100% polyester<\/strong><br>&#8211; <strong>200 g\/m\u00b2<\/strong>.<\/p><ul><li class=\"observation-text\">Pull \u00e0 combiner avec le pantalon NEAPOLIS.<\/li><li class=\"observation-text\">\u00c9tiquette amovible.<\/li><li class=\"observation-text\">Tissu technique.<br><br><\/li><li><b>Des tailles enfant sont disponibles <\/b>dans toutes les couleurs.<\/li><\/ul>\t\t\t\t\t\t\t\t<\/div>\n\t\t\t\t<\/div>\n\t\t\t\t\t<\/div>\n\t\t\t\t<\/div>\n\t\t\t\t<\/div>\n\t\t","protected":false},"excerpt":{"rendered":"<p class=\"product-short-desc \" data-v-0dde63d0=\"\"><strong>Veste \u00e0 manches en Reglan.<\/strong><\/p>\n<p class=\"product-short-desc \" data-v-0dde63d0=\"\">Int\u00e9rieur cartonn\u00e9.<br \/>\nCol avec demi-fermeture \u00e0 glissi\u00e8re et recouvrement des coutures renforc\u00e9 \u00e0 l&#8217;int\u00e9rieur dans la m\u00eame couleur.<br \/>\nDos du col, poignets et ceinture des jambes en c\u00f4te 1&#215;1.<\/p>\n<p class=\"p1\"><b>Des tailles enfant sont disponibles <\/b>dans toutes les couleurs.<\/p>\n","protected":false},"featured_media":18355,"comment_status":"closed","ping_status":"closed","template":"","meta":[],"product_brand":[],"product_cat":[324,321,325,319,341],"product_tag":[],"class_list":{"0":"post-19727","1":"product","2":"type-product","3":"status-publish","4":"has-post-thumbnail","6":"product_cat-enfants","7":"product_cat-le-sport","8":"product_cat-sport-pour-enfants","9":"product_cat-tous","10":"product_cat-veste","12":"first","13":"instock","14":"featured","15":"shipping-taxable","16":"purchasable","17":"product-type-variable"},"_links":{"self":[{"href":"https:\/\/umbicap.com\/index.php?rest_route=\/wp\/v2\/product\/19727","targetHints":{"allow":["GET"]}}],"collection":[{"href":"https:\/\/umbicap.com\/index.php?rest_route=\/wp\/v2\/product"}],"about":[{"href":"https:\/\/umbicap.com\/index.php?rest_route=\/wp\/v2\/types\/product"}],"replies":[{"embeddable":true,"href":"https:\/\/umbicap.com\/index.php?rest_route=%2Fwp%2Fv2%2Fcomments&post=19727"}],"version-history":[{"count":1,"href":"https:\/\/umbicap.com\/index.php?rest_route=\/wp\/v2\/product\/19727\/revisions"}],"predecessor-version":[{"id":19736,"href":"https:\/\/umbicap.com\/index.php?rest_route=\/wp\/v2\/product\/19727\/revisions\/19736"}],"wp:featuredmedia":[{"embeddable":true,"href":"https:\/\/umbicap.com\/index.php?rest_route=\/wp\/v2\/media\/18355"}],"wp:attachment":[{"href":"https:\/\/umbicap.com\/index.php?rest_route=%2Fwp%2Fv2%2Fmedia&parent=19727"}],"wp:term":[{"taxonomy":"product_brand","embeddable":true,"href":"https:\/\/umbicap.com\/index.php?rest_route=%2Fwp%2Fv2%2Fproduct_brand&post=19727"},{"taxonomy":"product_cat","embeddable":true,"href":"https:\/\/umbicap.com\/index.php?rest_route=%2Fwp%2Fv2%2Fproduct_cat&post=19727"},{"taxonomy":"product_tag","embeddable":true,"href":"https:\/\/umbicap.com\/index.php?rest_route=%2Fwp%2Fv2%2Fproduct_tag&post=19727"}],"curies":[{"name":"wp","href":"https:\/\/api.w.org\/{rel}","templated":true}]}}