{"id":19740,"date":"2025-07-29T15:36:52","date_gmt":"2025-07-29T15:36:52","guid":{"rendered":"https:\/\/umbidesign.xyz\/?product=epiro-sportjacke-1115"},"modified":"2025-08-10T14:57:48","modified_gmt":"2025-08-10T14:57:48","slug":"epiro-sportjacke-1115","status":"publish","type":"product","link":"https:\/\/umbicap.com\/?produkt=epiro-sportjacke-1115&lang=de","title":{"rendered":"EPIRO Sportjacke 1115"},"content":{"rendered":"\t\t<div data-elementor-type=\"wp-post\" data-elementor-id=\"19740\" class=\"elementor elementor-19740 elementor-10455\">\n\t\t\t\t<div class=\"elementor-element elementor-element-386d97ed e-flex e-con-boxed e-con e-parent\" data-id=\"386d97ed\" data-element_type=\"container\">\n\t\t\t\t\t<div class=\"e-con-inner\">\n\t\t\t\t<div class=\"elementor-element elementor-element-50161d52 elementor-widget elementor-widget-text-editor\" data-id=\"50161d52\" data-element_type=\"widget\" data-widget_type=\"text-editor.default\">\n\t\t\t\t<div class=\"elementor-widget-container\">\n\t\t\t\t\t\t\t\t\t<p data-v-0dde63d0=\"\"><em>Modell:<\/em><br><em>Gr\u00f6\u00dfe M | H\u00f6he 182 cm<\/em><\/p><p class=\"composition-text\" data-v-0dde63d0=\"\">Material:<br>&#8211; <strong>100% Polyester<\/strong><br>&#8211; <strong>200 g\/m\u00b2<\/strong>.<\/p><ul><li class=\"observation-text\">Pullover zum Kombinieren mit NEAPOLIS-Hosen.<\/li><li class=\"observation-text\">Abnehmbares Etikett.<\/li><li class=\"observation-text\">Technischer Stoff.<br><br><\/li><li><b>Kindergr\u00f6\u00dfen <\/b>in allen Farben <b>erh\u00e4ltlich <\/b>.<\/li><\/ul>\t\t\t\t\t\t\t\t<\/div>\n\t\t\t\t<\/div>\n\t\t\t\t\t<\/div>\n\t\t\t\t<\/div>\n\t\t\t\t<\/div>\n\t\t","protected":false},"excerpt":{"rendered":"<p class=\"product-short-desc \" data-v-0dde63d0=\"\"><strong>Reglan-\u00c4rmeljacke.<\/strong><\/p>\n<p class=\"product-short-desc \" data-v-0dde63d0=\"\">Innen kardiert.<br \/>\nKragen mit halbem Rei\u00dfverschluss und verst\u00e4rkter Nahtabdeckung innen in der gleichen Farbe.<br \/>\nKragenr\u00fcckseite, Manschetten und Beinabschluss aus 1&#215;1-Ripp.<\/p>\n<p class=\"p1\"><b>Kindergr\u00f6\u00dfen <\/b>in allen Farben <b>erh\u00e4ltlich <\/b>.<\/p>\n","protected":false},"featured_media":18356,"comment_status":"closed","ping_status":"closed","template":"","meta":[],"product_brand":[],"product_cat":[320,343,332,333,330],"product_tag":[],"class_list":{"0":"post-19740","1":"product","2":"type-product","3":"status-publish","4":"has-post-thumbnail","6":"product_cat-alle","7":"product_cat-jacke","8":"product_cat-kinder","9":"product_cat-kinder-sport","10":"product_cat-sport-de","12":"first","13":"instock","14":"featured","15":"shipping-taxable","16":"purchasable","17":"product-type-variable"},"_links":{"self":[{"href":"https:\/\/umbicap.com\/index.php?rest_route=\/wp\/v2\/product\/19740","targetHints":{"allow":["GET"]}}],"collection":[{"href":"https:\/\/umbicap.com\/index.php?rest_route=\/wp\/v2\/product"}],"about":[{"href":"https:\/\/umbicap.com\/index.php?rest_route=\/wp\/v2\/types\/product"}],"replies":[{"embeddable":true,"href":"https:\/\/umbicap.com\/index.php?rest_route=%2Fwp%2Fv2%2Fcomments&post=19740"}],"version-history":[{"count":1,"href":"https:\/\/umbicap.com\/index.php?rest_route=\/wp\/v2\/product\/19740\/revisions"}],"predecessor-version":[{"id":19749,"href":"https:\/\/umbicap.com\/index.php?rest_route=\/wp\/v2\/product\/19740\/revisions\/19749"}],"wp:featuredmedia":[{"embeddable":true,"href":"https:\/\/umbicap.com\/index.php?rest_route=\/wp\/v2\/media\/18356"}],"wp:attachment":[{"href":"https:\/\/umbicap.com\/index.php?rest_route=%2Fwp%2Fv2%2Fmedia&parent=19740"}],"wp:term":[{"taxonomy":"product_brand","embeddable":true,"href":"https:\/\/umbicap.com\/index.php?rest_route=%2Fwp%2Fv2%2Fproduct_brand&post=19740"},{"taxonomy":"product_cat","embeddable":true,"href":"https:\/\/umbicap.com\/index.php?rest_route=%2Fwp%2Fv2%2Fproduct_cat&post=19740"},{"taxonomy":"product_tag","embeddable":true,"href":"https:\/\/umbicap.com\/index.php?rest_route=%2Fwp%2Fv2%2Fproduct_tag&post=19740"}],"curies":[{"name":"wp","href":"https:\/\/api.w.org\/{rel}","templated":true}]}}