{"id":19758,"date":"2025-07-29T15:24:25","date_gmt":"2025-07-29T15:24:25","guid":{"rendered":"https:\/\/umbidesign.xyz\/?product=survetement-creta-6410"},"modified":"2025-08-10T14:57:04","modified_gmt":"2025-08-10T14:57:04","slug":"survetement-creta-6410","status":"publish","type":"product","link":"https:\/\/umbicap.com\/?produit=survetement-creta-6410&lang=fr","title":{"rendered":"Surv\u00eatement CRETA 6410"},"content":{"rendered":"\t\t<div data-elementor-type=\"wp-post\" data-elementor-id=\"19758\" class=\"elementor elementor-19758 elementor-10417\">\n\t\t\t\t<div class=\"elementor-element elementor-element-386d97ed e-flex e-con-boxed e-con e-parent\" data-id=\"386d97ed\" data-element_type=\"container\">\n\t\t\t\t\t<div class=\"e-con-inner\">\n\t\t\t\t<div class=\"elementor-element elementor-element-50161d52 elementor-widget elementor-widget-text-editor\" data-id=\"50161d52\" data-element_type=\"widget\" data-widget_type=\"text-editor.default\">\n\t\t\t\t<div class=\"elementor-widget-container\">\n\t\t\t\t\t\t\t\t\t<p data-v-0dde63d0=\"\"><em>Mod\u00e8le :<\/em><br><em>Taille 182 cm<\/em><\/p><p class=\"composition-text\" data-v-0dde63d0=\"\">Mati\u00e8re :<br>&#8211; <strong>100% polyester<\/strong>, tissu ac\u00e9tate uni<br>&#8211; <strong>210 g\/m\u00b2<\/strong>.<\/p><ul><li class=\"observation-text\">\u00c9tiquette amovible.  <\/li><li class=\"observation-text\">Dur\u00e9e du catalogue &#8211; 3 ans.  <\/li><li class=\"observation-text\">Votre commande peut comprendre des mod\u00e8les avec des poches zipp\u00e9es ou non, en fonction de la disponibilit\u00e9.<br><br><\/li><li class=\"observation-text\"><b>Des tailles enfant sont disponibles <\/b>dans toutes les couleurs.<\/li><\/ul>\t\t\t\t\t\t\t\t<\/div>\n\t\t\t\t<\/div>\n\t\t\t\t\t<\/div>\n\t\t\t\t<\/div>\n\t\t\t\t<\/div>\n\t\t","protected":false},"excerpt":{"rendered":"<p class=\"product-short-desc \" data-v-0dde63d0=\"\"><strong>Surv\u00eatement combin\u00e9 :  <\/strong><\/p>\n<ul>\n<li class=\"product-short-desc \">Col montant avec cache couture int\u00e9rieur dans la m\u00eame couleur.<\/li>\n<li class=\"product-short-desc \">Col, poignets et ceinture en c\u00f4tes 1&#215;1.<\/li>\n<li class=\"product-short-desc \">Fermeture centrale dans le m\u00eame ton avec tirette.<\/li>\n<li class=\"product-short-desc \">Poches lat\u00e9rales zipp\u00e9es sur la veste.<\/li>\n<li class=\"product-short-desc \">Bande lat\u00e9rale contrast\u00e9e.<\/li>\n<li class=\"product-short-desc \">Pantalon avec taille \u00e9lastiqu\u00e9e et cordon de serrage ajustable.<\/li>\n<li class=\"product-short-desc \">Deux poches lat\u00e9rales.<\/li>\n<li class=\"product-short-desc \">Poche arri\u00e8re avec fermeture \u00e9clair.<\/li>\n<li class=\"product-short-desc \">Ceinture de la jambe avec poignets \u00e9lastiques en c\u00f4tes 1&#215;1.<\/li>\n<\/ul>\n<p class=\"p1\"><b>Des tailles enfant sont disponibles <\/b>dans toutes les couleurs.<\/p>\n","protected":false},"featured_media":18298,"comment_status":"closed","ping_status":"closed","template":"","meta":[],"product_brand":[],"product_cat":[324,321,325,338,319],"product_tag":[],"class_list":{"0":"post-19758","1":"product","2":"type-product","3":"status-publish","4":"has-post-thumbnail","6":"product_cat-enfants","7":"product_cat-le-sport","8":"product_cat-sport-pour-enfants","9":"product_cat-survetement","10":"product_cat-tous","12":"first","13":"instock","14":"featured","15":"shipping-taxable","16":"purchasable","17":"product-type-variable"},"_links":{"self":[{"href":"https:\/\/umbicap.com\/index.php?rest_route=\/wp\/v2\/product\/19758","targetHints":{"allow":["GET"]}}],"collection":[{"href":"https:\/\/umbicap.com\/index.php?rest_route=\/wp\/v2\/product"}],"about":[{"href":"https:\/\/umbicap.com\/index.php?rest_route=\/wp\/v2\/types\/product"}],"replies":[{"embeddable":true,"href":"https:\/\/umbicap.com\/index.php?rest_route=%2Fwp%2Fv2%2Fcomments&post=19758"}],"version-history":[{"count":1,"href":"https:\/\/umbicap.com\/index.php?rest_route=\/wp\/v2\/product\/19758\/revisions"}],"predecessor-version":[{"id":19774,"href":"https:\/\/umbicap.com\/index.php?rest_route=\/wp\/v2\/product\/19758\/revisions\/19774"}],"wp:featuredmedia":[{"embeddable":true,"href":"https:\/\/umbicap.com\/index.php?rest_route=\/wp\/v2\/media\/18298"}],"wp:attachment":[{"href":"https:\/\/umbicap.com\/index.php?rest_route=%2Fwp%2Fv2%2Fmedia&parent=19758"}],"wp:term":[{"taxonomy":"product_brand","embeddable":true,"href":"https:\/\/umbicap.com\/index.php?rest_route=%2Fwp%2Fv2%2Fproduct_brand&post=19758"},{"taxonomy":"product_cat","embeddable":true,"href":"https:\/\/umbicap.com\/index.php?rest_route=%2Fwp%2Fv2%2Fproduct_cat&post=19758"},{"taxonomy":"product_tag","embeddable":true,"href":"https:\/\/umbicap.com\/index.php?rest_route=%2Fwp%2Fv2%2Fproduct_tag&post=19758"}],"curies":[{"name":"wp","href":"https:\/\/api.w.org\/{rel}","templated":true}]}}