{"id":19828,"date":"2025-07-29T15:10:54","date_gmt":"2025-07-29T15:10:54","guid":{"rendered":"https:\/\/umbidesign.xyz\/?product=athenas-0039-combinaison-de-train"},"modified":"2025-08-10T14:57:04","modified_gmt":"2025-08-10T14:57:04","slug":"athenas-0039-combinaison-de-train","status":"publish","type":"product","link":"https:\/\/umbicap.com\/?produit=athenas-0039-combinaison-de-train&lang=fr","title":{"rendered":"ATHENAS 0039 combinaison de train"},"content":{"rendered":"\t\t<div data-elementor-type=\"wp-post\" data-elementor-id=\"19828\" class=\"elementor elementor-19828 elementor-10388\">\n\t\t\t\t<div class=\"elementor-element elementor-element-386d97ed e-flex e-con-boxed e-con e-parent\" data-id=\"386d97ed\" data-element_type=\"container\">\n\t\t\t\t\t<div class=\"e-con-inner\">\n\t\t\t\t<div class=\"elementor-element elementor-element-50161d52 elementor-widget elementor-widget-text-editor\" data-id=\"50161d52\" data-element_type=\"widget\" data-widget_type=\"text-editor.default\">\n\t\t\t\t<div class=\"elementor-widget-container\">\n\t\t\t\t\t\t\t\t\t<p data-v-0dde63d0=\"\"><em>Mod\u00e8le :<\/em><br><em>Taille 190 cm<\/em><\/p><p class=\"composition-text\" data-v-0dde63d0=\"\">Mati\u00e8re :<br>&#8211; <strong>100% polyester<\/strong>, tissu ac\u00e9tate uni<br>&#8211; <strong>210 g\/m\u00b2<\/strong>.<\/p><ul><li class=\"observation-text\">\u00c9tiquette amovible.<\/li><li class=\"observation-text\">Paquet de plusieurs pi\u00e8ces.  <br><br><\/li><li class=\"observation-text\"><b>Des tailles enfant sont disponibles <\/b>dans toutes les couleurs.<\/li><\/ul>\t\t\t\t\t\t\t\t<\/div>\n\t\t\t\t<\/div>\n\t\t\t\t\t<\/div>\n\t\t\t\t<\/div>\n\t\t\t\t<\/div>\n\t\t","protected":false},"excerpt":{"rendered":"<p class=\"product-short-desc \" data-v-0dde63d0=\"\"><strong>Combinaison surv\u00eatement &#8211; veste + pantalon.<\/strong><\/p>\n<ul>\n<li class=\"product-short-desc \">Col montant.<\/li>\n<li class=\"product-short-desc \">Poches avant avec d\u00e9tails.<\/li>\n<li class=\"product-short-desc \">Poignets et ceinture en c\u00f4tes 1&#215;1.<\/li>\n<li class=\"product-short-desc \">Fermeture \u00e0 glissi\u00e8re centrale avec couture int\u00e9rieure contrast\u00e9e.<\/li>\n<li class=\"product-short-desc \">Pantalon avec taille \u00e9lastiqu\u00e9e et cordon de serrage ajustable avec coutures de s\u00e9curit\u00e9 et poches lat\u00e9rales d\u00e9taill\u00e9es.<\/li>\n<li class=\"product-short-desc \">Tissu int\u00e9rieur en velours tr\u00e8s confortable.<\/li>\n<\/ul>\n<p class=\"p1\"><b>Des tailles enfant sont disponibles <\/b>dans toutes les couleurs.<\/p>\n","protected":false},"featured_media":18274,"comment_status":"closed","ping_status":"closed","template":"","meta":[],"product_brand":[],"product_cat":[324,321,325,338,319],"product_tag":[],"class_list":{"0":"post-19828","1":"product","2":"type-product","3":"status-publish","4":"has-post-thumbnail","6":"product_cat-enfants","7":"product_cat-le-sport","8":"product_cat-sport-pour-enfants","9":"product_cat-survetement","10":"product_cat-tous","12":"first","13":"instock","14":"featured","15":"shipping-taxable","16":"purchasable","17":"product-type-variable"},"_links":{"self":[{"href":"https:\/\/umbicap.com\/index.php?rest_route=\/wp\/v2\/product\/19828","targetHints":{"allow":["GET"]}}],"collection":[{"href":"https:\/\/umbicap.com\/index.php?rest_route=\/wp\/v2\/product"}],"about":[{"href":"https:\/\/umbicap.com\/index.php?rest_route=\/wp\/v2\/types\/product"}],"replies":[{"embeddable":true,"href":"https:\/\/umbicap.com\/index.php?rest_route=%2Fwp%2Fv2%2Fcomments&post=19828"}],"version-history":[{"count":1,"href":"https:\/\/umbicap.com\/index.php?rest_route=\/wp\/v2\/product\/19828\/revisions"}],"predecessor-version":[{"id":19838,"href":"https:\/\/umbicap.com\/index.php?rest_route=\/wp\/v2\/product\/19828\/revisions\/19838"}],"wp:featuredmedia":[{"embeddable":true,"href":"https:\/\/umbicap.com\/index.php?rest_route=\/wp\/v2\/media\/18274"}],"wp:attachment":[{"href":"https:\/\/umbicap.com\/index.php?rest_route=%2Fwp%2Fv2%2Fmedia&parent=19828"}],"wp:term":[{"taxonomy":"product_brand","embeddable":true,"href":"https:\/\/umbicap.com\/index.php?rest_route=%2Fwp%2Fv2%2Fproduct_brand&post=19828"},{"taxonomy":"product_cat","embeddable":true,"href":"https:\/\/umbicap.com\/index.php?rest_route=%2Fwp%2Fv2%2Fproduct_cat&post=19828"},{"taxonomy":"product_tag","embeddable":true,"href":"https:\/\/umbicap.com\/index.php?rest_route=%2Fwp%2Fv2%2Fproduct_tag&post=19828"}],"curies":[{"name":"wp","href":"https:\/\/api.w.org\/{rel}","templated":true}]}}