{"id":19918,"date":"2025-07-29T07:55:32","date_gmt":"2025-07-29T07:55:32","guid":{"rendered":"https:\/\/umbidesign.xyz\/?product=short-sport-zippe-betis-0419"},"modified":"2025-08-10T14:56:31","modified_gmt":"2025-08-10T14:56:31","slug":"short-sport-zippe-betis-0419","status":"publish","type":"product","link":"https:\/\/umbicap.com\/?produit=short-sport-zippe-betis-0419&lang=fr","title":{"rendered":"Short sport zipp\u00e9 BETIS 0419"},"content":{"rendered":"\t\t<div data-elementor-type=\"wp-post\" data-elementor-id=\"19918\" class=\"elementor elementor-19918 elementor-10149\">\n\t\t\t\t<div class=\"elementor-element elementor-element-386d97ed e-flex e-con-boxed e-con e-parent\" data-id=\"386d97ed\" data-element_type=\"container\">\n\t\t\t\t\t<div class=\"e-con-inner\">\n\t\t\t\t<div class=\"elementor-element elementor-element-50161d52 elementor-widget elementor-widget-text-editor\" data-id=\"50161d52\" data-element_type=\"widget\" data-widget_type=\"text-editor.default\">\n\t\t\t\t<div class=\"elementor-widget-container\">\n\t\t\t\t\t\t\t\t\t<p data-v-0dde63d0=\"\"><em>Mod\u00e8le :<\/em><br><em>Taille M | Taille 182 cm<\/em><\/p><div class=\"mb-3 d-flex flex-column\" data-v-0dde63d0=\"\"><p class=\"composition-text\" data-v-0dde63d0=\"\">Mati\u00e8re :<br>&#8211; <strong>63% coton \/ 37% polyester<\/strong>, interlock<br>&#8211; <strong>270 g\/m\u00b2<\/strong>.<\/p><ul><li class=\"observation-text\">\u00c9tiquette amovible.<\/li><\/ul><\/div>\t\t\t\t\t\t\t\t<\/div>\n\t\t\t\t<\/div>\n\t\t\t\t\t<\/div>\n\t\t\t\t<\/div>\n\t\t\t\t<\/div>\n\t\t","protected":false},"excerpt":{"rendered":"<p class=\"product-short-desc \" data-v-0dde63d0=\"\"><strong>Short avec taille \u00e9lastiqu\u00e9e et cordon de serrage, avec \u0153illets m\u00e9talliques.<\/strong><\/p>\n<p class=\"product-short-desc \" data-v-0dde63d0=\"\">Deux poches lat\u00e9rales avec fermetures \u00e0 glissi\u00e8re invers\u00e9es dans le m\u00eame ton et tirette.<br \/>\nPoche lat\u00e9rale dans le m\u00eame tissu.<br \/>\nBraguette cousue.<br \/>\nPoche arri\u00e8re avec bouton-pression.<\/p>\n","protected":false},"featured_media":17884,"comment_status":"closed","ping_status":"closed","template":"","meta":[],"product_brand":[],"product_cat":[321,323,319],"product_tag":[],"class_list":{"0":"post-19918","1":"product","2":"type-product","3":"status-publish","4":"has-post-thumbnail","6":"product_cat-le-sport","7":"product_cat-short","8":"product_cat-tous","10":"first","11":"instock","12":"featured","13":"shipping-taxable","14":"purchasable","15":"product-type-variable"},"_links":{"self":[{"href":"https:\/\/umbicap.com\/index.php?rest_route=\/wp\/v2\/product\/19918","targetHints":{"allow":["GET"]}}],"collection":[{"href":"https:\/\/umbicap.com\/index.php?rest_route=\/wp\/v2\/product"}],"about":[{"href":"https:\/\/umbicap.com\/index.php?rest_route=\/wp\/v2\/types\/product"}],"replies":[{"embeddable":true,"href":"https:\/\/umbicap.com\/index.php?rest_route=%2Fwp%2Fv2%2Fcomments&post=19918"}],"version-history":[{"count":1,"href":"https:\/\/umbicap.com\/index.php?rest_route=\/wp\/v2\/product\/19918\/revisions"}],"predecessor-version":[{"id":19924,"href":"https:\/\/umbicap.com\/index.php?rest_route=\/wp\/v2\/product\/19918\/revisions\/19924"}],"wp:featuredmedia":[{"embeddable":true,"href":"https:\/\/umbicap.com\/index.php?rest_route=\/wp\/v2\/media\/17884"}],"wp:attachment":[{"href":"https:\/\/umbicap.com\/index.php?rest_route=%2Fwp%2Fv2%2Fmedia&parent=19918"}],"wp:term":[{"taxonomy":"product_brand","embeddable":true,"href":"https:\/\/umbicap.com\/index.php?rest_route=%2Fwp%2Fv2%2Fproduct_brand&post=19918"},{"taxonomy":"product_cat","embeddable":true,"href":"https:\/\/umbicap.com\/index.php?rest_route=%2Fwp%2Fv2%2Fproduct_cat&post=19918"},{"taxonomy":"product_tag","embeddable":true,"href":"https:\/\/umbicap.com\/index.php?rest_route=%2Fwp%2Fv2%2Fproduct_tag&post=19918"}],"curies":[{"name":"wp","href":"https:\/\/api.w.org\/{rel}","templated":true}]}}