{"id":19923,"date":"2025-07-29T08:01:37","date_gmt":"2025-07-29T08:01:37","guid":{"rendered":"https:\/\/umbidesign.xyz\/?product=short-de-sport-player-0453"},"modified":"2025-08-10T14:56:31","modified_gmt":"2025-08-10T14:56:31","slug":"short-de-sport-player-0453","status":"publish","type":"product","link":"https:\/\/umbicap.com\/?produit=short-de-sport-player-0453&lang=fr","title":{"rendered":"Short de sport PLAYER 0453"},"content":{"rendered":"\t\t<div data-elementor-type=\"wp-post\" data-elementor-id=\"19923\" class=\"elementor elementor-19923 elementor-10174\">\n\t\t\t\t<div class=\"elementor-element elementor-element-386d97ed e-flex e-con-boxed e-con e-parent\" data-id=\"386d97ed\" data-element_type=\"container\">\n\t\t\t\t\t<div class=\"e-con-inner\">\n\t\t\t\t<div class=\"elementor-element elementor-element-50161d52 elementor-widget elementor-widget-text-editor\" data-id=\"50161d52\" data-element_type=\"widget\" data-widget_type=\"text-editor.default\">\n\t\t\t\t<div class=\"elementor-widget-container\">\n\t\t\t\t\t\t\t\t\t<p data-v-0dde63d0=\"\"><em>Mod\u00e8le :<\/em><br><em>Taille M | Taille 185 cm<\/em><\/p><p class=\"composition-text\" data-v-0dde63d0=\"\">Mati\u00e8re :<br>&#8211; <strong>100% polyester<\/strong> piqu\u00e9<br>&#8211; <strong>140 g\/m\u00b2<\/strong>.<\/p><ul><li class=\"composition-text\">Tissu piqu\u00e9 respirant facile \u00e0 laver<\/li><li class=\"composition-text\">\u00c9tiquette amovible.<\/li><li class=\"composition-text\">Tissu technique.<\/li><li class=\"composition-text\"><b>Des tailles enfant sont disponibles <\/b>dans toutes les couleurs.<\/li><\/ul>\t\t\t\t\t\t\t\t<\/div>\n\t\t\t\t<\/div>\n\t\t\t\t\t<\/div>\n\t\t\t\t<\/div>\n\t\t\t\t<\/div>\n\t\t","protected":false},"excerpt":{"rendered":"<p class=\"product-short-desc \" data-v-0dde63d0=\"\"><strong>Short de sport sans glissi\u00e8re int\u00e9rieure, avec ceinture \u00e9lastique r\u00e9glable par cordon de serrage.<\/strong><\/p>\n<ul>\n<li class=\"product-short-desc \"><b>Tailles enfants disponibles <\/b>dans toutes les couleurs<\/li>\n<\/ul>\n","protected":false},"featured_media":17902,"comment_status":"closed","ping_status":"closed","template":"","meta":[],"product_brand":[],"product_cat":[324,321,323,325,319],"product_tag":[],"class_list":{"0":"post-19923","1":"product","2":"type-product","3":"status-publish","4":"has-post-thumbnail","6":"product_cat-enfants","7":"product_cat-le-sport","8":"product_cat-short","9":"product_cat-sport-pour-enfants","10":"product_cat-tous","12":"first","13":"instock","14":"featured","15":"shipping-taxable","16":"purchasable","17":"product-type-variable"},"_links":{"self":[{"href":"https:\/\/umbicap.com\/index.php?rest_route=\/wp\/v2\/product\/19923","targetHints":{"allow":["GET"]}}],"collection":[{"href":"https:\/\/umbicap.com\/index.php?rest_route=\/wp\/v2\/product"}],"about":[{"href":"https:\/\/umbicap.com\/index.php?rest_route=\/wp\/v2\/types\/product"}],"replies":[{"embeddable":true,"href":"https:\/\/umbicap.com\/index.php?rest_route=%2Fwp%2Fv2%2Fcomments&post=19923"}],"version-history":[{"count":1,"href":"https:\/\/umbicap.com\/index.php?rest_route=\/wp\/v2\/product\/19923\/revisions"}],"predecessor-version":[{"id":19936,"href":"https:\/\/umbicap.com\/index.php?rest_route=\/wp\/v2\/product\/19923\/revisions\/19936"}],"wp:featuredmedia":[{"embeddable":true,"href":"https:\/\/umbicap.com\/index.php?rest_route=\/wp\/v2\/media\/17902"}],"wp:attachment":[{"href":"https:\/\/umbicap.com\/index.php?rest_route=%2Fwp%2Fv2%2Fmedia&parent=19923"}],"wp:term":[{"taxonomy":"product_brand","embeddable":true,"href":"https:\/\/umbicap.com\/index.php?rest_route=%2Fwp%2Fv2%2Fproduct_brand&post=19923"},{"taxonomy":"product_cat","embeddable":true,"href":"https:\/\/umbicap.com\/index.php?rest_route=%2Fwp%2Fv2%2Fproduct_cat&post=19923"},{"taxonomy":"product_tag","embeddable":true,"href":"https:\/\/umbicap.com\/index.php?rest_route=%2Fwp%2Fv2%2Fproduct_tag&post=19923"}],"curies":[{"name":"wp","href":"https:\/\/api.w.org\/{rel}","templated":true}]}}