{"id":19979,"date":"2025-07-29T03:52:15","date_gmt":"2025-07-29T03:52:15","guid":{"rendered":"https:\/\/umbidesign.xyz\/?product=jupe-de-sport-serena-0307"},"modified":"2025-08-10T14:56:32","modified_gmt":"2025-08-10T14:56:32","slug":"jupe-de-sport-serena-0307","status":"publish","type":"product","link":"https:\/\/umbicap.com\/?produit=jupe-de-sport-serena-0307&lang=fr","title":{"rendered":"Jupe de sport SERENA 0307"},"content":{"rendered":"\t\t<div data-elementor-type=\"wp-post\" data-elementor-id=\"19979\" class=\"elementor elementor-19979 elementor-10074\">\n\t\t\t\t<div class=\"elementor-element elementor-element-386d97ed e-flex e-con-boxed e-con e-parent\" data-id=\"386d97ed\" data-element_type=\"container\">\n\t\t\t\t\t<div class=\"e-con-inner\">\n\t\t\t\t<div class=\"elementor-element elementor-element-50161d52 elementor-widget elementor-widget-text-editor\" data-id=\"50161d52\" data-element_type=\"widget\" data-widget_type=\"text-editor.default\">\n\t\t\t\t<div class=\"elementor-widget-container\">\n\t\t\t\t\t\t\t\t\t<p class=\"composition-text\" data-v-0dde63d0=\"\">Mati\u00e8re :<br>&#8211; Jupe : <strong>90% polyester recycl\u00e9 \/ 10% \u00e9lasthanne<br><\/strong>&#8211; Maille : <strong>84% polyester recycl\u00e9 \/ 16% \u00e9lasthanne<\/strong><br>&#8211; <strong>100 g\/m\u00b2.<\/strong><\/p><ul><li class=\"observation-text\">\u00c9tiquette amovible<\/li><\/ul>\t\t\t\t\t\t\t\t<\/div>\n\t\t\t\t<\/div>\n\t\t\t\t\t<\/div>\n\t\t\t\t<\/div>\n\t\t\t\t<\/div>\n\t\t","protected":false},"excerpt":{"rendered":"<p class=\"product-short-desc \" data-v-0dde63d0=\"\"><strong>Jupe technique l\u00e9g\u00e8re et \u00e9lastiqu\u00e9e pour femmes en polyester recycl\u00e9.<\/strong><\/p>\n<p class=\"product-short-desc \" data-v-0dde63d0=\"\">Taille \u00e9lastiqu\u00e9e avec cordon de serrage et dos \u00e9lastiqu\u00e9.<br \/>\nShort int\u00e9rieur avec poche sur la jambe gauche.<br \/>\nCoutures thermocoll\u00e9es \u00e0 l&#8217;ourlet.<br \/>\nAssoci\u00e9 \u00e0 un tissu micro-perfor\u00e9 pour une meilleure respirabilit\u00e9.<\/p>\n","protected":false},"featured_media":17719,"comment_status":"closed","ping_status":"closed","template":"","meta":[],"product_brand":[],"product_cat":[348,321,319],"product_tag":[],"class_list":{"0":"post-19979","1":"product","2":"type-product","3":"status-publish","4":"has-post-thumbnail","6":"product_cat-jupe","7":"product_cat-le-sport","8":"product_cat-tous","10":"first","11":"instock","12":"featured","13":"shipping-taxable","14":"purchasable","15":"product-type-variable"},"_links":{"self":[{"href":"https:\/\/umbicap.com\/index.php?rest_route=\/wp\/v2\/product\/19979","targetHints":{"allow":["GET"]}}],"collection":[{"href":"https:\/\/umbicap.com\/index.php?rest_route=\/wp\/v2\/product"}],"about":[{"href":"https:\/\/umbicap.com\/index.php?rest_route=\/wp\/v2\/types\/product"}],"replies":[{"embeddable":true,"href":"https:\/\/umbicap.com\/index.php?rest_route=%2Fwp%2Fv2%2Fcomments&post=19979"}],"version-history":[{"count":1,"href":"https:\/\/umbicap.com\/index.php?rest_route=\/wp\/v2\/product\/19979\/revisions"}],"predecessor-version":[{"id":19986,"href":"https:\/\/umbicap.com\/index.php?rest_route=\/wp\/v2\/product\/19979\/revisions\/19986"}],"wp:featuredmedia":[{"embeddable":true,"href":"https:\/\/umbicap.com\/index.php?rest_route=\/wp\/v2\/media\/17719"}],"wp:attachment":[{"href":"https:\/\/umbicap.com\/index.php?rest_route=%2Fwp%2Fv2%2Fmedia&parent=19979"}],"wp:term":[{"taxonomy":"product_brand","embeddable":true,"href":"https:\/\/umbicap.com\/index.php?rest_route=%2Fwp%2Fv2%2Fproduct_brand&post=19979"},{"taxonomy":"product_cat","embeddable":true,"href":"https:\/\/umbicap.com\/index.php?rest_route=%2Fwp%2Fv2%2Fproduct_cat&post=19979"},{"taxonomy":"product_tag","embeddable":true,"href":"https:\/\/umbicap.com\/index.php?rest_route=%2Fwp%2Fv2%2Fproduct_tag&post=19979"}],"curies":[{"name":"wp","href":"https:\/\/api.w.org\/{rel}","templated":true}]}}