{"id":19987,"date":"2025-07-29T04:00:36","date_gmt":"2025-07-29T04:00:36","guid":{"rendered":"https:\/\/umbidesign.xyz\/?product=spiro-sportshorts-0449"},"modified":"2025-08-10T14:58:36","modified_gmt":"2025-08-10T14:58:36","slug":"spiro-sportshorts-0449","status":"publish","type":"product","link":"https:\/\/umbicap.com\/?produkt=spiro-sportshorts-0449&lang=de","title":{"rendered":"SPIRO Sportshorts 0449"},"content":{"rendered":"\t\t<div data-elementor-type=\"wp-post\" data-elementor-id=\"19987\" class=\"elementor elementor-19987 elementor-10095\">\n\t\t\t\t<div class=\"elementor-element elementor-element-386d97ed e-flex e-con-boxed e-con e-parent\" data-id=\"386d97ed\" data-element_type=\"container\">\n\t\t\t\t\t<div class=\"e-con-inner\">\n\t\t\t\t<div class=\"elementor-element elementor-element-50161d52 elementor-widget elementor-widget-text-editor\" data-id=\"50161d52\" data-element_type=\"widget\" data-widget_type=\"text-editor.default\">\n\t\t\t\t<div class=\"elementor-widget-container\">\n\t\t\t\t\t\t\t\t\t<p data-v-0dde63d0=\"\"><em>Modell:<\/em><br><em>Gr\u00f6\u00dfe S | H\u00f6he 182 cm<\/em><\/p><p class=\"composition-text\" data-v-0dde63d0=\"\">Material:<br>&#8211; <strong>60% Baumwolle \/ 40% Polyester<\/strong>, nicht kardierter Pl\u00fcsch<br>&#8211; <strong>290 g\/m\u00b2<\/strong><\/p><p class=\"composition-text\" data-v-0dde63d0=\"\">Farbe <em>Melange Grau<\/em>:<br>&#8211; <strong>85% Baumwolle \/ 15% Viskose<\/strong>.<\/p><ul><li class=\"observation-text\">Abnehmbares Etikett.<\/li><\/ul>\t\t\t\t\t\t\t\t<\/div>\n\t\t\t\t<\/div>\n\t\t\t\t\t<\/div>\n\t\t\t\t<\/div>\n\t\t\t\t<\/div>\n\t\t","protected":false},"excerpt":{"rendered":"<p class=\"product-short-desc \" data-v-0dde63d0=\"\"><strong>Sportshorts mit breitem Gummibund und verstellbarem Kordelzug.<\/strong><\/p>\n<p class=\"product-short-desc \" data-v-0dde63d0=\"\">Falscher Rei\u00dfverschluss.<br \/>\nSeitentaschen, Ges\u00e4\u00dftasche und Beinabschl\u00fcsse mit Sicherheitsn\u00e4hten.<\/p>\n","protected":false},"featured_media":17756,"comment_status":"closed","ping_status":"closed","template":"","meta":[],"product_brand":[],"product_cat":[320,335,330],"product_tag":[],"class_list":{"0":"post-19987","1":"product","2":"type-product","3":"status-publish","4":"has-post-thumbnail","6":"product_cat-alle","7":"product_cat-kurze-hosen","8":"product_cat-sport-de","10":"first","11":"instock","12":"featured","13":"shipping-taxable","14":"purchasable","15":"product-type-variable"},"_links":{"self":[{"href":"https:\/\/umbicap.com\/index.php?rest_route=\/wp\/v2\/product\/19987","targetHints":{"allow":["GET"]}}],"collection":[{"href":"https:\/\/umbicap.com\/index.php?rest_route=\/wp\/v2\/product"}],"about":[{"href":"https:\/\/umbicap.com\/index.php?rest_route=\/wp\/v2\/types\/product"}],"replies":[{"embeddable":true,"href":"https:\/\/umbicap.com\/index.php?rest_route=%2Fwp%2Fv2%2Fcomments&post=19987"}],"version-history":[{"count":1,"href":"https:\/\/umbicap.com\/index.php?rest_route=\/wp\/v2\/product\/19987\/revisions"}],"predecessor-version":[{"id":19994,"href":"https:\/\/umbicap.com\/index.php?rest_route=\/wp\/v2\/product\/19987\/revisions\/19994"}],"wp:featuredmedia":[{"embeddable":true,"href":"https:\/\/umbicap.com\/index.php?rest_route=\/wp\/v2\/media\/17756"}],"wp:attachment":[{"href":"https:\/\/umbicap.com\/index.php?rest_route=%2Fwp%2Fv2%2Fmedia&parent=19987"}],"wp:term":[{"taxonomy":"product_brand","embeddable":true,"href":"https:\/\/umbicap.com\/index.php?rest_route=%2Fwp%2Fv2%2Fproduct_brand&post=19987"},{"taxonomy":"product_cat","embeddable":true,"href":"https:\/\/umbicap.com\/index.php?rest_route=%2Fwp%2Fv2%2Fproduct_cat&post=19987"},{"taxonomy":"product_tag","embeddable":true,"href":"https:\/\/umbicap.com\/index.php?rest_route=%2Fwp%2Fv2%2Fproduct_tag&post=19987"}],"curies":[{"name":"wp","href":"https:\/\/api.w.org\/{rel}","templated":true}]}}