{"id":20054,"date":"2025-07-29T03:14:12","date_gmt":"2025-07-29T03:14:12","guid":{"rendered":"https:\/\/umbidesign.xyz\/?product=polo-de-sport-pour-hommes-monzha-0404"},"modified":"2025-08-10T14:56:32","modified_gmt":"2025-08-10T14:56:32","slug":"polo-de-sport-pour-hommes-monzha-0404","status":"publish","type":"product","link":"https:\/\/umbicap.com\/?produit=polo-de-sport-pour-hommes-monzha-0404&lang=fr","title":{"rendered":"Polo de sport pour hommes MONZHA 0404"},"content":{"rendered":"\t\t<div data-elementor-type=\"wp-post\" data-elementor-id=\"20054\" class=\"elementor elementor-20054 elementor-9932\">\n\t\t\t\t<div class=\"elementor-element elementor-element-386d97ed e-flex e-con-boxed e-con e-parent\" data-id=\"386d97ed\" data-element_type=\"container\">\n\t\t\t\t\t<div class=\"e-con-inner\">\n\t\t\t\t<div class=\"elementor-element elementor-element-50161d52 elementor-widget elementor-widget-text-editor\" data-id=\"50161d52\" data-element_type=\"widget\" data-widget_type=\"text-editor.default\">\n\t\t\t\t<div class=\"elementor-widget-container\">\n\t\t\t\t\t\t\t\t\t<p class=\"\" data-v-0dde63d0=\"\"><em>Mod\u00e8le :<\/em><br><em>Taille M | Taille 182 cm<\/em><\/p><p class=\"composition-text\" data-v-0dde63d0=\"\">Mati\u00e8re :<br>&#8211; <strong>100% polyester<\/strong> piqu\u00e9<br>&#8211; <strong>150 g\/m\u00b2<\/strong>.<\/p><ul><li class=\"observation-text\">\u00c9tiquette amovible.<\/li><li class=\"observation-text\">Tissu technique.<\/li><li class=\"observation-text\">Mod\u00e8le respirant.<\/li><li class=\"observation-text\">Double concept.<br><br><\/li><li class=\"observation-text\"><b>Tailles enfants disponibles dans TOUTES les couleurs sauf : <\/b>Plomb.<\/li><\/ul>\t\t\t\t\t\t\t\t<\/div>\n\t\t\t\t<\/div>\n\t\t\t\t\t<\/div>\n\t\t\t\t<\/div>\n\t\t\t\t<\/div>\n\t\t","protected":false},"excerpt":{"rendered":"<p class=\"product-short-desc \" data-v-0dde63d0=\"\"><strong>Polo technique \u00e0 manches courtes.<\/strong><\/p>\n<p class=\"product-short-desc \" data-v-0dde63d0=\"\">Col tricot\u00e9 avec revers \u00e0 3 boutons.<br \/>\nTissu respirant, facile \u00e0 laver et \u00e0 s\u00e9chage rapide.<\/p>\n<p class=\"p1\"><b>Tailles enfants disponibles dans TOUTES les couleurs sauf : <\/b>Plomb.<\/p>\n","protected":false},"featured_media":17485,"comment_status":"closed","ping_status":"closed","template":"","meta":[],"product_brand":[],"product_cat":[324,321,356,325,319],"product_tag":[],"class_list":{"0":"post-20054","1":"product","2":"type-product","3":"status-publish","4":"has-post-thumbnail","6":"product_cat-enfants","7":"product_cat-le-sport","8":"product_cat-polo-man-fr","9":"product_cat-sport-pour-enfants","10":"product_cat-tous","12":"first","13":"instock","14":"featured","15":"shipping-taxable","16":"purchasable","17":"product-type-variable"},"_links":{"self":[{"href":"https:\/\/umbicap.com\/index.php?rest_route=\/wp\/v2\/product\/20054","targetHints":{"allow":["GET"]}}],"collection":[{"href":"https:\/\/umbicap.com\/index.php?rest_route=\/wp\/v2\/product"}],"about":[{"href":"https:\/\/umbicap.com\/index.php?rest_route=\/wp\/v2\/types\/product"}],"replies":[{"embeddable":true,"href":"https:\/\/umbicap.com\/index.php?rest_route=%2Fwp%2Fv2%2Fcomments&post=20054"}],"version-history":[{"count":1,"href":"https:\/\/umbicap.com\/index.php?rest_route=\/wp\/v2\/product\/20054\/revisions"}],"predecessor-version":[{"id":20084,"href":"https:\/\/umbicap.com\/index.php?rest_route=\/wp\/v2\/product\/20054\/revisions\/20084"}],"wp:featuredmedia":[{"embeddable":true,"href":"https:\/\/umbicap.com\/index.php?rest_route=\/wp\/v2\/media\/17485"}],"wp:attachment":[{"href":"https:\/\/umbicap.com\/index.php?rest_route=%2Fwp%2Fv2%2Fmedia&parent=20054"}],"wp:term":[{"taxonomy":"product_brand","embeddable":true,"href":"https:\/\/umbicap.com\/index.php?rest_route=%2Fwp%2Fv2%2Fproduct_brand&post=20054"},{"taxonomy":"product_cat","embeddable":true,"href":"https:\/\/umbicap.com\/index.php?rest_route=%2Fwp%2Fv2%2Fproduct_cat&post=20054"},{"taxonomy":"product_tag","embeddable":true,"href":"https:\/\/umbicap.com\/index.php?rest_route=%2Fwp%2Fv2%2Fproduct_tag&post=20054"}],"curies":[{"name":"wp","href":"https:\/\/api.w.org\/{rel}","templated":true}]}}