{"id":20115,"date":"2025-07-28T21:52:38","date_gmt":"2025-07-28T21:52:38","guid":{"rendered":"https:\/\/umbidesign.xyz\/?product=sakhir-top-de-sport-pour-femmes-6662"},"modified":"2025-08-10T14:56:32","modified_gmt":"2025-08-10T14:56:32","slug":"sakhir-top-de-sport-pour-femmes-6662","status":"publish","type":"product","link":"https:\/\/umbicap.com\/?produit=sakhir-top-de-sport-pour-femmes-6662&lang=fr","title":{"rendered":"SAKHIR &#8211; Top de sport pour femmes 6662"},"content":{"rendered":"\t\t<div data-elementor-type=\"wp-post\" data-elementor-id=\"20115\" class=\"elementor elementor-20115 elementor-9868\">\n\t\t\t\t<div class=\"elementor-element elementor-element-386d97ed e-flex e-con-boxed e-con e-parent\" data-id=\"386d97ed\" data-element_type=\"container\">\n\t\t\t\t\t<div class=\"e-con-inner\">\n\t\t\t\t<div class=\"elementor-element elementor-element-50161d52 elementor-widget elementor-widget-text-editor\" data-id=\"50161d52\" data-element_type=\"widget\" data-widget_type=\"text-editor.default\">\n\t\t\t\t<div class=\"elementor-widget-container\">\n\t\t\t\t\t\t\t\t\t<p class=\"\" data-v-0dde63d0=\"\"><em>Mod\u00e8le :<\/em><br><em>Taille S | Taille 172 cm<\/em><\/p><p class=\"composition-text\" data-v-0dde63d0=\"\">Mati\u00e8re :<br>&#8211; <strong>60% nylon \/ 30% polyester \/ 10% \u00e9lasthanne<\/strong><br>&#8211; <strong>240 g\/m\u00b2<\/strong><\/p><p class=\"composition-text\" data-v-0dde63d0=\"\">Couleur <em>NOIR<\/em>:<br>&#8211; <strong>90% nylon \/ 10% \u00e9lasthanne<\/strong><br>&#8211; <strong>240 g\/m\u00b2<\/strong>.<\/p><ul><li class=\"observation-text\">Tissu respirant \u00e0 s\u00e9chage rapide.<\/li><li class=\"observation-text\">Tissu technique.<\/li><li class=\"observation-text\">Mod\u00e8le respirant.<\/li><\/ul>\t\t\t\t\t\t\t\t<\/div>\n\t\t\t\t<\/div>\n\t\t\t\t\t<\/div>\n\t\t\t\t<\/div>\n\t\t\t\t<\/div>\n\t\t","protected":false},"excerpt":{"rendered":"<p class=\"product-short-desc \" data-v-0dde63d0=\"\"><strong>Entra\u00eeneur de haut niveau de l&#8217;\u00e9quipe f\u00e9minine multisports.<\/strong><\/p>\n<p class=\"product-short-desc \" data-v-0dde63d0=\"\">Dos de type maillot de bain et construction sans couture.<br \/>\nTenue moyenne.<\/p>\n","protected":false},"featured_media":17350,"comment_status":"closed","ping_status":"closed","template":"","meta":[],"product_brand":[],"product_cat":[359,321,319],"product_tag":[],"class_list":{"0":"post-20115","1":"product","2":"type-product","3":"status-publish","4":"has-post-thumbnail","6":"product_cat-femme-de-tete","7":"product_cat-le-sport","8":"product_cat-tous","10":"first","11":"instock","12":"featured","13":"shipping-taxable","14":"purchasable","15":"product-type-variable"},"_links":{"self":[{"href":"https:\/\/umbicap.com\/index.php?rest_route=\/wp\/v2\/product\/20115","targetHints":{"allow":["GET"]}}],"collection":[{"href":"https:\/\/umbicap.com\/index.php?rest_route=\/wp\/v2\/product"}],"about":[{"href":"https:\/\/umbicap.com\/index.php?rest_route=\/wp\/v2\/types\/product"}],"replies":[{"embeddable":true,"href":"https:\/\/umbicap.com\/index.php?rest_route=%2Fwp%2Fv2%2Fcomments&post=20115"}],"version-history":[{"count":1,"href":"https:\/\/umbicap.com\/index.php?rest_route=\/wp\/v2\/product\/20115\/revisions"}],"predecessor-version":[{"id":20118,"href":"https:\/\/umbicap.com\/index.php?rest_route=\/wp\/v2\/product\/20115\/revisions\/20118"}],"wp:featuredmedia":[{"embeddable":true,"href":"https:\/\/umbicap.com\/index.php?rest_route=\/wp\/v2\/media\/17350"}],"wp:attachment":[{"href":"https:\/\/umbicap.com\/index.php?rest_route=%2Fwp%2Fv2%2Fmedia&parent=20115"}],"wp:term":[{"taxonomy":"product_brand","embeddable":true,"href":"https:\/\/umbicap.com\/index.php?rest_route=%2Fwp%2Fv2%2Fproduct_brand&post=20115"},{"taxonomy":"product_cat","embeddable":true,"href":"https:\/\/umbicap.com\/index.php?rest_route=%2Fwp%2Fv2%2Fproduct_cat&post=20115"},{"taxonomy":"product_tag","embeddable":true,"href":"https:\/\/umbicap.com\/index.php?rest_route=%2Fwp%2Fv2%2Fproduct_tag&post=20115"}],"curies":[{"name":"wp","href":"https:\/\/api.w.org\/{rel}","templated":true}]}}