{"id":20195,"date":"2025-07-28T20:41:30","date_gmt":"2025-07-28T20:41:30","guid":{"rendered":"https:\/\/umbidesign.xyz\/?product=indianapolis-t-shirt-sport-homme-6650"},"modified":"2025-08-10T14:56:32","modified_gmt":"2025-08-10T14:56:32","slug":"indianapolis-t-shirt-sport-homme-6650","status":"publish","type":"product","link":"https:\/\/umbicap.com\/?produit=indianapolis-t-shirt-sport-homme-6650&lang=fr","title":{"rendered":"INDIANAPOLIS T-shirt sport homme 6650"},"content":{"rendered":"\t\t<div data-elementor-type=\"wp-post\" data-elementor-id=\"20195\" class=\"elementor elementor-20195 elementor-9700\">\n\t\t\t\t<div class=\"elementor-element elementor-element-386d97ed e-flex e-con-boxed e-con e-parent\" data-id=\"386d97ed\" data-element_type=\"container\">\n\t\t\t\t\t<div class=\"e-con-inner\">\n\t\t\t\t<div class=\"elementor-element elementor-element-50161d52 elementor-widget elementor-widget-text-editor\" data-id=\"50161d52\" data-element_type=\"widget\" data-widget_type=\"text-editor.default\">\n\t\t\t\t<div class=\"elementor-widget-container\">\n\t\t\t\t\t\t\t\t\t<p class=\"\" data-v-0dde63d0=\"\"><em>Mod\u00e8le :<\/em><br><em>Taille M | Taille 185 cm<\/em><\/p><p class=\"composition-text\" data-v-0dde63d0=\"\">Mati\u00e8re :<br>&#8211; 100% polyester &#8220;Bird&#8217;s Eye&#8221;.<br>&#8211; 140 g\/m\u00b2.<\/p><ul><li class=\"observation-text\">\u00c9tiquette amovible.<\/li><li class=\"observation-text\">Tissu technique.<\/li><li class=\"observation-text\">Mod\u00e8le respirant.<br><br><\/li><li class=\"observation-text\"><b>Des tailles enfant sont disponibles <\/b>dans toutes les couleurs.<\/li><\/ul>\t\t\t\t\t\t\t\t<\/div>\n\t\t\t\t<\/div>\n\t\t\t\t\t<\/div>\n\t\t\t\t<\/div>\n\t\t\t\t<\/div>\n\t\t","protected":false},"excerpt":{"rendered":"<p class=\"p1\"><strong>T-shirt de sport respirant avec manches en reglan contrast\u00e9es.<\/strong><\/p>\n<p class=\"p1\">Col rond contrast\u00e9 avec coutures renforc\u00e9es \u00e0 l&#8217;int\u00e9rieur.<\/p>\n<p class=\"p1\"><b>Des tailles enfant sont disponibles <\/b>dans toutes les couleurs.<\/p>\n","protected":false},"featured_media":16835,"comment_status":"closed","ping_status":"closed","template":"","meta":[],"product_brand":[],"product_cat":[324,321,325,364,319],"product_tag":[],"class_list":{"0":"post-20195","1":"product","2":"type-product","3":"status-publish","4":"has-post-thumbnail","6":"product_cat-enfants","7":"product_cat-le-sport","8":"product_cat-sport-pour-enfants","9":"product_cat-t-shirt-man-fr","10":"product_cat-tous","12":"first","13":"instock","14":"featured","15":"shipping-taxable","16":"purchasable","17":"product-type-variable"},"_links":{"self":[{"href":"https:\/\/umbicap.com\/index.php?rest_route=\/wp\/v2\/product\/20195","targetHints":{"allow":["GET"]}}],"collection":[{"href":"https:\/\/umbicap.com\/index.php?rest_route=\/wp\/v2\/product"}],"about":[{"href":"https:\/\/umbicap.com\/index.php?rest_route=\/wp\/v2\/types\/product"}],"replies":[{"embeddable":true,"href":"https:\/\/umbicap.com\/index.php?rest_route=%2Fwp%2Fv2%2Fcomments&post=20195"}],"version-history":[{"count":1,"href":"https:\/\/umbicap.com\/index.php?rest_route=\/wp\/v2\/product\/20195\/revisions"}],"predecessor-version":[{"id":20213,"href":"https:\/\/umbicap.com\/index.php?rest_route=\/wp\/v2\/product\/20195\/revisions\/20213"}],"wp:featuredmedia":[{"embeddable":true,"href":"https:\/\/umbicap.com\/index.php?rest_route=\/wp\/v2\/media\/16835"}],"wp:attachment":[{"href":"https:\/\/umbicap.com\/index.php?rest_route=%2Fwp%2Fv2%2Fmedia&parent=20195"}],"wp:term":[{"taxonomy":"product_brand","embeddable":true,"href":"https:\/\/umbicap.com\/index.php?rest_route=%2Fwp%2Fv2%2Fproduct_brand&post=20195"},{"taxonomy":"product_cat","embeddable":true,"href":"https:\/\/umbicap.com\/index.php?rest_route=%2Fwp%2Fv2%2Fproduct_cat&post=20195"},{"taxonomy":"product_tag","embeddable":true,"href":"https:\/\/umbicap.com\/index.php?rest_route=%2Fwp%2Fv2%2Fproduct_tag&post=20195"}],"curies":[{"name":"wp","href":"https:\/\/api.w.org\/{rel}","templated":true}]}}