{"id":20231,"date":"2025-07-28T18:42:39","date_gmt":"2025-07-28T18:42:39","guid":{"rendered":"https:\/\/umbidesign.xyz\/?product=t-shirt-sport-femme-shanghai-6648"},"modified":"2025-08-10T14:56:32","modified_gmt":"2025-08-10T14:56:32","slug":"t-shirt-sport-femme-shanghai-6648","status":"publish","type":"product","link":"https:\/\/umbicap.com\/?produit=t-shirt-sport-femme-shanghai-6648&lang=fr","title":{"rendered":"T-shirt sport femme SHANGHAI 6648"},"content":{"rendered":"\t\t<div data-elementor-type=\"wp-post\" data-elementor-id=\"20231\" class=\"elementor elementor-20231 elementor-9646\">\n\t\t\t\t<div class=\"elementor-element elementor-element-386d97ed e-flex e-con-boxed e-con e-parent\" data-id=\"386d97ed\" data-element_type=\"container\">\n\t\t\t\t\t<div class=\"e-con-inner\">\n\t\t\t\t<div class=\"elementor-element elementor-element-50161d52 elementor-widget elementor-widget-text-editor\" data-id=\"50161d52\" data-element_type=\"widget\" data-widget_type=\"text-editor.default\">\n\t\t\t\t<div class=\"elementor-widget-container\">\n\t\t\t\t\t\t\t\t\t<p class=\"\" data-v-0dde63d0=\"\"><em>Mod\u00e8le :<\/em><br><em>Taille S | Taille 171 cm<\/em><\/p><p class=\"composition-text\" data-v-0dde63d0=\"\">Mati\u00e8re :<br>&#8211; Tissu principal : <strong>100% polyester<\/strong>, &#8220;Bird&#8217;s Eye&#8221;.<br>&#8211; Accessoires : <strong>100% polyester microperfor\u00e9<\/strong>.<br>&#8211; <strong>140 g\/m\u00b2<\/strong>.<\/p><ul><li class=\"observation-text\">\u00c9tiquette amovible.<\/li><li class=\"observation-text\">Tissu technique.<\/li><li class=\"observation-text\">Mod\u00e8le respirant.<\/li><li class=\"observation-text\">Double concept.<\/li><\/ul>\t\t\t\t\t\t\t\t<\/div>\n\t\t\t\t<\/div>\n\t\t\t\t\t<\/div>\n\t\t\t\t<\/div>\n\t\t\t\t<\/div>\n\t\t","protected":false},"excerpt":{"rendered":"<p class=\"p1\"><strong>T-shirt technique combin\u00e9 avec deux tissus polyester et des manches de style reglan.<\/strong><\/p>\n<p class=\"p1\">Tissu principal &#8220;Bird&#8217;s Eye&#8221; et empi\u00e8cements en tissu micro-perfor\u00e9 sur les c\u00f4t\u00e9s et les manches.<br \/>\nEncolure ronde avec couverture de couture renforc\u00e9e \u00e0 l&#8217;int\u00e9rieur.<br \/>\nT-shirt en tissu confortable qui s&#8217;adapte facilement au corps.<\/p>\n","protected":false},"featured_media":16660,"comment_status":"closed","ping_status":"closed","template":"","meta":[],"product_brand":[],"product_cat":[321,361,319],"product_tag":[],"class_list":{"0":"post-20231","1":"product","2":"type-product","3":"status-publish","4":"has-post-thumbnail","6":"product_cat-le-sport","7":"product_cat-t-shirt-femme","8":"product_cat-tous","10":"first","11":"instock","12":"featured","13":"shipping-taxable","14":"purchasable","15":"product-type-variable"},"_links":{"self":[{"href":"https:\/\/umbicap.com\/index.php?rest_route=\/wp\/v2\/product\/20231","targetHints":{"allow":["GET"]}}],"collection":[{"href":"https:\/\/umbicap.com\/index.php?rest_route=\/wp\/v2\/product"}],"about":[{"href":"https:\/\/umbicap.com\/index.php?rest_route=\/wp\/v2\/types\/product"}],"replies":[{"embeddable":true,"href":"https:\/\/umbicap.com\/index.php?rest_route=%2Fwp%2Fv2%2Fcomments&post=20231"}],"version-history":[{"count":1,"href":"https:\/\/umbicap.com\/index.php?rest_route=\/wp\/v2\/product\/20231\/revisions"}],"predecessor-version":[{"id":20241,"href":"https:\/\/umbicap.com\/index.php?rest_route=\/wp\/v2\/product\/20231\/revisions\/20241"}],"wp:featuredmedia":[{"embeddable":true,"href":"https:\/\/umbicap.com\/index.php?rest_route=\/wp\/v2\/media\/16660"}],"wp:attachment":[{"href":"https:\/\/umbicap.com\/index.php?rest_route=%2Fwp%2Fv2%2Fmedia&parent=20231"}],"wp:term":[{"taxonomy":"product_brand","embeddable":true,"href":"https:\/\/umbicap.com\/index.php?rest_route=%2Fwp%2Fv2%2Fproduct_brand&post=20231"},{"taxonomy":"product_cat","embeddable":true,"href":"https:\/\/umbicap.com\/index.php?rest_route=%2Fwp%2Fv2%2Fproduct_cat&post=20231"},{"taxonomy":"product_tag","embeddable":true,"href":"https:\/\/umbicap.com\/index.php?rest_route=%2Fwp%2Fv2%2Fproduct_tag&post=20231"}],"curies":[{"name":"wp","href":"https:\/\/api.w.org\/{rel}","templated":true}]}}