{"id":20449,"date":"2025-07-28T15:59:23","date_gmt":"2025-07-28T15:59:23","guid":{"rendered":"https:\/\/umbidesign.xyz\/?product=parka-europa-5077-pour-femmes"},"modified":"2025-08-10T14:55:56","modified_gmt":"2025-08-10T14:55:56","slug":"parka-europa-5077-pour-femmes","status":"publish","type":"product","link":"https:\/\/umbicap.com\/?produit=parka-europa-5077-pour-femmes&lang=fr","title":{"rendered":"Parka EUROPA 5077 pour femmes"},"content":{"rendered":"\t\t<div data-elementor-type=\"wp-post\" data-elementor-id=\"20449\" class=\"elementor elementor-20449 elementor-9456\">\n\t\t\t\t<div class=\"elementor-element elementor-element-386d97ed e-flex e-con-boxed e-con e-parent\" data-id=\"386d97ed\" data-element_type=\"container\">\n\t\t\t\t\t<div class=\"e-con-inner\">\n\t\t\t\t<div class=\"elementor-element elementor-element-50161d52 elementor-widget elementor-widget-text-editor\" data-id=\"50161d52\" data-element_type=\"widget\" data-widget_type=\"text-editor.default\">\n\t\t\t\t<div class=\"elementor-widget-container\">\n\t\t\t\t\t\t\t\t\t<p class=\"\" data-v-0dde63d0=\"\"><em>Mod\u00e8le :<\/em><br><em>Taille M | Taille 187 cm<\/em><\/p><p class=\"composition-text\" data-v-0dde63d0=\"\">Mati\u00e8re :<br>&#8211; Ext\u00e9rieur : <strong>100% polyester<\/strong> imperm\u00e9able.<br>&#8211; Doublure : <strong>100% polyester<\/strong>.<br>&#8211; Garnissage : <strong>100% polyester<\/strong>.<br>&#8211; <strong>400 g\/m\u00b2<\/strong>.<\/p><ul><li class=\"observation-text\">Coupe ceintur\u00e9e sur le mod\u00e8le femme.<\/li><li class=\"observation-text\">Int\u00e9rieur facile d&#8217;acc\u00e8s pour la s\u00e9rigraphie ou la broderie.<\/li><li class=\"observation-text\">Mod\u00e8le \u00e9tanche.<\/li><li class=\"observation-text\">Mod\u00e8le coupe-vent.<\/li><li class=\"observation-text\">Double concept.<\/li><\/ul>\t\t\t\t\t\t\t\t<\/div>\n\t\t\t\t<\/div>\n\t\t\t\t\t<\/div>\n\t\t\t\t<\/div>\n\t\t\t\t<\/div>\n\t\t","protected":false},"excerpt":{"rendered":"<p class=\"p1\"><strong>Parka imperm\u00e9able avec ceinture.<\/strong><\/p>\n<p class=\"p1\">Fermeture centrale \u00e0 glissi\u00e8re de la m\u00eame couleur que le revers.<br \/>\nCol montant avec capuche rabattue et amovible.<br \/>\nPoches lat\u00e9rales avec fermeture \u00e0 glissi\u00e8re et revers.<br \/>\nDeux poches poitrine int\u00e9rieures avec fermeture velcro.<br \/>\nPoignets r\u00e9glables par velcro.<br \/>\nAcc\u00e8s int\u00e9rieur pour s\u00e9rigraphie ou broderie.<\/p>\n","protected":false},"featured_media":16140,"comment_status":"closed","ping_status":"closed","template":"","meta":[],"product_brand":[],"product_cat":[370,397,319,385],"product_tag":[],"class_list":{"0":"post-20449","1":"product","2":"type-product","3":"status-publish","4":"has-post-thumbnail","6":"product_cat-femme","7":"product_cat-parka-fr","8":"product_cat-tous","9":"product_cat-veste-fr-2","11":"first","12":"instock","13":"featured","14":"shipping-taxable","15":"purchasable","16":"product-type-variable"},"_links":{"self":[{"href":"https:\/\/umbicap.com\/index.php?rest_route=\/wp\/v2\/product\/20449","targetHints":{"allow":["GET"]}}],"collection":[{"href":"https:\/\/umbicap.com\/index.php?rest_route=\/wp\/v2\/product"}],"about":[{"href":"https:\/\/umbicap.com\/index.php?rest_route=\/wp\/v2\/types\/product"}],"replies":[{"embeddable":true,"href":"https:\/\/umbicap.com\/index.php?rest_route=%2Fwp%2Fv2%2Fcomments&post=20449"}],"version-history":[{"count":1,"href":"https:\/\/umbicap.com\/index.php?rest_route=\/wp\/v2\/product\/20449\/revisions"}],"predecessor-version":[{"id":20452,"href":"https:\/\/umbicap.com\/index.php?rest_route=\/wp\/v2\/product\/20449\/revisions\/20452"}],"wp:featuredmedia":[{"embeddable":true,"href":"https:\/\/umbicap.com\/index.php?rest_route=\/wp\/v2\/media\/16140"}],"wp:attachment":[{"href":"https:\/\/umbicap.com\/index.php?rest_route=%2Fwp%2Fv2%2Fmedia&parent=20449"}],"wp:term":[{"taxonomy":"product_brand","embeddable":true,"href":"https:\/\/umbicap.com\/index.php?rest_route=%2Fwp%2Fv2%2Fproduct_brand&post=20449"},{"taxonomy":"product_cat","embeddable":true,"href":"https:\/\/umbicap.com\/index.php?rest_route=%2Fwp%2Fv2%2Fproduct_cat&post=20449"},{"taxonomy":"product_tag","embeddable":true,"href":"https:\/\/umbicap.com\/index.php?rest_route=%2Fwp%2Fv2%2Fproduct_tag&post=20449"}],"curies":[{"name":"wp","href":"https:\/\/api.w.org\/{rel}","templated":true}]}}