{"id":20489,"date":"2025-07-28T13:57:59","date_gmt":"2025-07-28T13:57:59","guid":{"rendered":"https:\/\/umbidesign.xyz\/?product=norway-puffjacke-5090"},"modified":"2025-08-10T15:00:00","modified_gmt":"2025-08-10T15:00:00","slug":"norway-puffjacke-5090","status":"publish","type":"product","link":"https:\/\/umbicap.com\/?produkt=norway-puffjacke-5090&lang=de","title":{"rendered":"NORWAY Puffjacke 5090"},"content":{"rendered":"\t\t<div data-elementor-type=\"wp-post\" data-elementor-id=\"20489\" class=\"elementor elementor-20489 elementor-9312\">\n\t\t\t\t<div class=\"elementor-element elementor-element-386d97ed e-flex e-con-boxed e-con e-parent\" data-id=\"386d97ed\" data-element_type=\"container\">\n\t\t\t\t\t<div class=\"e-con-inner\">\n\t\t\t\t<div class=\"elementor-element elementor-element-50161d52 elementor-widget elementor-widget-text-editor\" data-id=\"50161d52\" data-element_type=\"widget\" data-widget_type=\"text-editor.default\">\n\t\t\t\t<div class=\"elementor-widget-container\">\n\t\t\t\t\t\t\t\t\t<p class=\"\" data-v-0dde63d0=\"\"><em>Modell:<\/em><br><em>Gr\u00f6\u00dfe M | H\u00f6he 182 cm<\/em><\/p><p class=\"composition-text\" data-v-0dde63d0=\"\">Material:<br>&#8211; Au\u00dfenseite: <strong>100% Polyester<\/strong>, 300T.<br>&#8211; Futter: <strong>100% Polyester<\/strong>.<br>&#8211; F\u00fcllung: <strong>100% Polyester<\/strong>, Federeffekt.<br>&#8211; <strong>290 g\/m\u00b2<\/strong>.<\/p><ul><li class=\"observation-text\">Wasserfest.<\/li><li class=\"observation-text\">Winddichtes Modell.<\/li><li class=\"observation-text\">Doppeltes Konzept.<br><br><\/li><li class=\"p1\"><b>Kindergr\u00f6\u00dfen in folgenden Farben erh\u00e4ltlich:<\/b><br>Blue Royal \/\/ Blue Navy \/\/ Black<\/li><\/ul>\t\t\t\t\t\t\t\t<\/div>\n\t\t\t\t<\/div>\n\t\t\t\t\t<\/div>\n\t\t\t\t<\/div>\n\t\t\t\t<\/div>\n\t\t","protected":false},"excerpt":{"rendered":"<p class=\"p1\"><b>Kapuzenjacke mit &#8220;feather touch&#8221;-F\u00fcllung.<\/b><\/p>\n<p class=\"p1\">Umgekehrte Rei\u00dfverschl\u00fcsse in der gleichen Farbe, mit Kinnschutz und Rei\u00dfverschlussschieber.<br \/>\nZwei Seitentaschen mit Rei\u00dfverschl\u00fcssen.<br \/>\nGleichfarbige, elastische Abschl\u00fcsse an Kapuze, \u00c4rmelb\u00fcndchen und Bund.<br \/>\nKontrastierendes Innenfutter.<br \/>\nLeichtes, packbares Kleidungsst\u00fcck.<\/p>\n<p class=\"p1\"><b>Kindergr\u00f6\u00dfen <\/b>in verschiedenen Farben <b>erh\u00e4ltlich <\/b><i>(siehe <\/i><b><i>Einzelheiten<\/i><\/b>).<\/p>\n","protected":false},"featured_media":15934,"comment_status":"closed","ping_status":"closed","template":"","meta":[],"product_brand":[],"product_cat":[320,399,403,332,376],"product_tag":[],"class_list":{"0":"post-20489","1":"product","2":"type-product","3":"status-publish","4":"has-post-thumbnail","6":"product_cat-alle","7":"product_cat-jacke-de-2","8":"product_cat-kapuzenmann","9":"product_cat-kinder","10":"product_cat-mann","12":"first","13":"instock","14":"featured","15":"shipping-taxable","16":"purchasable","17":"product-type-variable"},"_links":{"self":[{"href":"https:\/\/umbicap.com\/index.php?rest_route=\/wp\/v2\/product\/20489","targetHints":{"allow":["GET"]}}],"collection":[{"href":"https:\/\/umbicap.com\/index.php?rest_route=\/wp\/v2\/product"}],"about":[{"href":"https:\/\/umbicap.com\/index.php?rest_route=\/wp\/v2\/types\/product"}],"replies":[{"embeddable":true,"href":"https:\/\/umbicap.com\/index.php?rest_route=%2Fwp%2Fv2%2Fcomments&post=20489"}],"version-history":[{"count":1,"href":"https:\/\/umbicap.com\/index.php?rest_route=\/wp\/v2\/product\/20489\/revisions"}],"predecessor-version":[{"id":20513,"href":"https:\/\/umbicap.com\/index.php?rest_route=\/wp\/v2\/product\/20489\/revisions\/20513"}],"wp:featuredmedia":[{"embeddable":true,"href":"https:\/\/umbicap.com\/index.php?rest_route=\/wp\/v2\/media\/15934"}],"wp:attachment":[{"href":"https:\/\/umbicap.com\/index.php?rest_route=%2Fwp%2Fv2%2Fmedia&parent=20489"}],"wp:term":[{"taxonomy":"product_brand","embeddable":true,"href":"https:\/\/umbicap.com\/index.php?rest_route=%2Fwp%2Fv2%2Fproduct_brand&post=20489"},{"taxonomy":"product_cat","embeddable":true,"href":"https:\/\/umbicap.com\/index.php?rest_route=%2Fwp%2Fv2%2Fproduct_cat&post=20489"},{"taxonomy":"product_tag","embeddable":true,"href":"https:\/\/umbicap.com\/index.php?rest_route=%2Fwp%2Fv2%2Fproduct_tag&post=20489"}],"curies":[{"name":"wp","href":"https:\/\/api.w.org\/{rel}","templated":true}]}}