{"id":20490,"date":"2025-07-28T13:00:10","date_gmt":"2025-07-28T13:00:10","guid":{"rendered":"https:\/\/umbidesign.xyz\/?product=puffjacke-finland-frau-5095"},"modified":"2025-08-10T15:00:00","modified_gmt":"2025-08-10T15:00:00","slug":"puffjacke-finland-frau-5095","status":"publish","type":"product","link":"https:\/\/umbicap.com\/?produkt=puffjacke-finland-frau-5095&lang=de","title":{"rendered":"Puffjacke FINLAND Frau 5095"},"content":{"rendered":"\t\t<div data-elementor-type=\"wp-post\" data-elementor-id=\"20490\" class=\"elementor elementor-20490 elementor-9260\">\n\t\t\t\t<div class=\"elementor-element elementor-element-386d97ed e-flex e-con-boxed e-con e-parent\" data-id=\"386d97ed\" data-element_type=\"container\">\n\t\t\t\t\t<div class=\"e-con-inner\">\n\t\t\t\t<div class=\"elementor-element elementor-element-50161d52 elementor-widget elementor-widget-text-editor\" data-id=\"50161d52\" data-element_type=\"widget\" data-widget_type=\"text-editor.default\">\n\t\t\t\t<div class=\"elementor-widget-container\">\n\t\t\t\t\t\t\t\t\t<p class=\"\" data-v-0dde63d0=\"\"><em>Modell:<\/em><br><em>Gr\u00f6\u00dfe S | H\u00f6he 163 cm<\/em><\/p><p class=\"composition-text\" data-v-0dde63d0=\"\">Material:<br>&#8211; Au\u00dfenseite: <strong>100% Polyester<\/strong>, 300T.<br>&#8211; Futter: <strong>100% Polyester<\/strong>.<br>&#8211; F\u00fcllung: <strong>100% Polyester<\/strong>, Federeffekt.<br>&#8211; <strong>290 g\/m\u00b2<\/strong>.<\/p><p class=\"observation-text\" data-v-0dde63d0=\"\">Leicht und klein verpackbar.<br>G\u00fcrtellinie.<\/p><ul><li class=\"observation-text\">Abnehmbares Etikett.<\/li><li class=\"observation-text\">Wasserfest.<\/li><li class=\"observation-text\">Winddicht.<\/li><li class=\"observation-text\">Doppeltes Konzept.<\/li><\/ul>\t\t\t\t\t\t\t\t<\/div>\n\t\t\t\t<\/div>\n\t\t\t\t\t<\/div>\n\t\t\t\t<\/div>\n\t\t\t\t<\/div>\n\t\t","protected":false},"excerpt":{"rendered":"<p class=\"product-short-desc \" data-v-0dde63d0=\"\"><strong>Geg\u00fcrtete und wattierte Jacke mit &#8220;feather touch&#8221;-F\u00fcllung.<\/strong><\/p>\n<p class=\"product-short-desc \" data-v-0dde63d0=\"\">Umgekehrter Rei\u00dfverschluss im gleichen Farbton, mit Kinnschutz und Rei\u00dfverschluss-Puller.<br \/>\nZwei Seitentaschen mit Rei\u00dfverschluss.<br \/>\nUmgekehrter Rei\u00dfverschluss im gleichen Farbton, an den Manschetten und am Bund.<br \/>\nKontrastierendes Innenfutter.<\/p>\n","protected":false},"featured_media":15793,"comment_status":"closed","ping_status":"closed","template":"","meta":[],"product_brand":[],"product_cat":[320,372,396],"product_tag":[],"class_list":{"0":"post-20490","1":"product","2":"type-product","3":"status-publish","4":"has-post-thumbnail","6":"product_cat-alle","7":"product_cat-frau","8":"product_cat-jacke-de","10":"first","11":"instock","12":"featured","13":"shipping-taxable","14":"purchasable","15":"product-type-variable"},"_links":{"self":[{"href":"https:\/\/umbicap.com\/index.php?rest_route=\/wp\/v2\/product\/20490","targetHints":{"allow":["GET"]}}],"collection":[{"href":"https:\/\/umbicap.com\/index.php?rest_route=\/wp\/v2\/product"}],"about":[{"href":"https:\/\/umbicap.com\/index.php?rest_route=\/wp\/v2\/types\/product"}],"replies":[{"embeddable":true,"href":"https:\/\/umbicap.com\/index.php?rest_route=%2Fwp%2Fv2%2Fcomments&post=20490"}],"version-history":[{"count":1,"href":"https:\/\/umbicap.com\/index.php?rest_route=\/wp\/v2\/product\/20490\/revisions"}],"predecessor-version":[{"id":20527,"href":"https:\/\/umbicap.com\/index.php?rest_route=\/wp\/v2\/product\/20490\/revisions\/20527"}],"wp:featuredmedia":[{"embeddable":true,"href":"https:\/\/umbicap.com\/index.php?rest_route=\/wp\/v2\/media\/15793"}],"wp:attachment":[{"href":"https:\/\/umbicap.com\/index.php?rest_route=%2Fwp%2Fv2%2Fmedia&parent=20490"}],"wp:term":[{"taxonomy":"product_brand","embeddable":true,"href":"https:\/\/umbicap.com\/index.php?rest_route=%2Fwp%2Fv2%2Fproduct_brand&post=20490"},{"taxonomy":"product_cat","embeddable":true,"href":"https:\/\/umbicap.com\/index.php?rest_route=%2Fwp%2Fv2%2Fproduct_cat&post=20490"},{"taxonomy":"product_tag","embeddable":true,"href":"https:\/\/umbicap.com\/index.php?rest_route=%2Fwp%2Fv2%2Fproduct_tag&post=20490"}],"curies":[{"name":"wp","href":"https:\/\/api.w.org\/{rel}","templated":true}]}}