{"id":20508,"date":"2025-07-28T13:00:10","date_gmt":"2025-07-28T13:00:10","guid":{"rendered":"https:\/\/umbidesign.xyz\/?product=veste-bouffante-finland-femme-5095"},"modified":"2025-08-10T14:55:57","modified_gmt":"2025-08-10T14:55:57","slug":"veste-bouffante-finland-femme-5095","status":"publish","type":"product","link":"https:\/\/umbicap.com\/?produit=veste-bouffante-finland-femme-5095&lang=fr","title":{"rendered":"Veste bouffante FINLAND femme 5095"},"content":{"rendered":"\t\t<div data-elementor-type=\"wp-post\" data-elementor-id=\"20508\" class=\"elementor elementor-20508 elementor-9260\">\n\t\t\t\t<div class=\"elementor-element elementor-element-386d97ed e-flex e-con-boxed e-con e-parent\" data-id=\"386d97ed\" data-element_type=\"container\">\n\t\t\t\t\t<div class=\"e-con-inner\">\n\t\t\t\t<div class=\"elementor-element elementor-element-50161d52 elementor-widget elementor-widget-text-editor\" data-id=\"50161d52\" data-element_type=\"widget\" data-widget_type=\"text-editor.default\">\n\t\t\t\t<div class=\"elementor-widget-container\">\n\t\t\t\t\t\t\t\t\t<p class=\"\" data-v-0dde63d0=\"\"><em>Mod\u00e8le :<\/em><br><em>Taille S | Taille 163 cm<\/em><\/p><p class=\"composition-text\" data-v-0dde63d0=\"\">Mati\u00e8re :<br>&#8211; Ext\u00e9rieur : <strong>100% polyester<\/strong>, 300T.<br>&#8211; Doublure : <strong>100% polyester<\/strong>.<br>&#8211; Garnissage : <strong>100% polyester<\/strong>, effet plume.<br>&#8211; <strong>290 g\/m\u00b2<\/strong>.<\/p><p class=\"observation-text\" data-v-0dde63d0=\"\">L\u00e9ger et emportable.<br>Coupe ceintur\u00e9e.<\/p><ul><li class=\"observation-text\">\u00c9tiquette amovible.<\/li><li class=\"observation-text\">R\u00e9sistant \u00e0 l&#8217;eau.<\/li><li class=\"observation-text\">Coupe-vent.<\/li><li class=\"observation-text\">Double concept.<\/li><\/ul>\t\t\t\t\t\t\t\t<\/div>\n\t\t\t\t<\/div>\n\t\t\t\t\t<\/div>\n\t\t\t\t<\/div>\n\t\t\t\t<\/div>\n\t\t","protected":false},"excerpt":{"rendered":"<p class=\"product-short-desc \" data-v-0dde63d0=\"\"><strong>Veste ceintur\u00e9e et matelass\u00e9e avec garniture &#8220;feather touch&#8221;.<\/strong><\/p>\n<p class=\"product-short-desc \" data-v-0dde63d0=\"\">Fermeture \u00e9clair invers\u00e9e dans le m\u00eame ton, avec prot\u00e8ge-menton et tirette de fermeture \u00e9clair.<br \/>\nDeux poches lat\u00e9rales avec fermeture \u00e9clair.<br \/>\nFermeture \u00e9clair invers\u00e9e dans le m\u00eame ton, aux poignets et \u00e0 la taille.<br \/>\nDoublure int\u00e9rieure contrast\u00e9e.<\/p>\n","protected":false},"featured_media":15792,"comment_status":"closed","ping_status":"closed","template":"","meta":[],"product_brand":[],"product_cat":[370,319,385],"product_tag":[],"class_list":{"0":"post-20508","1":"product","2":"type-product","3":"status-publish","4":"has-post-thumbnail","6":"product_cat-femme","7":"product_cat-tous","8":"product_cat-veste-fr-2","10":"first","11":"instock","12":"featured","13":"shipping-taxable","14":"purchasable","15":"product-type-variable"},"_links":{"self":[{"href":"https:\/\/umbicap.com\/index.php?rest_route=\/wp\/v2\/product\/20508","targetHints":{"allow":["GET"]}}],"collection":[{"href":"https:\/\/umbicap.com\/index.php?rest_route=\/wp\/v2\/product"}],"about":[{"href":"https:\/\/umbicap.com\/index.php?rest_route=\/wp\/v2\/types\/product"}],"replies":[{"embeddable":true,"href":"https:\/\/umbicap.com\/index.php?rest_route=%2Fwp%2Fv2%2Fcomments&post=20508"}],"version-history":[{"count":1,"href":"https:\/\/umbicap.com\/index.php?rest_route=\/wp\/v2\/product\/20508\/revisions"}],"predecessor-version":[{"id":20529,"href":"https:\/\/umbicap.com\/index.php?rest_route=\/wp\/v2\/product\/20508\/revisions\/20529"}],"wp:featuredmedia":[{"embeddable":true,"href":"https:\/\/umbicap.com\/index.php?rest_route=\/wp\/v2\/media\/15792"}],"wp:attachment":[{"href":"https:\/\/umbicap.com\/index.php?rest_route=%2Fwp%2Fv2%2Fmedia&parent=20508"}],"wp:term":[{"taxonomy":"product_brand","embeddable":true,"href":"https:\/\/umbicap.com\/index.php?rest_route=%2Fwp%2Fv2%2Fproduct_brand&post=20508"},{"taxonomy":"product_cat","embeddable":true,"href":"https:\/\/umbicap.com\/index.php?rest_route=%2Fwp%2Fv2%2Fproduct_cat&post=20508"},{"taxonomy":"product_tag","embeddable":true,"href":"https:\/\/umbicap.com\/index.php?rest_route=%2Fwp%2Fv2%2Fproduct_tag&post=20508"}],"curies":[{"name":"wp","href":"https:\/\/api.w.org\/{rel}","templated":true}]}}