{"id":20537,"date":"2025-07-28T11:35:17","date_gmt":"2025-07-28T11:35:17","guid":{"rendered":"https:\/\/umbidesign.xyz\/?product=softshell-jacke-rudolph-6435"},"modified":"2025-08-10T15:00:01","modified_gmt":"2025-08-10T15:00:01","slug":"softshell-jacke-rudolph-6435","status":"publish","type":"product","link":"https:\/\/umbicap.com\/?produkt=softshell-jacke-rudolph-6435&lang=de","title":{"rendered":"Softshell-Jacke RUDOLPH 6435"},"content":{"rendered":"\t\t<div data-elementor-type=\"wp-post\" data-elementor-id=\"20537\" class=\"elementor elementor-20537 elementor-9158\">\n\t\t\t\t<div class=\"elementor-element elementor-element-386d97ed e-flex e-con-boxed e-con e-parent\" data-id=\"386d97ed\" data-element_type=\"container\">\n\t\t\t\t\t<div class=\"e-con-inner\">\n\t\t\t\t<div class=\"elementor-element elementor-element-50161d52 elementor-widget elementor-widget-text-editor\" data-id=\"50161d52\" data-element_type=\"widget\" data-widget_type=\"text-editor.default\">\n\t\t\t\t<div class=\"elementor-widget-container\">\n\t\t\t\t\t\t\t\t\t<p class=\"\" data-v-0dde63d0=\"\"><em>Modell:<\/em><br><em>Gr\u00f6\u00dfe M | H\u00f6he 182 cm<\/em><\/p><p class=\"composition-text\" data-v-0dde63d0=\"\">Material:<br>Drei Lagen.<br>&#8211; Au\u00dfenseite: <strong>95% Polyester \/ 5% Elastan<\/strong>.<br>&#8211; Innenseite: <strong>100%<\/strong> extra-warmes <strong>mikro-polarisiertes Polyester<\/strong>.<br>&#8211; <strong>300 g\/m\u00b2<\/strong>.<\/p><ul><li class=\"observation-text\">Wasserfest.<\/li><li class=\"observation-text\">Wasserdurchdringung &#8211; Hydrostatische Druckpr\u00fcfung: &gt; 3000 mm H2O<\/li><li class=\"observation-text\">Beachten Sie die Grenzen dieser Art von Stoffen und die Notwendigkeit, sie vor dem Verlaufen von Druckfarben zu sch\u00fctzen, wenn Sie sie personalisieren oder bedrucken.<\/li><\/ul>\t\t\t\t\t\t\t\t<\/div>\n\t\t\t\t<\/div>\n\t\t\t\t\t<\/div>\n\t\t\t\t<\/div>\n\t\t\t\t<\/div>\n\t\t","protected":false},"excerpt":{"rendered":"<p class=\"p1\"><b>3-lagige Softshell.<\/b><\/p>\n<p class=\"p1\">Durchgehender Rei\u00dfverschluss mit Kinnschutz und Rei\u00dfverschluss-Puller.<br \/>\nZwei Seitentaschen und eine Brusttasche, alle mit Rei\u00dfverschluss und Kunststoffblende am Rei\u00dfverschluss.<br \/>\nVerstellbare \u00c4rmelb\u00fcndchen mit Klettverschluss.<br \/>\nAbschl\u00fcsse vorne und hinten oben.<br \/>\nBund mit verstellbaren Innenverschl\u00fcssen.<b><\/b><\/p>\n","protected":false},"featured_media":15616,"comment_status":"closed","ping_status":"closed","template":"","meta":[],"product_brand":[],"product_cat":[320,399,376,405],"product_tag":[],"class_list":{"0":"post-20537","1":"product","2":"type-product","3":"status-publish","4":"has-post-thumbnail","6":"product_cat-alle","7":"product_cat-jacke-de-2","8":"product_cat-mann","9":"product_cat-softshell","11":"first","12":"instock","13":"featured","14":"shipping-taxable","15":"purchasable","16":"product-type-variable"},"_links":{"self":[{"href":"https:\/\/umbicap.com\/index.php?rest_route=\/wp\/v2\/product\/20537","targetHints":{"allow":["GET"]}}],"collection":[{"href":"https:\/\/umbicap.com\/index.php?rest_route=\/wp\/v2\/product"}],"about":[{"href":"https:\/\/umbicap.com\/index.php?rest_route=\/wp\/v2\/types\/product"}],"replies":[{"embeddable":true,"href":"https:\/\/umbicap.com\/index.php?rest_route=%2Fwp%2Fv2%2Fcomments&post=20537"}],"version-history":[{"count":1,"href":"https:\/\/umbicap.com\/index.php?rest_route=\/wp\/v2\/product\/20537\/revisions"}],"predecessor-version":[{"id":20556,"href":"https:\/\/umbicap.com\/index.php?rest_route=\/wp\/v2\/product\/20537\/revisions\/20556"}],"wp:featuredmedia":[{"embeddable":true,"href":"https:\/\/umbicap.com\/index.php?rest_route=\/wp\/v2\/media\/15616"}],"wp:attachment":[{"href":"https:\/\/umbicap.com\/index.php?rest_route=%2Fwp%2Fv2%2Fmedia&parent=20537"}],"wp:term":[{"taxonomy":"product_brand","embeddable":true,"href":"https:\/\/umbicap.com\/index.php?rest_route=%2Fwp%2Fv2%2Fproduct_brand&post=20537"},{"taxonomy":"product_cat","embeddable":true,"href":"https:\/\/umbicap.com\/index.php?rest_route=%2Fwp%2Fv2%2Fproduct_cat&post=20537"},{"taxonomy":"product_tag","embeddable":true,"href":"https:\/\/umbicap.com\/index.php?rest_route=%2Fwp%2Fv2%2Fproduct_tag&post=20537"}],"curies":[{"name":"wp","href":"https:\/\/api.w.org\/{rel}","templated":true}]}}