{"id":20608,"date":"2025-08-06T15:46:23","date_gmt":"2025-08-06T15:46:23","guid":{"rendered":"https:\/\/umbidesign.xyz\/?product=t-shirt-terra-premium-190"},"modified":"2025-08-10T14:56:52","modified_gmt":"2025-08-10T14:56:52","slug":"t-shirt-terra-premium-190","status":"publish","type":"product","link":"https:\/\/umbicap.com\/?produit=t-shirt-terra-premium-190&lang=fr","title":{"rendered":"T-shirt TERRA Premium 190"},"content":{"rendered":"\t\t<div data-elementor-type=\"wp-post\" data-elementor-id=\"20608\" class=\"elementor elementor-20608 elementor-11237\">\n\t\t\t\t<div class=\"elementor-element elementor-element-386d97ed e-flex e-con-boxed e-con e-parent\" data-id=\"386d97ed\" data-element_type=\"container\">\n\t\t\t\t\t<div class=\"e-con-inner\">\n\t\t\t\t<div class=\"elementor-element elementor-element-50161d52 elementor-widget elementor-widget-text-editor\" data-id=\"50161d52\" data-element_type=\"widget\" data-widget_type=\"text-editor.default\">\n\t\t\t\t<div class=\"elementor-widget-container\">\n\t\t\t\t\t\t\t\t\t<ul><li>Tissu tubulaire.<\/li><li>Double piq\u00fbre sur les manches et le bas.<\/li><li>Renforcement d&#8217;une \u00e9paule \u00e0 l&#8217;autre.<\/li><li>Col en \u00e9lasthanne.<\/li><li>3XL : noir, bleu marine, bleu royal, blanc, rouge, orange, bleu ciel, gris m\u00e9lang\u00e9, graphite, turquoise, LM, vert Kelly, vert bouteille<\/li><li>4XL-5XL : blanc, gris m\u00e9lang\u00e9, noir, bleu ciel, orange, rouge, bleu royal, bleu marine, vert bouteille.<\/li><li>M\u00e9lange gris &#8211; 85% coton \/ 15% viscose<\/li><li>M\u00e9lange cendr\u00e9 &#8211; 98% coton \/ 2% viscose<\/li><li>\u00c9tiquette amovible<\/li><\/ul><p>100% coton avec pr\u00e9-r\u00e9tr\u00e9cissement.<br>Poids : 185-190 g\/m\u00b2 environ.<\/p>\t\t\t\t\t\t\t\t<\/div>\n\t\t\t\t<\/div>\n\t\t\t\t\t<\/div>\n\t\t\t\t<\/div>\n\t\t\t\t<\/div>\n\t\t","protected":false},"excerpt":{"rendered":"<p><strong>T-shirt basique pour homme \u00e0 manches courtes, 100% coton<\/strong>.<\/p>\n<p>Id\u00e9al pour la personnalisation en s\u00e9rigraphie, vinyle, transfert et impression num\u00e9rique.<br \/>\nEgalement disponible pour les femmes, les enfants et les grandes tailles.<\/p>\n<p><strong>Tailles XS \u00e0 5XL<\/strong>.<\/p>\n<p>T-shirt recommand\u00e9 pour les climats plus froids en raison de son poids de 185-190 gr.<\/p>\n","protected":false},"featured_media":19501,"comment_status":"closed","ping_status":"closed","template":"","meta":[],"product_brand":[],"product_cat":[368,407,319,384],"product_tag":[],"class_list":{"0":"post-20608","1":"product","2":"type-product","3":"status-publish","4":"has-post-thumbnail","6":"product_cat-lhomme","7":"product_cat-t-shirt","8":"product_cat-tous","9":"product_cat-unisexe","11":"first","12":"instock","13":"featured","14":"shipping-taxable","15":"purchasable","16":"product-type-variable"},"_links":{"self":[{"href":"https:\/\/umbicap.com\/index.php?rest_route=\/wp\/v2\/product\/20608","targetHints":{"allow":["GET"]}}],"collection":[{"href":"https:\/\/umbicap.com\/index.php?rest_route=\/wp\/v2\/product"}],"about":[{"href":"https:\/\/umbicap.com\/index.php?rest_route=\/wp\/v2\/types\/product"}],"replies":[{"embeddable":true,"href":"https:\/\/umbicap.com\/index.php?rest_route=%2Fwp%2Fv2%2Fcomments&post=20608"}],"version-history":[{"count":2,"href":"https:\/\/umbicap.com\/index.php?rest_route=\/wp\/v2\/product\/20608\/revisions"}],"predecessor-version":[{"id":22196,"href":"https:\/\/umbicap.com\/index.php?rest_route=\/wp\/v2\/product\/20608\/revisions\/22196"}],"wp:featuredmedia":[{"embeddable":true,"href":"https:\/\/umbicap.com\/index.php?rest_route=\/wp\/v2\/media\/19501"}],"wp:attachment":[{"href":"https:\/\/umbicap.com\/index.php?rest_route=%2Fwp%2Fv2%2Fmedia&parent=20608"}],"wp:term":[{"taxonomy":"product_brand","embeddable":true,"href":"https:\/\/umbicap.com\/index.php?rest_route=%2Fwp%2Fv2%2Fproduct_brand&post=20608"},{"taxonomy":"product_cat","embeddable":true,"href":"https:\/\/umbicap.com\/index.php?rest_route=%2Fwp%2Fv2%2Fproduct_cat&post=20608"},{"taxonomy":"product_tag","embeddable":true,"href":"https:\/\/umbicap.com\/index.php?rest_route=%2Fwp%2Fv2%2Fproduct_tag&post=20608"}],"curies":[{"name":"wp","href":"https:\/\/api.w.org\/{rel}","templated":true}]}}