{"id":20841,"date":"2025-07-25T00:19:48","date_gmt":"2025-07-25T00:19:48","guid":{"rendered":"https:\/\/umbidesign.xyz\/?product=pole-montreal"},"modified":"2025-08-10T14:54:46","modified_gmt":"2025-08-10T14:54:46","slug":"pole-montreal","status":"publish","type":"product","link":"https:\/\/umbicap.com\/?produit=pole-montreal&lang=fr","title":{"rendered":"P\u00f4le MONTR\u00c9AL"},"content":{"rendered":"\t\t<div data-elementor-type=\"wp-post\" data-elementor-id=\"20841\" class=\"elementor elementor-20841 elementor-8536\">\n\t\t\t\t<div class=\"elementor-element elementor-element-386d97ed e-flex e-con-boxed e-con e-parent\" data-id=\"386d97ed\" data-element_type=\"container\">\n\t\t\t\t\t<div class=\"e-con-inner\">\n\t\t\t\t<div class=\"elementor-element elementor-element-50161d52 elementor-widget elementor-widget-text-editor\" data-id=\"50161d52\" data-element_type=\"widget\" data-widget_type=\"text-editor.default\">\n\t\t\t\t<div class=\"elementor-widget-container\">\n\t\t\t\t\t\t\t\t\t<p class=\"\" data-v-0dde63d0=\"\"><em>Mod\u00e8le :<\/em><br><em>Taille M | Taille 185 cm<\/em><\/p><p class=\"composition-text\" data-v-0dde63d0=\"\">Mati\u00e8re :<br><strong>100% coton<\/strong> peign\u00e9, piqu\u00e9<br><strong>230 g\/m\u00b2<\/strong>.<\/p><ul><li class=\"observation-text\">\u00c9tiquette amovible.<\/li><\/ul>\t\t\t\t\t\t\t\t<\/div>\n\t\t\t\t<\/div>\n\t\t\t\t\t<\/div>\n\t\t\t\t<\/div>\n\t\t\t\t<\/div>\n\t\t","protected":false},"excerpt":{"rendered":"<p><strong>Polo \u00e0 manches courtes avec<\/strong> revers \u00e0 <strong>3 boutons de<\/strong> la <strong>m\u00eame couleur.<\/strong><\/p>\n<p>Revers int\u00e9rieur contrastant avec le revers ext\u00e9rieur.<br \/>\nCol et extr\u00e9mit\u00e9s des manches c\u00f4tel\u00e9s.<br \/>\nCoutures renforc\u00e9es au niveau du col.<br \/>\nFentes lat\u00e9rales.<\/p>\n","protected":false},"featured_media":14589,"comment_status":"closed","ping_status":"closed","template":"","meta":[],"product_brand":[],"product_cat":[368,416,319],"product_tag":[],"class_list":{"0":"post-20841","1":"product","2":"type-product","3":"status-publish","4":"has-post-thumbnail","6":"product_cat-lhomme","7":"product_cat-polo-fr","8":"product_cat-tous","10":"first","11":"instock","12":"featured","13":"shipping-taxable","14":"purchasable","15":"product-type-variable"},"_links":{"self":[{"href":"https:\/\/umbicap.com\/index.php?rest_route=\/wp\/v2\/product\/20841","targetHints":{"allow":["GET"]}}],"collection":[{"href":"https:\/\/umbicap.com\/index.php?rest_route=\/wp\/v2\/product"}],"about":[{"href":"https:\/\/umbicap.com\/index.php?rest_route=\/wp\/v2\/types\/product"}],"replies":[{"embeddable":true,"href":"https:\/\/umbicap.com\/index.php?rest_route=%2Fwp%2Fv2%2Fcomments&post=20841"}],"version-history":[{"count":3,"href":"https:\/\/umbicap.com\/index.php?rest_route=\/wp\/v2\/product\/20841\/revisions"}],"predecessor-version":[{"id":20905,"href":"https:\/\/umbicap.com\/index.php?rest_route=\/wp\/v2\/product\/20841\/revisions\/20905"}],"wp:featuredmedia":[{"embeddable":true,"href":"https:\/\/umbicap.com\/index.php?rest_route=\/wp\/v2\/media\/14589"}],"wp:attachment":[{"href":"https:\/\/umbicap.com\/index.php?rest_route=%2Fwp%2Fv2%2Fmedia&parent=20841"}],"wp:term":[{"taxonomy":"product_brand","embeddable":true,"href":"https:\/\/umbicap.com\/index.php?rest_route=%2Fwp%2Fv2%2Fproduct_brand&post=20841"},{"taxonomy":"product_cat","embeddable":true,"href":"https:\/\/umbicap.com\/index.php?rest_route=%2Fwp%2Fv2%2Fproduct_cat&post=20841"},{"taxonomy":"product_tag","embeddable":true,"href":"https:\/\/umbicap.com\/index.php?rest_route=%2Fwp%2Fv2%2Fproduct_tag&post=20841"}],"curies":[{"name":"wp","href":"https:\/\/api.w.org\/{rel}","templated":true}]}}