{"id":20862,"date":"2025-07-25T02:30:40","date_gmt":"2025-07-25T02:30:40","guid":{"rendered":"https:\/\/umbidesign.xyz\/?product=sweat-a-capuche-zip-fuji"},"modified":"2025-08-10T14:54:46","modified_gmt":"2025-08-10T14:54:46","slug":"sweat-a-capuche-zip-fuji","status":"publish","type":"product","link":"https:\/\/umbicap.com\/?produit=sweat-a-capuche-zip-fuji&lang=fr","title":{"rendered":"Sweat \u00e0 capuche Zip FUJI"},"content":{"rendered":"\t\t<div data-elementor-type=\"wp-post\" data-elementor-id=\"20862\" class=\"elementor elementor-20862 elementor-8666\">\n\t\t\t\t<div class=\"elementor-element elementor-element-386d97ed e-flex e-con-boxed e-con e-parent\" data-id=\"386d97ed\" data-element_type=\"container\">\n\t\t\t\t\t<div class=\"e-con-inner\">\n\t\t\t\t<div class=\"elementor-element elementor-element-50161d52 elementor-widget elementor-widget-text-editor\" data-id=\"50161d52\" data-element_type=\"widget\" data-widget_type=\"text-editor.default\">\n\t\t\t\t<div class=\"elementor-widget-container\">\n\t\t\t\t\t\t\t\t\t<p class=\"\" data-v-0dde63d0=\"\"><em>Mod\u00e8le :<\/em><br><em>Taille M | Taille 182 cm<\/em><\/p><p class=\"composition-text\" data-v-0dde63d0=\"\">Mati\u00e8re :<br>&#8211; Tissu principal : <strong>60% coton \/ 40% polyester<\/strong>, peluche non card\u00e9e,<br><strong>&#8211; 280 g\/m\u00b2<\/strong>.<br>&#8211; Doublure de la capuche : <strong>100% polyester microperfor\u00e9<\/strong>.<\/p><p class=\"observation-text\" data-v-0dde63d0=\"\">M\u00e9lange gris : 55% coton \/ 40% polyester \/ 5% viscose.<\/p><ul><li class=\"observation-text\">\u00c9tiquette amovible.<\/li><\/ul>\t\t\t\t\t\t\t\t<\/div>\n\t\t\t\t<\/div>\n\t\t\t\t\t<\/div>\n\t\t\t\t<\/div>\n\t\t\t\t<\/div>\n\t\t","protected":false},"excerpt":{"rendered":"<p class=\"product-short-desc \" data-v-0dde63d0=\"\"><strong>Veste en peluche non cartonn\u00e9e avec capuche.<\/strong><\/p>\n<p class=\"product-short-desc \" data-v-0dde63d0=\"\">Fermeture \u00e9clair centrale avec sangle, en couleur fluorescente contrast\u00e9e.<br \/>\nCapuche avec doublure int\u00e9rieure en tissu polyester microperfor\u00e9, en couleur fluorescente contrast\u00e9e.<br \/>\nCordon de serrage en couleur fluorescente et \u0153illets m\u00e9talliques.<br \/>\nManches longues avec poignets et ceinture en c\u00f4tes 1&#215;1.<br \/>\nDeux poches avant avec d\u00e9tail sur le bord.<br \/>\nCache couture renforc\u00e9 \u00e0 l&#8217;int\u00e9rieur du col.<\/p>\n","protected":false},"featured_media":14811,"comment_status":"closed","ping_status":"closed","template":"","meta":[],"product_brand":[],"product_cat":[370,389,388,368,387,419,319,384],"product_tag":[],"class_list":{"0":"post-20862","1":"product","2":"type-product","3":"status-publish","4":"has-post-thumbnail","6":"product_cat-femme","7":"product_cat-femme-a-capuche","8":"product_cat-homme-a-capuche","9":"product_cat-lhomme","10":"product_cat-sweat-a-capuche","11":"product_cat-sweat-zip","12":"product_cat-tous","13":"product_cat-unisexe","15":"first","16":"instock","17":"featured","18":"shipping-taxable","19":"purchasable","20":"product-type-variable"},"_links":{"self":[{"href":"https:\/\/umbicap.com\/index.php?rest_route=\/wp\/v2\/product\/20862","targetHints":{"allow":["GET"]}}],"collection":[{"href":"https:\/\/umbicap.com\/index.php?rest_route=\/wp\/v2\/product"}],"about":[{"href":"https:\/\/umbicap.com\/index.php?rest_route=\/wp\/v2\/types\/product"}],"replies":[{"embeddable":true,"href":"https:\/\/umbicap.com\/index.php?rest_route=%2Fwp%2Fv2%2Fcomments&post=20862"}],"version-history":[{"count":3,"href":"https:\/\/umbicap.com\/index.php?rest_route=\/wp\/v2\/product\/20862\/revisions"}],"predecessor-version":[{"id":20900,"href":"https:\/\/umbicap.com\/index.php?rest_route=\/wp\/v2\/product\/20862\/revisions\/20900"}],"wp:featuredmedia":[{"embeddable":true,"href":"https:\/\/umbicap.com\/index.php?rest_route=\/wp\/v2\/media\/14811"}],"wp:attachment":[{"href":"https:\/\/umbicap.com\/index.php?rest_route=%2Fwp%2Fv2%2Fmedia&parent=20862"}],"wp:term":[{"taxonomy":"product_brand","embeddable":true,"href":"https:\/\/umbicap.com\/index.php?rest_route=%2Fwp%2Fv2%2Fproduct_brand&post=20862"},{"taxonomy":"product_cat","embeddable":true,"href":"https:\/\/umbicap.com\/index.php?rest_route=%2Fwp%2Fv2%2Fproduct_cat&post=20862"},{"taxonomy":"product_tag","embeddable":true,"href":"https:\/\/umbicap.com\/index.php?rest_route=%2Fwp%2Fv2%2Fproduct_tag&post=20862"}],"curies":[{"name":"wp","href":"https:\/\/api.w.org\/{rel}","templated":true}]}}