{"id":20874,"date":"2025-07-25T01:20:06","date_gmt":"2025-07-25T01:20:06","guid":{"rendered":"https:\/\/umbidesign.xyz\/?product=badet-duo-hoodie"},"modified":"2025-08-10T15:01:29","modified_gmt":"2025-08-10T15:01:29","slug":"badet-duo-hoodie","status":"publish","type":"product","link":"https:\/\/umbicap.com\/?produkt=badet-duo-hoodie&lang=de","title":{"rendered":"BADET duo hoodie"},"content":{"rendered":"\t\t<div data-elementor-type=\"wp-post\" data-elementor-id=\"20874\" class=\"elementor elementor-20874 elementor-8591\">\n\t\t\t\t<div class=\"elementor-element elementor-element-386d97ed e-flex e-con-boxed e-con e-parent\" data-id=\"386d97ed\" data-element_type=\"container\">\n\t\t\t\t\t<div class=\"e-con-inner\">\n\t\t\t\t<div class=\"elementor-element elementor-element-50161d52 elementor-widget elementor-widget-text-editor\" data-id=\"50161d52\" data-element_type=\"widget\" data-widget_type=\"text-editor.default\">\n\t\t\t\t<div class=\"elementor-widget-container\">\n\t\t\t\t\t\t\t\t\t<p class=\"\" data-v-0dde63d0=\"\"><em>Modell:<\/em><br><em>Gr\u00f6\u00dfe M | H\u00f6he 172 cm<\/em><\/p><ul><li class=\"observation-text\">Abnehmbares Etikett.<\/li><li class=\"observation-text\">Erh\u00e4ltlich in Kindergr\u00f6\u00dfen.<\/li><li class=\"observation-text\">Doppeltes Konzept.<\/li><\/ul><p class=\"composition-text\" data-v-0dde63d0=\"\">Material:<br><strong>50% Baumwolle \/ 50% Polyester, kardierter Pl\u00fcsch<\/strong><br><strong>280 g\/m\u00b2<\/strong>.<\/p><p class=\"composition-text\" data-v-0dde63d0=\"\">Melange Grau: 55% Baumwolle \/ 40% Polyester \/ 5% Viskose.<\/p><ul><li><strong>Kindergr\u00f6\u00dfen in den folgenden Duo-Farben erh\u00e4ltlich<\/strong>:<br>Melange Grau + Hellrosa \/\/ Melange Grau + Rot \/\/ Melange Grau + Burgund \/\/ Melange Grau + Lila \/\/ Melange Grau + K\u00f6nigsblau \/\/ Melange Grau + Flaschengr\u00fcn \/\/ Melange Grau + Schwarz \/\/ Marineblau + Melange Grau \/\/ Schwarz + Melange Grau<\/li><\/ul>\t\t\t\t\t\t\t\t<\/div>\n\t\t\t\t<\/div>\n\t\t\t\t\t<\/div>\n\t\t\t\t<\/div>\n\t\t\t\t<\/div>\n\t\t","protected":false},"excerpt":{"rendered":"<p><strong>Zweifarbiges Sweatshirt mit Kapuze, unisex.<\/strong><\/p>\n<p>Kapuze mit gekreuztem Kragen und Metall\u00f6sen, innenliegende und kontrastfarbene Kordelz\u00fcge.<br \/>\nKontrastfarbene Reglan\u00e4rmel.<br \/>\nK\u00e4ngurutasche. Gerippte B\u00fcndchen und Bund mit 1&#215;1 Elastan. <\/p>\n<p><strong>Kindergr\u00f6\u00dfen <\/strong>in verschiedenen Farben <strong>erh\u00e4ltlich <\/strong> <em>(siehe <strong>Details<\/strong>)<\/em>.<\/p>\n","protected":false},"featured_media":14785,"comment_status":"closed","ping_status":"closed","template":"","meta":[],"product_brand":[],"product_cat":[320,372,404,403,402,376,400],"product_tag":[],"class_list":{"0":"post-20874","1":"product","2":"type-product","3":"status-publish","4":"has-post-thumbnail","6":"product_cat-alle","7":"product_cat-frau","8":"product_cat-kapuzenfrau","9":"product_cat-kapuzenmann","10":"product_cat-kapuzenpulli","11":"product_cat-mann","12":"product_cat-unisex-de","14":"first","15":"instock","16":"featured","17":"shipping-taxable","18":"purchasable","19":"product-type-variable"},"_links":{"self":[{"href":"https:\/\/umbicap.com\/index.php?rest_route=\/wp\/v2\/product\/20874","targetHints":{"allow":["GET"]}}],"collection":[{"href":"https:\/\/umbicap.com\/index.php?rest_route=\/wp\/v2\/product"}],"about":[{"href":"https:\/\/umbicap.com\/index.php?rest_route=\/wp\/v2\/types\/product"}],"replies":[{"embeddable":true,"href":"https:\/\/umbicap.com\/index.php?rest_route=%2Fwp%2Fv2%2Fcomments&post=20874"}],"version-history":[{"count":3,"href":"https:\/\/umbicap.com\/index.php?rest_route=\/wp\/v2\/product\/20874\/revisions"}],"predecessor-version":[{"id":20943,"href":"https:\/\/umbicap.com\/index.php?rest_route=\/wp\/v2\/product\/20874\/revisions\/20943"}],"wp:featuredmedia":[{"embeddable":true,"href":"https:\/\/umbicap.com\/index.php?rest_route=\/wp\/v2\/media\/14785"}],"wp:attachment":[{"href":"https:\/\/umbicap.com\/index.php?rest_route=%2Fwp%2Fv2%2Fmedia&parent=20874"}],"wp:term":[{"taxonomy":"product_brand","embeddable":true,"href":"https:\/\/umbicap.com\/index.php?rest_route=%2Fwp%2Fv2%2Fproduct_brand&post=20874"},{"taxonomy":"product_cat","embeddable":true,"href":"https:\/\/umbicap.com\/index.php?rest_route=%2Fwp%2Fv2%2Fproduct_cat&post=20874"},{"taxonomy":"product_tag","embeddable":true,"href":"https:\/\/umbicap.com\/index.php?rest_route=%2Fwp%2Fv2%2Fproduct_tag&post=20874"}],"curies":[{"name":"wp","href":"https:\/\/api.w.org\/{rel}","templated":true}]}}