{"id":20950,"date":"2025-07-25T02:54:41","date_gmt":"2025-07-25T02:54:41","guid":{"rendered":"https:\/\/umbidesign.xyz\/?product=nevada-softshell-weste"},"modified":"2025-08-10T15:00:01","modified_gmt":"2025-08-10T15:00:01","slug":"nevada-softshell-weste","status":"publish","type":"product","link":"https:\/\/umbicap.com\/?produkt=nevada-softshell-weste&lang=de","title":{"rendered":"NEVADA Softshell-Weste"},"content":{"rendered":"\t\t<div data-elementor-type=\"wp-post\" data-elementor-id=\"20950\" class=\"elementor elementor-20950 elementor-8773\">\n\t\t\t\t<div class=\"elementor-element elementor-element-386d97ed e-flex e-con-boxed e-con e-parent\" data-id=\"386d97ed\" data-element_type=\"container\">\n\t\t\t\t\t<div class=\"e-con-inner\">\n\t\t\t\t<div class=\"elementor-element elementor-element-50161d52 elementor-widget elementor-widget-text-editor\" data-id=\"50161d52\" data-element_type=\"widget\" data-widget_type=\"text-editor.default\">\n\t\t\t\t<div class=\"elementor-widget-container\">\n\t\t\t\t\t\t\t\t\t<p class=\"\" data-v-0dde63d0=\"\"><em>Modell:<\/em><br><em>Gr\u00f6\u00dfe M | H\u00f6he 182 cm<\/em><\/p><p class=\"composition-text\" data-v-0dde63d0=\"\">Material:<br>Zwei Lagen.<br>&#8211; Au\u00dfenseite: <strong>92% Polyester \/ 8% Elastan<\/strong>.<br>&#8211; Innenseite: <strong>100%<\/strong> extra-warmes <strong>mikro-polarisiertes Polyester<\/strong>.<br>&#8211;<strong> 300 g\/m\u00b2<\/strong>.<\/p><ul><li class=\"observation-text\">Wasserfestes Modell.<\/li><li class=\"observation-text\">Winddichtes Modell.<\/li><li class=\"observation-text\">Beachten Sie die Grenzen dieser Art von Stoffen und die Notwendigkeit, sie vor dem Verlaufen von Druckfarben zu sch\u00fctzen, wenn Sie sie personalisieren oder bedrucken.<\/li><\/ul>\t\t\t\t\t\t\t\t<\/div>\n\t\t\t\t<\/div>\n\t\t\t\t\t<\/div>\n\t\t\t\t<\/div>\n\t\t\t\t<\/div>\n\t\t","protected":false},"excerpt":{"rendered":"<p class=\"product-short-desc \" data-v-0dde63d0=\"\"><strong>Soft Shell besteht aus 2 Schichten.<\/strong><\/p>\n<p class=\"product-short-desc \" data-v-0dde63d0=\"\">Umgekehrter Rei\u00dfverschluss mit versiegeltem Effekt, mit Kinnschutz und Rei\u00dfverschluss-Zieher.<br \/>\nDrei \u00e4u\u00dfere Rei\u00dfverschlusstaschen, mit Rei\u00dfverschluss-Zieher, passend zum Farbton der Jacke.<br \/>\nBund mit elastischem Kordelzug und Verstellm\u00f6glichkeiten.<\/p>\n","protected":false},"featured_media":14953,"comment_status":"closed","ping_status":"closed","template":"","meta":[],"product_brand":[],"product_cat":[320,372,376,400,420,421,422],"product_tag":[],"class_list":{"0":"post-20950","1":"product","2":"type-product","3":"status-publish","4":"has-post-thumbnail","6":"product_cat-alle","7":"product_cat-frau","8":"product_cat-mann","9":"product_cat-unisex-de","10":"product_cat-weste","11":"product_cat-weste-de","12":"product_cat-weste-de-2","14":"first","15":"instock","16":"featured","17":"shipping-taxable","18":"purchasable","19":"product-type-variable"},"_links":{"self":[{"href":"https:\/\/umbicap.com\/index.php?rest_route=\/wp\/v2\/product\/20950","targetHints":{"allow":["GET"]}}],"collection":[{"href":"https:\/\/umbicap.com\/index.php?rest_route=\/wp\/v2\/product"}],"about":[{"href":"https:\/\/umbicap.com\/index.php?rest_route=\/wp\/v2\/types\/product"}],"replies":[{"embeddable":true,"href":"https:\/\/umbicap.com\/index.php?rest_route=%2Fwp%2Fv2%2Fcomments&post=20950"}],"version-history":[{"count":1,"href":"https:\/\/umbicap.com\/index.php?rest_route=\/wp\/v2\/product\/20950\/revisions"}],"predecessor-version":[{"id":20954,"href":"https:\/\/umbicap.com\/index.php?rest_route=\/wp\/v2\/product\/20950\/revisions\/20954"}],"wp:featuredmedia":[{"embeddable":true,"href":"https:\/\/umbicap.com\/index.php?rest_route=\/wp\/v2\/media\/14953"}],"wp:attachment":[{"href":"https:\/\/umbicap.com\/index.php?rest_route=%2Fwp%2Fv2%2Fmedia&parent=20950"}],"wp:term":[{"taxonomy":"product_brand","embeddable":true,"href":"https:\/\/umbicap.com\/index.php?rest_route=%2Fwp%2Fv2%2Fproduct_brand&post=20950"},{"taxonomy":"product_cat","embeddable":true,"href":"https:\/\/umbicap.com\/index.php?rest_route=%2Fwp%2Fv2%2Fproduct_cat&post=20950"},{"taxonomy":"product_tag","embeddable":true,"href":"https:\/\/umbicap.com\/index.php?rest_route=%2Fwp%2Fv2%2Fproduct_tag&post=20950"}],"curies":[{"name":"wp","href":"https:\/\/api.w.org\/{rel}","templated":true}]}}