{"id":20955,"date":"2025-07-25T02:54:41","date_gmt":"2025-07-25T02:54:41","guid":{"rendered":"https:\/\/umbidesign.xyz\/?product=gilet-en-softshell-nevada"},"modified":"2025-08-10T14:55:57","modified_gmt":"2025-08-10T14:55:57","slug":"gilet-en-softshell-nevada","status":"publish","type":"product","link":"https:\/\/umbicap.com\/?produit=gilet-en-softshell-nevada&lang=fr","title":{"rendered":"Gilet en Softshell NEVADA"},"content":{"rendered":"\t\t<div data-elementor-type=\"wp-post\" data-elementor-id=\"20955\" class=\"elementor elementor-20955 elementor-8773\">\n\t\t\t\t<div class=\"elementor-element elementor-element-386d97ed e-flex e-con-boxed e-con e-parent\" data-id=\"386d97ed\" data-element_type=\"container\">\n\t\t\t\t\t<div class=\"e-con-inner\">\n\t\t\t\t<div class=\"elementor-element elementor-element-50161d52 elementor-widget elementor-widget-text-editor\" data-id=\"50161d52\" data-element_type=\"widget\" data-widget_type=\"text-editor.default\">\n\t\t\t\t<div class=\"elementor-widget-container\">\n\t\t\t\t\t\t\t\t\t<p class=\"\" data-v-0dde63d0=\"\"><em>Mod\u00e8le :<\/em><br><em>Taille M | Taille 182 cm<\/em><\/p><p class=\"composition-text\" data-v-0dde63d0=\"\">Mati\u00e8re :<br>Deux couches.<br>&#8211; Ext\u00e9rieur : <strong>92% polyester \/ 8% \u00e9lasthanne<\/strong>.<br>&#8211; Int\u00e9rieur : <strong>100% polyester micro-polaris\u00e9<\/strong> extra-chaud.<br>&#8211;<strong> 300 g\/m\u00b2<\/strong>.<\/p><ul><li class=\"observation-text\">Mod\u00e8le r\u00e9sistant \u00e0 l&#8217;eau.<\/li><li class=\"observation-text\">Mod\u00e8le coupe-vent.<\/li><li class=\"observation-text\">Soyez conscient des limites de ce type de tissu et de la n\u00e9cessit\u00e9 de le prot\u00e9ger contre la migration des encres de conception lorsque vous le personnalisez ou l&#8217;imprimez.<\/li><\/ul>\t\t\t\t\t\t\t\t<\/div>\n\t\t\t\t<\/div>\n\t\t\t\t\t<\/div>\n\t\t\t\t<\/div>\n\t\t\t\t<\/div>\n\t\t","protected":false},"excerpt":{"rendered":"<p class=\"product-short-desc \" data-v-0dde63d0=\"\"><strong>Coquille souple compos\u00e9e de 2 couches.<\/strong><\/p>\n<p class=\"product-short-desc \" data-v-0dde63d0=\"\">Fermeture \u00e9clair invers\u00e9e \u00e0 effet scell\u00e9, avec prot\u00e8ge-menton et tirette de fermeture \u00e9clair.<br \/>\nTrois poches ext\u00e9rieures zipp\u00e9es, avec tirette de fermeture \u00e9clair assortie au ton de la veste.<br \/>\nCeinture avec cordon de serrage \u00e9lastique et ajustements.<\/p>\n","protected":false},"featured_media":14952,"comment_status":"closed","ping_status":"closed","template":"","meta":[],"product_brand":[],"product_cat":[370,424,425,423,368,319,384],"product_tag":[],"class_list":{"0":"post-20955","1":"product","2":"type-product","3":"status-publish","4":"has-post-thumbnail","6":"product_cat-femme","7":"product_cat-gilet-fr","8":"product_cat-gilet-fr-2","9":"product_cat-gilet","10":"product_cat-lhomme","11":"product_cat-tous","12":"product_cat-unisexe","14":"first","15":"instock","16":"featured","17":"shipping-taxable","18":"purchasable","19":"product-type-variable"},"_links":{"self":[{"href":"https:\/\/umbicap.com\/index.php?rest_route=\/wp\/v2\/product\/20955","targetHints":{"allow":["GET"]}}],"collection":[{"href":"https:\/\/umbicap.com\/index.php?rest_route=\/wp\/v2\/product"}],"about":[{"href":"https:\/\/umbicap.com\/index.php?rest_route=\/wp\/v2\/types\/product"}],"replies":[{"embeddable":true,"href":"https:\/\/umbicap.com\/index.php?rest_route=%2Fwp%2Fv2%2Fcomments&post=20955"}],"version-history":[{"count":1,"href":"https:\/\/umbicap.com\/index.php?rest_route=\/wp\/v2\/product\/20955\/revisions"}],"predecessor-version":[{"id":20959,"href":"https:\/\/umbicap.com\/index.php?rest_route=\/wp\/v2\/product\/20955\/revisions\/20959"}],"wp:featuredmedia":[{"embeddable":true,"href":"https:\/\/umbicap.com\/index.php?rest_route=\/wp\/v2\/media\/14952"}],"wp:attachment":[{"href":"https:\/\/umbicap.com\/index.php?rest_route=%2Fwp%2Fv2%2Fmedia&parent=20955"}],"wp:term":[{"taxonomy":"product_brand","embeddable":true,"href":"https:\/\/umbicap.com\/index.php?rest_route=%2Fwp%2Fv2%2Fproduct_brand&post=20955"},{"taxonomy":"product_cat","embeddable":true,"href":"https:\/\/umbicap.com\/index.php?rest_route=%2Fwp%2Fv2%2Fproduct_cat&post=20955"},{"taxonomy":"product_tag","embeddable":true,"href":"https:\/\/umbicap.com\/index.php?rest_route=%2Fwp%2Fv2%2Fproduct_tag&post=20955"}],"curies":[{"name":"wp","href":"https:\/\/api.w.org\/{rel}","templated":true}]}}