{"id":20960,"date":"2025-07-28T10:59:36","date_gmt":"2025-07-28T10:59:36","guid":{"rendered":"https:\/\/umbidesign.xyz\/?product=veste-softshell-siberia-6428"},"modified":"2025-08-10T14:55:57","modified_gmt":"2025-08-10T14:55:57","slug":"veste-softshell-siberia-6428","status":"publish","type":"product","link":"https:\/\/umbicap.com\/?produit=veste-softshell-siberia-6428&lang=fr","title":{"rendered":"Veste softshell SIBERIA 6428"},"content":{"rendered":"\t\t<div data-elementor-type=\"wp-post\" data-elementor-id=\"20960\" class=\"elementor elementor-20960 elementor-9124\">\n\t\t\t\t<div class=\"elementor-element elementor-element-386d97ed e-flex e-con-boxed e-con e-parent\" data-id=\"386d97ed\" data-element_type=\"container\">\n\t\t\t\t\t<div class=\"e-con-inner\">\n\t\t\t\t<div class=\"elementor-element elementor-element-50161d52 elementor-widget elementor-widget-text-editor\" data-id=\"50161d52\" data-element_type=\"widget\" data-widget_type=\"text-editor.default\">\n\t\t\t\t<div class=\"elementor-widget-container\">\n\t\t\t\t\t\t\t\t\t<p class=\"\" data-v-0dde63d0=\"\"><em>Mod\u00e8le :<\/em><br><em>Taille M | Taille 183 cm<\/em><\/p><p class=\"composition-text\" data-v-0dde63d0=\"\">Mati\u00e8re :<br>Deux couches.<br>&#8211; Ext\u00e9rieur : <strong>92% polyester \/ 8% \u00e9lasthanne.<\/strong><br>&#8211; Int\u00e9rieur : <strong>100% polyester micro-polaris\u00e9<\/strong> extra-chaud.<br>&#8211; <strong>300 g\/m\u00b2<\/strong>.<\/p><ul><li class=\"observation-text\">\u00c9tiquette amovible.<\/li><li class=\"observation-text\">Soyez conscient des limites de ce type de tissu et de la n\u00e9cessit\u00e9 de le prot\u00e9ger contre la migration des encres de conception lorsque vous le personnalisez ou l&#8217;imprimez.<\/li><\/ul>\t\t\t\t\t\t\t\t<\/div>\n\t\t\t\t<\/div>\n\t\t\t\t\t<\/div>\n\t\t\t\t<\/div>\n\t\t\t\t<\/div>\n\t\t","protected":false},"excerpt":{"rendered":"<p class=\"product-short-desc \" data-v-0dde63d0=\"\"><strong>Coquille souple \u00e0 2 couches de style sportif.<\/strong><\/p>\n<p class=\"product-short-desc \" data-v-0dde63d0=\"\">Fermeture \u00e9clair centrale en plastique contrast\u00e9 avec prot\u00e8ge-menton et d\u00e9tail de fermeture \u00e9clair.<br \/>\nInt\u00e9rieur chaud en tissu micropolaire contrast\u00e9.<br \/>\nDeux poches lat\u00e9rales et une autre sur la poitrine, avec fermeture \u00e9clair invisible et d\u00e9tail de fermeture \u00e9clair.<br \/>\nPetite poche sur la manche gauche.<br \/>\nOurlet \u00e9lastiqu\u00e9 aux poignets et \u00e0 la taille.<br \/>\nCapuche amovible avec doublure micropolaire contrast\u00e9e.<\/p>\n","protected":false},"featured_media":15552,"comment_status":"closed","ping_status":"closed","template":"","meta":[],"product_brand":[],"product_cat":[368,413,319,379],"product_tag":[],"class_list":{"0":"post-20960","1":"product","2":"type-product","3":"status-publish","4":"has-post-thumbnail","6":"product_cat-lhomme","7":"product_cat-softshell-fr","8":"product_cat-tous","9":"product_cat-veste-fr","11":"first","12":"instock","13":"featured","14":"shipping-taxable","15":"purchasable","16":"product-type-variable"},"_links":{"self":[{"href":"https:\/\/umbicap.com\/index.php?rest_route=\/wp\/v2\/product\/20960","targetHints":{"allow":["GET"]}}],"collection":[{"href":"https:\/\/umbicap.com\/index.php?rest_route=\/wp\/v2\/product"}],"about":[{"href":"https:\/\/umbicap.com\/index.php?rest_route=\/wp\/v2\/types\/product"}],"replies":[{"embeddable":true,"href":"https:\/\/umbicap.com\/index.php?rest_route=%2Fwp%2Fv2%2Fcomments&post=20960"}],"version-history":[{"count":1,"href":"https:\/\/umbicap.com\/index.php?rest_route=\/wp\/v2\/product\/20960\/revisions"}],"predecessor-version":[{"id":20967,"href":"https:\/\/umbicap.com\/index.php?rest_route=\/wp\/v2\/product\/20960\/revisions\/20967"}],"wp:featuredmedia":[{"embeddable":true,"href":"https:\/\/umbicap.com\/index.php?rest_route=\/wp\/v2\/media\/15552"}],"wp:attachment":[{"href":"https:\/\/umbicap.com\/index.php?rest_route=%2Fwp%2Fv2%2Fmedia&parent=20960"}],"wp:term":[{"taxonomy":"product_brand","embeddable":true,"href":"https:\/\/umbicap.com\/index.php?rest_route=%2Fwp%2Fv2%2Fproduct_brand&post=20960"},{"taxonomy":"product_cat","embeddable":true,"href":"https:\/\/umbicap.com\/index.php?rest_route=%2Fwp%2Fv2%2Fproduct_cat&post=20960"},{"taxonomy":"product_tag","embeddable":true,"href":"https:\/\/umbicap.com\/index.php?rest_route=%2Fwp%2Fv2%2Fproduct_tag&post=20960"}],"curies":[{"name":"wp","href":"https:\/\/api.w.org\/{rel}","templated":true}]}}