{"id":20989,"date":"2025-07-25T03:13:13","date_gmt":"2025-07-25T03:13:13","guid":{"rendered":"https:\/\/umbidesign.xyz\/?product=puffweste-oslo-5092"},"modified":"2025-10-07T18:32:42","modified_gmt":"2025-10-07T18:32:42","slug":"puffweste-oslo-5092","status":"publish","type":"product","link":"https:\/\/umbicap.com\/?produkt=puffweste-oslo-5092&lang=de","title":{"rendered":"Steppweste OSLO 5092"},"content":{"rendered":"\t\t<div data-elementor-type=\"wp-post\" data-elementor-id=\"20989\" class=\"elementor elementor-20989 elementor-8830\">\n\t\t\t\t<div class=\"elementor-element elementor-element-386d97ed e-flex e-con-boxed e-con e-parent\" data-id=\"386d97ed\" data-element_type=\"container\">\n\t\t\t\t\t<div class=\"e-con-inner\">\n\t\t\t\t<div class=\"elementor-element elementor-element-50161d52 elementor-widget elementor-widget-text-editor\" data-id=\"50161d52\" data-element_type=\"widget\" data-widget_type=\"text-editor.default\">\n\t\t\t\t<div class=\"elementor-widget-container\">\n\t\t\t\t\t\t\t\t\t<p class=\"\" data-v-0dde63d0=\"\"><em>Modell:<\/em><br><em>Gr\u00f6\u00dfe M | H\u00f6he 182 cm<\/em><\/p><p class=\"composition-text\" data-v-0dde63d0=\"\">Material:<br>&#8211; Au\u00dfenseite: <strong>100% Polyester, 300T<\/strong>.<br>&#8211; Futter: <strong>100% Polyester<\/strong>.<br>&#8211; F\u00fcllung: <strong>100% Polyester<\/strong>, Federeffekt.<br> &#8211;<strong> 290 g\/m\u00b2<\/strong>.<\/p><ul><li class=\"composition-text\">Wasserfest.<\/li><li class=\"composition-text\">Winddichtes Modell.<\/li><li class=\"composition-text\">Doppeltes Konzept.<br><br><\/li><li class=\"p1\"><b>Kindergr\u00f6\u00dfen erh\u00e4ltlich in folgenden Farben:<\/b><br>Blue Navy \/\/ Blue Storm \/\/ Black<\/li><\/ul>\t\t\t\t\t\t\t\t<\/div>\n\t\t\t\t<\/div>\n\t\t\t\t\t<\/div>\n\t\t\t\t<\/div>\n\t\t\t\t<\/div>\n\t\t","protected":false},"excerpt":{"rendered":"<p class=\"product-short-desc \" data-v-0dde63d0=\"\"><strong>Gepolsterte Weste mit &#8220;feather touch&#8221;-F\u00fcllung.<\/strong><\/p>\n<p class=\"product-short-desc \" data-v-0dde63d0=\"\">Umgekehrte Rei\u00dfverschl\u00fcsse in derselben Farbe, mit Kinnschutz und Rei\u00dfverschluss-Puller.<br \/>\nZwei Seitentaschen mit Rei\u00dfverschl\u00fcssen.<br \/>\nElastischer Bund und Armausschnitt.<br \/>\nKontrastfarbiges Innenfutter.<br \/>\nLeichtes, packbares Kleidungsst\u00fcck.<\/p>\n<p class=\"p1\"><b>Kindergr\u00f6\u00dfen <\/b>in verschiedenen Farben <b>erh\u00e4ltlich <\/b><i>(siehe <\/i><b><br \/>\n  <i>Einzelheiten<\/i><br \/>\n<\/b>).<\/p>\n","protected":false},"featured_media":15034,"comment_status":"closed","ping_status":"closed","template":"","meta":[],"product_brand":[],"product_cat":[320,332,376,421],"product_tag":[],"class_list":{"0":"post-20989","1":"product","2":"type-product","3":"status-publish","4":"has-post-thumbnail","6":"product_cat-alle","7":"product_cat-kinder","8":"product_cat-mann","9":"product_cat-weste-de","11":"first","12":"instock","13":"featured","14":"shipping-taxable","15":"purchasable","16":"product-type-variable"},"_links":{"self":[{"href":"https:\/\/umbicap.com\/index.php?rest_route=\/wp\/v2\/product\/20989","targetHints":{"allow":["GET"]}}],"collection":[{"href":"https:\/\/umbicap.com\/index.php?rest_route=\/wp\/v2\/product"}],"about":[{"href":"https:\/\/umbicap.com\/index.php?rest_route=\/wp\/v2\/types\/product"}],"replies":[{"embeddable":true,"href":"https:\/\/umbicap.com\/index.php?rest_route=%2Fwp%2Fv2%2Fcomments&post=20989"}],"version-history":[{"count":2,"href":"https:\/\/umbicap.com\/index.php?rest_route=\/wp\/v2\/product\/20989\/revisions"}],"predecessor-version":[{"id":24137,"href":"https:\/\/umbicap.com\/index.php?rest_route=\/wp\/v2\/product\/20989\/revisions\/24137"}],"wp:featuredmedia":[{"embeddable":true,"href":"https:\/\/umbicap.com\/index.php?rest_route=\/wp\/v2\/media\/15034"}],"wp:attachment":[{"href":"https:\/\/umbicap.com\/index.php?rest_route=%2Fwp%2Fv2%2Fmedia&parent=20989"}],"wp:term":[{"taxonomy":"product_brand","embeddable":true,"href":"https:\/\/umbicap.com\/index.php?rest_route=%2Fwp%2Fv2%2Fproduct_brand&post=20989"},{"taxonomy":"product_cat","embeddable":true,"href":"https:\/\/umbicap.com\/index.php?rest_route=%2Fwp%2Fv2%2Fproduct_cat&post=20989"},{"taxonomy":"product_tag","embeddable":true,"href":"https:\/\/umbicap.com\/index.php?rest_route=%2Fwp%2Fv2%2Fproduct_tag&post=20989"}],"curies":[{"name":"wp","href":"https:\/\/api.w.org\/{rel}","templated":true}]}}