{"id":21007,"date":"2025-07-25T03:13:13","date_gmt":"2025-07-25T03:13:13","guid":{"rendered":"https:\/\/umbidesign.xyz\/?product=gilet-bouffant-oslo-5092"},"modified":"2025-08-10T14:55:57","modified_gmt":"2025-08-10T14:55:57","slug":"gilet-bouffant-oslo-5092","status":"publish","type":"product","link":"https:\/\/umbicap.com\/?produit=gilet-bouffant-oslo-5092&lang=fr","title":{"rendered":"Gilet bouffant OSLO 5092"},"content":{"rendered":"\t\t<div data-elementor-type=\"wp-post\" data-elementor-id=\"21007\" class=\"elementor elementor-21007 elementor-8830\">\n\t\t\t\t<div class=\"elementor-element elementor-element-386d97ed e-flex e-con-boxed e-con e-parent\" data-id=\"386d97ed\" data-element_type=\"container\">\n\t\t\t\t\t<div class=\"e-con-inner\">\n\t\t\t\t<div class=\"elementor-element elementor-element-50161d52 elementor-widget elementor-widget-text-editor\" data-id=\"50161d52\" data-element_type=\"widget\" data-widget_type=\"text-editor.default\">\n\t\t\t\t<div class=\"elementor-widget-container\">\n\t\t\t\t\t\t\t\t\t<p class=\"\" data-v-0dde63d0=\"\"><em>Mod\u00e8le :<\/em><br><em>Taille M | Taille 182 cm<\/em><\/p><p class=\"composition-text\" data-v-0dde63d0=\"\">Mati\u00e8re :<br>&#8211; Ext\u00e9rieur : <strong>100% polyester, 300T<\/strong>.<br>&#8211; Doublure : <strong>100% polyester<\/strong>.<br>&#8211; Garnissage : <strong>100% polyester<\/strong>, effet plume.<br> &#8211;<strong> 290 g\/m\u00b2<\/strong>.<\/p><ul><li class=\"composition-text\">R\u00e9sistant \u00e0 l&#8217;eau.<\/li><li class=\"composition-text\">Mod\u00e8le coupe-vent.<\/li><li class=\"composition-text\">Double concept.<br><br><\/li><li class=\"p1\"><b>Tailles enfants disponibles dans les couleurs suivantes :<\/b><br>Bleu marine \/\/ Bleu temp\u00eate \/\/ Noir<\/li><\/ul>\t\t\t\t\t\t\t\t<\/div>\n\t\t\t\t<\/div>\n\t\t\t\t\t<\/div>\n\t\t\t\t<\/div>\n\t\t\t\t<\/div>\n\t\t","protected":false},"excerpt":{"rendered":"<p class=\"product-short-desc \" data-v-0dde63d0=\"\"><strong>Gilet rembourr\u00e9 avec garniture &#8220;feather touch&#8221;.<\/strong><\/p>\n<p class=\"product-short-desc \" data-v-0dde63d0=\"\">Fermetures \u00e9clair invers\u00e9es de la m\u00eame couleur, avec prot\u00e8ge-menton et tirette de fermeture \u00e9clair.<br \/>\nDeux poches lat\u00e9rales avec fermetures \u00e9clair.<br \/>\nTaille et emmanchures \u00e9lastiqu\u00e9es.<br \/>\nDoublure int\u00e9rieure contrast\u00e9e.<br \/>\nV\u00eatement l\u00e9ger et pliable.<\/p>\n<p class=\"p1\"><b>Les tailles enfant sont disponibles <\/b>dans un choix de couleurs<i>(voir <\/i><b><i>d\u00e9tails<\/i><\/b>).<\/p>\n","protected":false},"featured_media":15033,"comment_status":"closed","ping_status":"closed","template":"","meta":[],"product_brand":[],"product_cat":[324,424,368,319],"product_tag":[],"class_list":{"0":"post-21007","1":"product","2":"type-product","3":"status-publish","4":"has-post-thumbnail","6":"product_cat-enfants","7":"product_cat-gilet-fr","8":"product_cat-lhomme","9":"product_cat-tous","11":"first","12":"instock","13":"featured","14":"shipping-taxable","15":"purchasable","16":"product-type-variable"},"_links":{"self":[{"href":"https:\/\/umbicap.com\/index.php?rest_route=\/wp\/v2\/product\/21007","targetHints":{"allow":["GET"]}}],"collection":[{"href":"https:\/\/umbicap.com\/index.php?rest_route=\/wp\/v2\/product"}],"about":[{"href":"https:\/\/umbicap.com\/index.php?rest_route=\/wp\/v2\/types\/product"}],"replies":[{"embeddable":true,"href":"https:\/\/umbicap.com\/index.php?rest_route=%2Fwp%2Fv2%2Fcomments&post=21007"}],"version-history":[{"count":1,"href":"https:\/\/umbicap.com\/index.php?rest_route=\/wp\/v2\/product\/21007\/revisions"}],"predecessor-version":[{"id":21036,"href":"https:\/\/umbicap.com\/index.php?rest_route=\/wp\/v2\/product\/21007\/revisions\/21036"}],"wp:featuredmedia":[{"embeddable":true,"href":"https:\/\/umbicap.com\/index.php?rest_route=\/wp\/v2\/media\/15033"}],"wp:attachment":[{"href":"https:\/\/umbicap.com\/index.php?rest_route=%2Fwp%2Fv2%2Fmedia&parent=21007"}],"wp:term":[{"taxonomy":"product_brand","embeddable":true,"href":"https:\/\/umbicap.com\/index.php?rest_route=%2Fwp%2Fv2%2Fproduct_brand&post=21007"},{"taxonomy":"product_cat","embeddable":true,"href":"https:\/\/umbicap.com\/index.php?rest_route=%2Fwp%2Fv2%2Fproduct_cat&post=21007"},{"taxonomy":"product_tag","embeddable":true,"href":"https:\/\/umbicap.com\/index.php?rest_route=%2Fwp%2Fv2%2Fproduct_tag&post=21007"}],"curies":[{"name":"wp","href":"https:\/\/api.w.org\/{rel}","templated":true}]}}