{"id":21081,"date":"2025-07-25T03:04:18","date_gmt":"2025-07-25T03:04:18","guid":{"rendered":"https:\/\/umbidesign.xyz\/?product=quebec-softshell-weste"},"modified":"2025-08-10T15:00:01","modified_gmt":"2025-08-10T15:00:01","slug":"quebec-softshell-weste","status":"publish","type":"product","link":"https:\/\/umbicap.com\/?produkt=quebec-softshell-weste&lang=de","title":{"rendered":"QUEBEC Softshell-Weste"},"content":{"rendered":"\t\t<div data-elementor-type=\"wp-post\" data-elementor-id=\"21081\" class=\"elementor elementor-21081 elementor-8804\">\n\t\t\t\t<div class=\"elementor-element elementor-element-386d97ed e-flex e-con-boxed e-con e-parent\" data-id=\"386d97ed\" data-element_type=\"container\">\n\t\t\t\t\t<div class=\"e-con-inner\">\n\t\t\t\t<div class=\"elementor-element elementor-element-50161d52 elementor-widget elementor-widget-text-editor\" data-id=\"50161d52\" data-element_type=\"widget\" data-widget_type=\"text-editor.default\">\n\t\t\t\t<div class=\"elementor-widget-container\">\n\t\t\t\t\t\t\t\t\t<p class=\"\" data-v-0dde63d0=\"\"><em>Modell:<\/em><br><em>Gr\u00f6\u00dfe M | H\u00f6he 182 cm<\/em><\/p><p class=\"composition-text\" data-v-0dde63d0=\"\">Material:<br>Zwei Lagen.<br>&#8211; Au\u00dfenseite: <strong>92% Polyester \/ 8% Elastan<\/strong>.<br>&#8211; Innenseite: <strong>100%<\/strong> extra-warmes <strong>mikro-polarisiertes Polyester<\/strong>.<br>&#8211; <strong>300 g\/m\u00b2<\/strong>.<\/p><p class=\"observation-text\" data-v-0dde63d0=\"\">Beachten Sie die Grenzen dieser Art von Stoffen und die Notwendigkeit, sie vor dem Verlaufen von Druckfarben zu sch\u00fctzen, wenn Sie sie personalisieren oder bedrucken.<\/p>\t\t\t\t\t\t\t\t<\/div>\n\t\t\t\t<\/div>\n\t\t\t\t\t<\/div>\n\t\t\t\t<\/div>\n\t\t\t\t<\/div>\n\t\t","protected":false},"excerpt":{"rendered":"<p class=\"product-short-desc \" data-v-0dde63d0=\"\"><strong>2-lagige Softshell-Weste.<\/strong><\/p>\n<p class=\"product-short-desc \" data-v-0dde63d0=\"\">Umgekehrter Rei\u00dfverschluss in der gleichen Farbe, mit Kinnschutz und Rei\u00dfverschlussabzieher.<br \/>\nInnenfutter aus Fleece. Au\u00dfentasche auf der rechten Brust mit Rei\u00dfverschluss und Rei\u00dfverschluss-Zieher.<br \/>\nZwei Au\u00dfentaschen mit Rei\u00dfverschluss und Rei\u00dfverschluss-Zieher.<br \/>\nBund mit elastischem Kordelzug und Verstellern. <\/p>\n","protected":false},"featured_media":14989,"comment_status":"closed","ping_status":"closed","template":"","meta":[],"product_brand":[],"product_cat":[320,372,376,429,405,400,421,422,420],"product_tag":[],"class_list":{"0":"post-21081","1":"product","2":"type-product","3":"status-publish","4":"has-post-thumbnail","6":"product_cat-alle","7":"product_cat-frau","8":"product_cat-mann","9":"product_cat-softshell-de","10":"product_cat-softshell","11":"product_cat-unisex-de","12":"product_cat-weste-de","13":"product_cat-weste-de-2","14":"product_cat-weste","16":"first","17":"instock","18":"featured","19":"shipping-taxable","20":"purchasable","21":"product-type-variable"},"_links":{"self":[{"href":"https:\/\/umbicap.com\/index.php?rest_route=\/wp\/v2\/product\/21081","targetHints":{"allow":["GET"]}}],"collection":[{"href":"https:\/\/umbicap.com\/index.php?rest_route=\/wp\/v2\/product"}],"about":[{"href":"https:\/\/umbicap.com\/index.php?rest_route=\/wp\/v2\/types\/product"}],"replies":[{"embeddable":true,"href":"https:\/\/umbicap.com\/index.php?rest_route=%2Fwp%2Fv2%2Fcomments&post=21081"}],"version-history":[{"count":1,"href":"https:\/\/umbicap.com\/index.php?rest_route=\/wp\/v2\/product\/21081\/revisions"}],"predecessor-version":[{"id":21087,"href":"https:\/\/umbicap.com\/index.php?rest_route=\/wp\/v2\/product\/21081\/revisions\/21087"}],"wp:featuredmedia":[{"embeddable":true,"href":"https:\/\/umbicap.com\/index.php?rest_route=\/wp\/v2\/media\/14989"}],"wp:attachment":[{"href":"https:\/\/umbicap.com\/index.php?rest_route=%2Fwp%2Fv2%2Fmedia&parent=21081"}],"wp:term":[{"taxonomy":"product_brand","embeddable":true,"href":"https:\/\/umbicap.com\/index.php?rest_route=%2Fwp%2Fv2%2Fproduct_brand&post=21081"},{"taxonomy":"product_cat","embeddable":true,"href":"https:\/\/umbicap.com\/index.php?rest_route=%2Fwp%2Fv2%2Fproduct_cat&post=21081"},{"taxonomy":"product_tag","embeddable":true,"href":"https:\/\/umbicap.com\/index.php?rest_route=%2Fwp%2Fv2%2Fproduct_tag&post=21081"}],"curies":[{"name":"wp","href":"https:\/\/api.w.org\/{rel}","templated":true}]}}