{"id":21088,"date":"2025-07-25T03:04:18","date_gmt":"2025-07-25T03:04:18","guid":{"rendered":"https:\/\/umbidesign.xyz\/?product=gilet-en-softshell-quebec"},"modified":"2025-08-10T14:55:57","modified_gmt":"2025-08-10T14:55:57","slug":"gilet-en-softshell-quebec","status":"publish","type":"product","link":"https:\/\/umbicap.com\/?produit=gilet-en-softshell-quebec&lang=fr","title":{"rendered":"Gilet en Softshell QUEBEC"},"content":{"rendered":"\t\t<div data-elementor-type=\"wp-post\" data-elementor-id=\"21088\" class=\"elementor elementor-21088 elementor-8804\">\n\t\t\t\t<div class=\"elementor-element elementor-element-386d97ed e-flex e-con-boxed e-con e-parent\" data-id=\"386d97ed\" data-element_type=\"container\">\n\t\t\t\t\t<div class=\"e-con-inner\">\n\t\t\t\t<div class=\"elementor-element elementor-element-50161d52 elementor-widget elementor-widget-text-editor\" data-id=\"50161d52\" data-element_type=\"widget\" data-widget_type=\"text-editor.default\">\n\t\t\t\t<div class=\"elementor-widget-container\">\n\t\t\t\t\t\t\t\t\t<p class=\"\" data-v-0dde63d0=\"\"><em>Mod\u00e8le :<\/em><br><em>Taille M | Taille 182 cm<\/em><\/p><p class=\"composition-text\" data-v-0dde63d0=\"\">Mati\u00e8re :<br>Deux couches.<br>&#8211; Ext\u00e9rieur : <strong>92% polyester \/ 8% \u00e9lasthanne<\/strong>.<br>&#8211; Int\u00e9rieur : <strong>100% polyester micro-polaris\u00e9<\/strong> extra-chaud.<br>&#8211; <strong>300 g\/m\u00b2<\/strong>.<\/p><p class=\"observation-text\" data-v-0dde63d0=\"\">Soyez conscient des limites de ce type de tissu et de la n\u00e9cessit\u00e9 de le prot\u00e9ger contre la migration des encres de conception lorsque vous le personnalisez ou l&#8217;imprimez.<\/p>\t\t\t\t\t\t\t\t<\/div>\n\t\t\t\t<\/div>\n\t\t\t\t\t<\/div>\n\t\t\t\t<\/div>\n\t\t\t\t<\/div>\n\t\t","protected":false},"excerpt":{"rendered":"<p class=\"product-short-desc \" data-v-0dde63d0=\"\"><strong>Gilet en soft shell 2 couches.<\/strong><\/p>\n<p class=\"product-short-desc \" data-v-0dde63d0=\"\">Fermeture \u00e9clair invers\u00e9e de la m\u00eame couleur, avec prot\u00e8ge-menton et tirette de fermeture \u00e9clair.<br \/>\nDoublure int\u00e9rieure en polaire. Poche ext\u00e9rieure sur la poitrine droite avec fermeture \u00e0 glissi\u00e8re ton sur ton et tirette.<br \/>\nDeux poches ext\u00e9rieures avec fermeture \u00e0 glissi\u00e8re ton sur ton et tirette.<br \/>\nCeinture avec cordon de serrage et ajustements \u00e9lastiques.<\/p>\n","protected":false},"featured_media":14988,"comment_status":"closed","ping_status":"closed","template":"","meta":[],"product_brand":[],"product_cat":[370,423,424,425,368,413,430,319,384],"product_tag":[],"class_list":{"0":"post-21088","1":"product","2":"type-product","3":"status-publish","4":"has-post-thumbnail","6":"product_cat-femme","7":"product_cat-gilet","8":"product_cat-gilet-fr","9":"product_cat-gilet-fr-2","10":"product_cat-lhomme","11":"product_cat-softshell-fr","12":"product_cat-softshell-fr-2","13":"product_cat-tous","14":"product_cat-unisexe","16":"first","17":"instock","18":"featured","19":"shipping-taxable","20":"purchasable","21":"product-type-variable"},"_links":{"self":[{"href":"https:\/\/umbicap.com\/index.php?rest_route=\/wp\/v2\/product\/21088","targetHints":{"allow":["GET"]}}],"collection":[{"href":"https:\/\/umbicap.com\/index.php?rest_route=\/wp\/v2\/product"}],"about":[{"href":"https:\/\/umbicap.com\/index.php?rest_route=\/wp\/v2\/types\/product"}],"replies":[{"embeddable":true,"href":"https:\/\/umbicap.com\/index.php?rest_route=%2Fwp%2Fv2%2Fcomments&post=21088"}],"version-history":[{"count":1,"href":"https:\/\/umbicap.com\/index.php?rest_route=\/wp\/v2\/product\/21088\/revisions"}],"predecessor-version":[{"id":21093,"href":"https:\/\/umbicap.com\/index.php?rest_route=\/wp\/v2\/product\/21088\/revisions\/21093"}],"wp:featuredmedia":[{"embeddable":true,"href":"https:\/\/umbicap.com\/index.php?rest_route=\/wp\/v2\/media\/14988"}],"wp:attachment":[{"href":"https:\/\/umbicap.com\/index.php?rest_route=%2Fwp%2Fv2%2Fmedia&parent=21088"}],"wp:term":[{"taxonomy":"product_brand","embeddable":true,"href":"https:\/\/umbicap.com\/index.php?rest_route=%2Fwp%2Fv2%2Fproduct_brand&post=21088"},{"taxonomy":"product_cat","embeddable":true,"href":"https:\/\/umbicap.com\/index.php?rest_route=%2Fwp%2Fv2%2Fproduct_cat&post=21088"},{"taxonomy":"product_tag","embeddable":true,"href":"https:\/\/umbicap.com\/index.php?rest_route=%2Fwp%2Fv2%2Fproduct_tag&post=21088"}],"curies":[{"name":"wp","href":"https:\/\/api.w.org\/{rel}","templated":true}]}}