{"id":21095,"date":"2025-07-25T15:34:46","date_gmt":"2025-07-25T15:34:46","guid":{"rendered":"https:\/\/umbidesign.xyz\/?product=nebraska-veste-softshell-pour-femme-6437"},"modified":"2025-08-10T14:55:57","modified_gmt":"2025-08-10T14:55:57","slug":"nebraska-veste-softshell-pour-femme-6437","status":"publish","type":"product","link":"https:\/\/umbicap.com\/?produit=nebraska-veste-softshell-pour-femme-6437&lang=fr","title":{"rendered":"NEBRASKA veste softshell pour femme 6437"},"content":{"rendered":"\t\t<div data-elementor-type=\"wp-post\" data-elementor-id=\"21095\" class=\"elementor elementor-21095 elementor-9003\">\n\t\t\t\t<div class=\"elementor-element elementor-element-386d97ed e-flex e-con-boxed e-con e-parent\" data-id=\"386d97ed\" data-element_type=\"container\">\n\t\t\t\t\t<div class=\"e-con-inner\">\n\t\t\t\t<div class=\"elementor-element elementor-element-50161d52 elementor-widget elementor-widget-text-editor\" data-id=\"50161d52\" data-element_type=\"widget\" data-widget_type=\"text-editor.default\">\n\t\t\t\t<div class=\"elementor-widget-container\">\n\t\t\t\t\t\t\t\t\t<p class=\"\" data-v-0dde63d0=\"\"><em>Mod\u00e8le :<\/em><br><em>Taille S | Taille 172 cm<\/em><\/p><p class=\"composition-text\" data-v-0dde63d0=\"\">Mati\u00e8re :<br>Deux couches.<br>&#8211; Ext\u00e9rieur : <strong>92% polyester \/ 8% \u00e9lasthanne.<\/strong><br>&#8211; Int\u00e9rieur : <strong>100% polyester micro-polaris\u00e9<\/strong> extra-chaud.<br>&#8211; <strong>300 g\/m\u00b2<\/strong>.<\/p><ul><li>R\u00e9sistant \u00e0 l&#8217;eau.<\/li><li>Tissu coupe-vent.<\/li><li>Double concept.<\/li><li>Soyez conscient des limites de ce type de tissu et de la n\u00e9cessit\u00e9 de le prot\u00e9ger contre la migration des encres de conception lorsque vous le personnalisez ou l&#8217;imprimez.<\/li><\/ul>\t\t\t\t\t\t\t\t<\/div>\n\t\t\t\t<\/div>\n\t\t\t\t\t<\/div>\n\t\t\t\t<\/div>\n\t\t\t\t<\/div>\n\t\t","protected":false},"excerpt":{"rendered":"<p class=\"product-short-desc \" data-v-0dde63d0=\"\"><strong>Coquille douce \u00e0 2 couches.<br \/>\n<\/strong>Int\u00e9rieur chaud en tissu micropolaire.<\/p>\n<p class=\"product-short-desc \" data-v-0dde63d0=\"\">Fermeture \u00e9clair centrale invers\u00e9e de la m\u00eame couleur, avec prot\u00e8ge-menton et tirette de fermeture \u00e9clair.<br \/>\nDeux poches lat\u00e9rales et une poche poitrine avec fermeture \u00e9clair.<br \/>\nPoignets r\u00e9glables par Velcro.<br \/>\nCeinture avec r\u00e9glages lat\u00e9raux int\u00e9rieurs.<\/p>\n","protected":false},"featured_media":15336,"comment_status":"closed","ping_status":"closed","template":"","meta":[],"product_brand":[],"product_cat":[370,430,319,385],"product_tag":[],"class_list":{"0":"post-21095","1":"product","2":"type-product","3":"status-publish","4":"has-post-thumbnail","6":"product_cat-femme","7":"product_cat-softshell-fr-2","8":"product_cat-tous","9":"product_cat-veste-fr-2","11":"first","12":"instock","13":"featured","14":"shipping-taxable","15":"purchasable","16":"product-type-variable"},"_links":{"self":[{"href":"https:\/\/umbicap.com\/index.php?rest_route=\/wp\/v2\/product\/21095","targetHints":{"allow":["GET"]}}],"collection":[{"href":"https:\/\/umbicap.com\/index.php?rest_route=\/wp\/v2\/product"}],"about":[{"href":"https:\/\/umbicap.com\/index.php?rest_route=\/wp\/v2\/types\/product"}],"replies":[{"embeddable":true,"href":"https:\/\/umbicap.com\/index.php?rest_route=%2Fwp%2Fv2%2Fcomments&post=21095"}],"version-history":[{"count":1,"href":"https:\/\/umbicap.com\/index.php?rest_route=\/wp\/v2\/product\/21095\/revisions"}],"predecessor-version":[{"id":21116,"href":"https:\/\/umbicap.com\/index.php?rest_route=\/wp\/v2\/product\/21095\/revisions\/21116"}],"wp:featuredmedia":[{"embeddable":true,"href":"https:\/\/umbicap.com\/index.php?rest_route=\/wp\/v2\/media\/15336"}],"wp:attachment":[{"href":"https:\/\/umbicap.com\/index.php?rest_route=%2Fwp%2Fv2%2Fmedia&parent=21095"}],"wp:term":[{"taxonomy":"product_brand","embeddable":true,"href":"https:\/\/umbicap.com\/index.php?rest_route=%2Fwp%2Fv2%2Fproduct_brand&post=21095"},{"taxonomy":"product_cat","embeddable":true,"href":"https:\/\/umbicap.com\/index.php?rest_route=%2Fwp%2Fv2%2Fproduct_cat&post=21095"},{"taxonomy":"product_tag","embeddable":true,"href":"https:\/\/umbicap.com\/index.php?rest_route=%2Fwp%2Fv2%2Fproduct_tag&post=21095"}],"curies":[{"name":"wp","href":"https:\/\/api.w.org\/{rel}","templated":true}]}}