{"id":21139,"date":"2025-07-25T15:47:57","date_gmt":"2025-07-25T15:47:57","guid":{"rendered":"https:\/\/umbidesign.xyz\/?product=antartida-softshell-jacke-6432"},"modified":"2025-08-10T15:00:01","modified_gmt":"2025-08-10T15:00:01","slug":"antartida-softshell-jacke-6432","status":"publish","type":"product","link":"https:\/\/umbicap.com\/?produkt=antartida-softshell-jacke-6432&lang=de","title":{"rendered":"ANTARTIDA Softshell-Jacke 6432"},"content":{"rendered":"\t\t<div data-elementor-type=\"wp-post\" data-elementor-id=\"21139\" class=\"elementor elementor-21139 elementor-9047\">\n\t\t\t\t<div class=\"elementor-element elementor-element-386d97ed e-flex e-con-boxed e-con e-parent\" data-id=\"386d97ed\" data-element_type=\"container\">\n\t\t\t\t\t<div class=\"e-con-inner\">\n\t\t\t\t<div class=\"elementor-element elementor-element-50161d52 elementor-widget elementor-widget-text-editor\" data-id=\"50161d52\" data-element_type=\"widget\" data-widget_type=\"text-editor.default\">\n\t\t\t\t<div class=\"elementor-widget-container\">\n\t\t\t\t\t\t\t\t\t<p class=\"\" data-v-0dde63d0=\"\"><em>Modell:<\/em><br><em>Gr\u00f6\u00dfe M | H\u00f6he 182 cm<\/em><\/p><p class=\"composition-text\" data-v-0dde63d0=\"\">Material:<br>Zwei Lagen.<br>&#8211; Au\u00dfenseite: <strong>92% Polyester \/ 8% Elastan<\/strong>.<br>&#8211; Innenseite: <strong>100%<\/strong> extra-warmes <strong>mikro-polarisiertes Polyester<\/strong>.<br>&#8211; <strong>300 g\/m\u00b2<\/strong>.<\/p><ul><li class=\"observation-text\">Reglan-\u00c4rmel. Nur Frauenmodell. <\/li><li class=\"observation-text\">Niederschlag 1.000 mm.<\/li><li class=\"observation-text\">Wasserfest.<\/li><li class=\"observation-text\">Winddichtes Gewebe.<\/li><li class=\"observation-text\">Doppeltes Konzept.<\/li><li class=\"observation-text\">Erh\u00e4ltlich in Kindergr\u00f6\u00dfen.<\/li><li class=\"observation-text\">Beachten Sie die Grenzen dieser Art von Stoffen und die Notwendigkeit, sie vor dem Verlaufen von Druckfarben zu sch\u00fctzen, wenn Sie sie personalisieren oder bedrucken.<br><br><\/li><li class=\"p1\"><b>Kindergr\u00f6\u00dfen in den folgenden Farben erh\u00e4ltlich:<\/b><br>Rot \/\/ Blau Navy \/\/ Schwarz<\/li><\/ul>\t\t\t\t\t\t\t\t<\/div>\n\t\t\t\t<\/div>\n\t\t\t\t\t<\/div>\n\t\t\t\t<\/div>\n\t\t\t\t<\/div>\n\t\t","protected":false},"excerpt":{"rendered":"<p class=\"product-short-desc \" data-v-0dde63d0=\"\"><strong>Soft Shell besteht aus 2 Schichten.<\/strong><\/p>\n<p class=\"product-short-desc \" data-v-0dde63d0=\"\">Umgekehrter Rei\u00dfverschluss.<br \/>\nVerschluss vorne oben (nur Herrenmodell).<br \/>\nDrei \u00e4u\u00dfere Rei\u00dfverschlusstaschen, mit Rei\u00dfverschluss-Puller passend zum Farbton der Jacke.<br \/>\nVerstellm\u00f6glichkeiten an den Manschetten mit Klettverschluss.<br \/>\nBund mit elastischem Kordelzug und Verstellm\u00f6glichkeiten.<\/p>\n<p class=\"p1\"><b>Kindergr\u00f6\u00dfen <\/b>in verschiedenen Farben <b>erh\u00e4ltlich <\/b><i>(siehe <\/i><b><i>Einzelheiten<\/i><\/b>).<\/p>\n","protected":false},"featured_media":15427,"comment_status":"closed","ping_status":"closed","template":"","meta":[],"product_brand":[],"product_cat":[320,399,332,376,405],"product_tag":[],"class_list":{"0":"post-21139","1":"product","2":"type-product","3":"status-publish","4":"has-post-thumbnail","6":"product_cat-alle","7":"product_cat-jacke-de-2","8":"product_cat-kinder","9":"product_cat-mann","10":"product_cat-softshell","12":"first","13":"instock","14":"featured","15":"shipping-taxable","16":"purchasable","17":"product-type-variable"},"_links":{"self":[{"href":"https:\/\/umbicap.com\/index.php?rest_route=\/wp\/v2\/product\/21139","targetHints":{"allow":["GET"]}}],"collection":[{"href":"https:\/\/umbicap.com\/index.php?rest_route=\/wp\/v2\/product"}],"about":[{"href":"https:\/\/umbicap.com\/index.php?rest_route=\/wp\/v2\/types\/product"}],"replies":[{"embeddable":true,"href":"https:\/\/umbicap.com\/index.php?rest_route=%2Fwp%2Fv2%2Fcomments&post=21139"}],"version-history":[{"count":1,"href":"https:\/\/umbicap.com\/index.php?rest_route=\/wp\/v2\/product\/21139\/revisions"}],"predecessor-version":[{"id":21156,"href":"https:\/\/umbicap.com\/index.php?rest_route=\/wp\/v2\/product\/21139\/revisions\/21156"}],"wp:featuredmedia":[{"embeddable":true,"href":"https:\/\/umbicap.com\/index.php?rest_route=\/wp\/v2\/media\/15427"}],"wp:attachment":[{"href":"https:\/\/umbicap.com\/index.php?rest_route=%2Fwp%2Fv2%2Fmedia&parent=21139"}],"wp:term":[{"taxonomy":"product_brand","embeddable":true,"href":"https:\/\/umbicap.com\/index.php?rest_route=%2Fwp%2Fv2%2Fproduct_brand&post=21139"},{"taxonomy":"product_cat","embeddable":true,"href":"https:\/\/umbicap.com\/index.php?rest_route=%2Fwp%2Fv2%2Fproduct_cat&post=21139"},{"taxonomy":"product_tag","embeddable":true,"href":"https:\/\/umbicap.com\/index.php?rest_route=%2Fwp%2Fv2%2Fproduct_tag&post=21139"}],"curies":[{"name":"wp","href":"https:\/\/api.w.org\/{rel}","templated":true}]}}